{"id":4448,"date":"2023-07-21T23:10:52","date_gmt":"2023-07-21T23:10:52","guid":{"rendered":"https:\/\/homebyvm.com\/produktas\/fotel-leone-kanaria-dluga-lekka-i-wygodna-lezanka-do-ogrodu\/"},"modified":"2024-12-23T13:31:51","modified_gmt":"2024-12-23T13:31:51","slug":"fotel-leone-kanaria-dluga-lekka-i-wygodna-lezanka-do-ogrodu","status":"publish","type":"product","link":"https:\/\/homebyvm.com\/lt\/produktas\/fotel-leone-kanaria-dluga-lekka-i-wygodna-lezanka-do-ogrodu\/","title":{"rendered":"\"Leone Kanaria\" fotelis | ilgas, lengvas ir patogus sodo gultas"},"content":{"rendered":"<p>Kurdami \"Leone\" model\u012f, \u012fkv\u0117pimo s\u0117m\u0117m\u0117s i\u0161 papl\u016bdimio gult\u0173. Nor\u0117jome sukurti bald\u0105, kuris b\u016bt\u0173 lengvas ir funkcionalus, patogus ir stilingas. B\u016btent toks ir yra \"Leone Kanaria\" fotelis. Polistireno granuli\u0173 pavidalo u\u017epildas ne tik suteikia pufui lengvumo, bet ir labai gerai izoliuoja j\u012f nuo \u017eem\u0117s. M\u016bs\u0173 \u0161ezlongas turi prakti\u0161k\u0105 ranken\u0105 ne\u0161iojimui ir \u0161onines ki\u0161enes, tod\u0117l labai pravers papl\u016bdimyje ir prie baseino. Pateiktas modelis yra 100 cm ilgio ir suformuotas taip, kad poilsis lauke b\u016bt\u0173 kuo patogesnis. Stilius, elegancija ir dizainas - tai neatsiejamos \u0161io gulto savyb\u0117s. Sud\u0117tingos dygsni\u0173 ir si\u016bli\u0173 detal\u0117s suteikia \u0161iam pufui unikali\u0105 i\u0161vaizd\u0105.<br \/>\nFotelis prie baseino, ant sm\u0117lio, po med\u017eiu - \u0161i med\u017eiaga \u012fsp\u016bdinga!<br \/>\n\u0160ezlongas papl\u016bdimiui, baseinui ar renginiui lauke. Prek\u0117s \u017eenklo \"Pufy.pl\" pufus ir fotelius u\u017esako ir individual\u016bs, ir verslo klientai. Ypa\u010d lauko baldai naudojami baseinams, papl\u016bdimiams, vie\u0161bu\u010di\u0173 sodams ir poilsio zonoms lauko renginiuose \u012frengti. B\u016btent tod\u0117l mums labai svarbi auk\u0161ta atlikimo kokyb\u0117. \u0160iuo atveju naudojome Kanaria audin\u012f, kuris, i\u0161laikydamas gra\u017eias, intensyvias spalvas, nepraranda atsparumo i\u0161or\u0117s s\u0105lygoms, t. y. vandeniui, saulei, dulk\u0117ms, purvui, ugniai. \u0160is audinys nesudr\u0117ksta, nedega, nesida\u017eo ir neblunka veikiamas saul\u0117s spinduli\u0173.<br \/>\nMed\u017eiagos savyb\u0117s<\/p>","protected":false},"excerpt":{"rendered":"<p>Projektuj\u0105c model Leone inspirowali\u015bmy si\u0119 pla\u017cowymi le\u017cakami. Pragn\u0119li\u015bmy stworzy\u0107 mebel, kt\u00f3ry b\u0119dzie r\u00f3wnie lekki i funkcjonalny, co wygodny i stylowy. I taki w\u0142a\u015bnie jest fotel Leone Kanaria. Zastosowanie wype\u0142nienia w postaci styropianowego granulatu nie tylko nadaje pufie lekko\u015bci, ale bardzo dobrze izoluje od pod\u0142o\u017ca. Nasz szezlong wyposa\u017cony jest w praktyczny uchwyt do przenoszenia oraz boczne [&hellip;]<\/p>\n","protected":false},"featured_media":2528,"comment_status":"closed","ping_status":"open","template":"","meta":{"_kad_blocks_custom_css":"","_kad_blocks_head_custom_js":"","_kad_blocks_body_custom_js":"","_kad_blocks_footer_custom_js":""},"product_brand":[],"product_cat":[28,31],"product_tag":[],"class_list":{"0":"post-4448","1":"product","2":"type-product","3":"status-publish","4":"has-post-thumbnail","6":"product_cat-pufy","7":"product_cat-pufy-na-zewnatrz","8":"wcpa_has_options","10":"first","11":"instock","12":"purchasable","13":"product-type-simple"},"taxonomy_info":{"product_cat":[{"value":28,"label":"Pufy"},{"value":31,"label":"Pufy na zewn\u0105trz"}]},"featured_image_src_large":["https:\/\/homebyvm.com\/wp-content\/uploads\/2023\/07\/export-12-1024x1024.jpg",1024,1024,true],"author_info":[],"comment_info":0,"_links":{"self":[{"href":"https:\/\/homebyvm.com\/lt\/wp-json\/wp\/v2\/product\/4448","targetHints":{"allow":["GET"]}}],"collection":[{"href":"https:\/\/homebyvm.com\/lt\/wp-json\/wp\/v2\/product"}],"about":[{"href":"https:\/\/homebyvm.com\/lt\/wp-json\/wp\/v2\/types\/product"}],"replies":[{"embeddable":true,"href":"https:\/\/homebyvm.com\/lt\/wp-json\/wp\/v2\/comments?post=4448"}],"wp:featuredmedia":[{"embeddable":true,"href":"https:\/\/homebyvm.com\/lt\/wp-json\/wp\/v2\/media\/2528"}],"wp:attachment":[{"href":"https:\/\/homebyvm.com\/lt\/wp-json\/wp\/v2\/media?parent=4448"}],"wp:term":[{"taxonomy":"product_brand","embeddable":true,"href":"https:\/\/homebyvm.com\/lt\/wp-json\/wp\/v2\/product_brand?post=4448"},{"taxonomy":"product_cat","embeddable":true,"href":"https:\/\/homebyvm.com\/lt\/wp-json\/wp\/v2\/product_cat?post=4448"},{"taxonomy":"product_tag","embeddable":true,"href":"https:\/\/homebyvm.com\/lt\/wp-json\/wp\/v2\/product_tag?post=4448"}],"curies":[{"name":"wp","href":"https:\/\/api.w.org\/{rel}","templated":true}]}}