{"id":4449,"date":"2023-07-21T23:10:52","date_gmt":"2023-07-21T23:10:52","guid":{"rendered":"https:\/\/homebyvm.com\/produktas\/flavio-modern\/"},"modified":"2024-12-23T13:31:51","modified_gmt":"2024-12-23T13:31:51","slug":"flavio-modern","status":"publish","type":"product","link":"https:\/\/homebyvm.com\/lt\/produktas\/flavio-modern\/","title":{"rendered":"Flavio Modern"},"content":{"rendered":"<p>Pristatome sensacing\u0105 modern\u0173j\u012f fotel\u012f \"Flavio\" - puik\u0173 komforto ir stiliaus derin\u012f j\u016bs\u0173 erdvei. \u0160iame naujovi\u0161kame fotelio fotelio modelyje dera tradicinio fotelio jaukumas ir patvarumas, reikalingas naudoti lauke. Nauj\u0173 ra\u0161t\u0173 ir dizaino fotelis neabejotinai taps bet kurios terasos ar sodo akcentu. fotelio s\u0117dyn\u0117 u\u017epildyta auk\u0161tos kokyb\u0117s granuli\u0173, suteikian\u010di\u0173 prabangaus s\u0117d\u0117jimo poj\u016bt\u012f. \u0160is u\u017epildas prisitaiko prie k\u016bno, suteikdamas optimali\u0105 atram\u0105 ir komfort\u0105 ilsintis lauke. be stilingo dizaino, kr\u0117slas turi prakti\u0161k\u0105 ki\u0161en\u0119 ir ranken\u0105. Ki\u0161en\u0117je, patogiai \u012frengtoje fotelio \u0161one, patogu laikyti tokius daiktus kaip knygos, \u017eurnalai ar m\u0117gstami lauko aksesuarai. Visk\u0105, ko reikia, gal\u0117site lengvai pasiekti neaukojant patogumo. rankena, esanti s\u0117dyn\u0117s gale, suteikia dar vien\u0105 patogumo aspekt\u0105. J\u0105 galima lengvai perkelti, tod\u0117l k\u0117d\u0119 be vargo perne\u0161ite \u012f \u012fvairias lauko vietas. Nesvarbu, ar norite sekti \u0161e\u0161\u0117l\u012f, ar pakeisti s\u0117d\u0117jimo viet\u0105, d\u0117l rankenos s\u0117dyn\u0119 transportuoti bus paprasta.<\/p>","protected":false},"excerpt":{"rendered":"<p>Przedstawiamy rewelacyjny fotel Flavio Modern, idealne po\u0142\u0105czenie komfortu i stylu dla Twojej przestrzeni. Ten innowacyjny fotel \u0142\u0105czy w sobie przytulno\u015b\u0107 tradycyjnego fotela z trwa\u0142o\u015bci\u0105 wymagan\u0105 do u\u017cytku na zewn\u0105trz. Dzi\u0119ki nowym wzorom i designowi z pewno\u015bci\u0105 stanie si\u0119 centralnym punktem ka\u017cdego patio lub ogrodu.Siedzisko fotela jest wype\u0142nione wysokiej jako\u015bci granulatem, zapewniaj\u0105c luksusowe doznania podczas siedzenia. [&hellip;]<\/p>\n","protected":false},"featured_media":2669,"comment_status":"closed","ping_status":"open","template":"","meta":{"_kad_blocks_custom_css":"","_kad_blocks_head_custom_js":"","_kad_blocks_body_custom_js":"","_kad_blocks_footer_custom_js":""},"product_brand":[],"product_cat":[28,31],"product_tag":[],"class_list":{"0":"post-4449","1":"product","2":"type-product","3":"status-publish","4":"has-post-thumbnail","6":"product_cat-pufy","7":"product_cat-pufy-na-zewnatrz","8":"wcpa_has_options","10":"first","11":"instock","12":"purchasable","13":"product-type-simple"},"taxonomy_info":{"product_cat":[{"value":28,"label":"Pufy"},{"value":31,"label":"Pufy na zewn\u0105trz"}]},"featured_image_src_large":["https:\/\/homebyvm.com\/wp-content\/uploads\/2023\/07\/export-24-1024x1024.jpg",1024,1024,true],"author_info":[],"comment_info":0,"_links":{"self":[{"href":"https:\/\/homebyvm.com\/lt\/wp-json\/wp\/v2\/product\/4449","targetHints":{"allow":["GET"]}}],"collection":[{"href":"https:\/\/homebyvm.com\/lt\/wp-json\/wp\/v2\/product"}],"about":[{"href":"https:\/\/homebyvm.com\/lt\/wp-json\/wp\/v2\/types\/product"}],"replies":[{"embeddable":true,"href":"https:\/\/homebyvm.com\/lt\/wp-json\/wp\/v2\/comments?post=4449"}],"wp:featuredmedia":[{"embeddable":true,"href":"https:\/\/homebyvm.com\/lt\/wp-json\/wp\/v2\/media\/2669"}],"wp:attachment":[{"href":"https:\/\/homebyvm.com\/lt\/wp-json\/wp\/v2\/media?parent=4449"}],"wp:term":[{"taxonomy":"product_brand","embeddable":true,"href":"https:\/\/homebyvm.com\/lt\/wp-json\/wp\/v2\/product_brand?post=4449"},{"taxonomy":"product_cat","embeddable":true,"href":"https:\/\/homebyvm.com\/lt\/wp-json\/wp\/v2\/product_cat?post=4449"},{"taxonomy":"product_tag","embeddable":true,"href":"https:\/\/homebyvm.com\/lt\/wp-json\/wp\/v2\/product_tag?post=4449"}],"curies":[{"name":"wp","href":"https:\/\/api.w.org\/{rel}","templated":true}]}}