{"id":4451,"date":"2023-07-21T23:10:52","date_gmt":"2023-07-21T23:10:52","guid":{"rendered":"https:\/\/homebyvm.com\/produktas\/worek-mega-sako-modern-poliester\/"},"modified":"2024-12-23T13:31:51","modified_gmt":"2024-12-23T13:31:51","slug":"worek-mega-sako-modern-poliester","status":"publish","type":"product","link":"https:\/\/homebyvm.com\/lt\/produktas\/worek-mega-sako-modern-poliester\/","title":{"rendered":"Mega Sako krep\u0161ys Modernus poliesteris"},"content":{"rendered":"<p>DG46, DG47, DG48, DG49, DG50, DG51, DG52, DG54, DG57, DG59 dizainai turi vidinius dangtelius.<br \/>\nDizainai DG77 - DG80 taip pat turi ranken\u0105.SAKO MODERN MEGA PUFA<br \/>\nPatog\u016bs baldai namuose, sode, terasoje ar vie\u0161osiose erdv\u0117se - tai tikra b\u016btinyb\u0117. Tinkamai parinkti mink\u0161tasuoliai ar pufai gali suteikti maksimal\u0173 komfort\u0105 ir d\u0117l savo unikalaus dizaino papildyti daugelio interjer\u0173 interjer\u0105. Verta statyti ant patikrint\u0173, auk\u0161\u010diausios kokyb\u0117s gamini\u0173, kurie bus investicija ilgiems metams, tod\u0117l gal\u0117site jais d\u017eiaugtis tiek, kiek nor\u0117site. Modernus poliesterio krep\u0161ys \"Mega Sako\" yra vienas i\u0161 toki\u0173 bald\u0173. Auk\u0161\u010diausios kokyb\u0117s apdirbimas ir nepaprastas dizainas - tai savyb\u0117s, kurios neabejotinai lemia jo s\u0117km\u0119 rinkoje. Verta pamin\u0117ti, kad jis pagamintas i\u0161 audinio, kuris turi reikiamus patvirtinimus ir nesukelia alergini\u0173 reakcij\u0173. Galite b\u016bti tikri, kad j\u016bs\u0173 vaiko kontaktas su jos pavir\u0161iumi yra visi\u0161kai saugus.<br \/>\nPer\u017ei\u016br\u0117kite ir kitus m\u016bs\u0173 pasi\u016blymus ir i\u0161 j\u0173 i\u0161sirinkite gamin\u012f, kuris geriausiai atitinka j\u016bs\u0173 skon\u012f ir j\u016bs\u0173 \u012frengiamo kambario dizain\u0105. Prisijunkite prie m\u016bs\u0173 patenkint\u0173 klient\u0173 rato!<br \/>\nMed\u017eiagos savyb\u0117s<\/p>","protected":false},"excerpt":{"rendered":"<p>Wzory DG46, DG47, DG48, DG49, DG50, DG51, DG52, DG54, DG57, DG59 posiadaj\u0105 wewn\u0119trzne pokrowce. Wzory DG77 &#8211; DG80 posiadaj\u0105 r\u00f3wnie\u017c uchwyt.PUFA MEGA SAKO MODERN Wygodne meble w domu, ogrodzie, na tarasie czy w miejscach publicznych to prawdziwy must have. Odpowiednio dobrane mi\u0119kkie fotele czy pufy potrafi\u0105 zapewni\u0107 maksimum komfortu i dzi\u0119ki swojemu nietuzinkowemu designowi dope\u0142ni\u0107 [&hellip;]<\/p>\n","protected":false},"featured_media":2672,"comment_status":"closed","ping_status":"open","template":"","meta":{"_kad_blocks_custom_css":"","_kad_blocks_head_custom_js":"","_kad_blocks_body_custom_js":"","_kad_blocks_footer_custom_js":""},"product_brand":[],"product_cat":[32],"product_tag":[],"class_list":{"0":"post-4451","1":"product","2":"type-product","3":"status-publish","4":"has-post-thumbnail","6":"product_cat-worki-sako","7":"wcpa_has_options","9":"first","10":"instock","11":"purchasable","12":"product-type-simple"},"taxonomy_info":{"product_cat":[{"value":32,"label":"Worki Sako"}]},"featured_image_src_large":["https:\/\/homebyvm.com\/wp-content\/uploads\/2023\/07\/export-27-1024x1024.jpg",1024,1024,true],"author_info":[],"comment_info":0,"_links":{"self":[{"href":"https:\/\/homebyvm.com\/lt\/wp-json\/wp\/v2\/product\/4451","targetHints":{"allow":["GET"]}}],"collection":[{"href":"https:\/\/homebyvm.com\/lt\/wp-json\/wp\/v2\/product"}],"about":[{"href":"https:\/\/homebyvm.com\/lt\/wp-json\/wp\/v2\/types\/product"}],"replies":[{"embeddable":true,"href":"https:\/\/homebyvm.com\/lt\/wp-json\/wp\/v2\/comments?post=4451"}],"wp:featuredmedia":[{"embeddable":true,"href":"https:\/\/homebyvm.com\/lt\/wp-json\/wp\/v2\/media\/2672"}],"wp:attachment":[{"href":"https:\/\/homebyvm.com\/lt\/wp-json\/wp\/v2\/media?parent=4451"}],"wp:term":[{"taxonomy":"product_brand","embeddable":true,"href":"https:\/\/homebyvm.com\/lt\/wp-json\/wp\/v2\/product_brand?post=4451"},{"taxonomy":"product_cat","embeddable":true,"href":"https:\/\/homebyvm.com\/lt\/wp-json\/wp\/v2\/product_cat?post=4451"},{"taxonomy":"product_tag","embeddable":true,"href":"https:\/\/homebyvm.com\/lt\/wp-json\/wp\/v2\/product_tag?post=4451"}],"curies":[{"name":"wp","href":"https:\/\/api.w.org\/{rel}","templated":true}]}}