{"id":4452,"date":"2023-07-21T23:10:52","date_gmt":"2023-07-21T23:10:52","guid":{"rendered":"https:\/\/homebyvm.com\/produktas\/pufa-fuzzy-ekoskora\/"},"modified":"2024-12-23T13:31:51","modified_gmt":"2024-12-23T13:31:51","slug":"pufa-fuzzy-ekoskora","status":"publish","type":"product","link":"https:\/\/homebyvm.com\/lt\/produktas\/pufa-fuzzy-ekoskora\/","title":{"rendered":"\"Fuzzy Eco leather\" pufas"},"content":{"rendered":"<p>FUZZY EKO ODOS PUFAS<br \/>\n\"Fuzzy\" pufas u\u017etikrina auk\u0161\u010diausio lygio atsipalaidavim\u0105 jums ir j\u016bs\u0173 artimiesiems. Tai ne tik patogus ir prakti\u0161kas baldas, bet ir \u012fdomus bei originalus interjero aksesuaras, kuris suteiks j\u016bs\u0173 namams charakterio. Jis pravers svetain\u0117je, miegamajame ir vaik\u0173 kambaryje. \u0160io tipo relaksaciniai baldai taip pat s\u0117kmingai naudojami vaik\u0173 dar\u017eeliuose ir lop\u0161eliuose, taip pat \u012fmoni\u0173 socialin\u0117se erdv\u0117se. Pufas \"Fuzzy\" taip pat gali b\u016bti puiki dovana.<br \/>\n\"Fuzzy\" mai\u0161elis turi platesn\u012f pagrind\u0105 nei \"Sako\" mai\u0161elis, kad b\u016bt\u0173 dar patogiau. Ekologi\u0161kos odos model\u012f galima rinktis ry\u0161ki\u0173 arba prislopint\u0173 spalv\u0173. Mink\u0161tas u\u017epildas i\u0161 polistireno granuli\u0173 ir mink\u0161ti baldo kra\u0161tai u\u017etikrina vaik\u0173 saugum\u0105. Krep\u0161ys yra mink\u0161tas ir elastingas bei itin lengvas, tod\u0117l u\u017etikrina jo mobilum\u0105. Jo panaudojimo id\u0117jos priklauso nuo j\u016bs\u0173 fantazijos. Jis puikiai tiks kaip gultas ar fotelis, taip pat puikiai papildys bet kur\u012f modern\u0173 svetain\u0117s komplekt\u0105.<br \/>\nMed\u017eiagos savyb\u0117s<\/p>","protected":false},"excerpt":{"rendered":"<p>PUFA FUZZY EKOSK\u00d3RA Pufa Fuzzy gwarantuje najwy\u017cszy poziom wypoczynku Tobie i Twoim najbli\u017cszym. Jest nie tylko wygodnym i praktycznym meblem, ale tak\u017ce ciekawym i oryginalnym wyposa\u017ceniem wn\u0119trza, kt\u00f3re nada Twojemu mieszkaniu charakteru. Sprawdzi si\u0119 w salonie, sypialni oraz pokoju dzieci\u0119cym. Tego rodzaju meble relaksacyjne z powodzeniem wykorzystywane s\u0105 te\u017c w \u017c\u0142obkach i przedszkolach oraz firmowych [&hellip;]<\/p>\n","protected":false},"featured_media":1526,"comment_status":"closed","ping_status":"open","template":"","meta":{"_kad_blocks_custom_css":"","_kad_blocks_head_custom_js":"","_kad_blocks_body_custom_js":"","_kad_blocks_footer_custom_js":""},"product_brand":[],"product_cat":[32],"product_tag":[],"class_list":{"0":"post-4452","1":"product","2":"type-product","3":"status-publish","4":"has-post-thumbnail","6":"product_cat-worki-sako","7":"wcpa_has_options","9":"first","10":"instock","11":"purchasable","12":"product-type-simple"},"taxonomy_info":{"product_cat":[{"value":32,"label":"Worki Sako"}]},"featured_image_src_large":["https:\/\/homebyvm.com\/wp-content\/uploads\/2023\/05\/export-640-1024x1024.jpg",1024,1024,true],"author_info":[],"comment_info":0,"_links":{"self":[{"href":"https:\/\/homebyvm.com\/lt\/wp-json\/wp\/v2\/product\/4452","targetHints":{"allow":["GET"]}}],"collection":[{"href":"https:\/\/homebyvm.com\/lt\/wp-json\/wp\/v2\/product"}],"about":[{"href":"https:\/\/homebyvm.com\/lt\/wp-json\/wp\/v2\/types\/product"}],"replies":[{"embeddable":true,"href":"https:\/\/homebyvm.com\/lt\/wp-json\/wp\/v2\/comments?post=4452"}],"wp:featuredmedia":[{"embeddable":true,"href":"https:\/\/homebyvm.com\/lt\/wp-json\/wp\/v2\/media\/1526"}],"wp:attachment":[{"href":"https:\/\/homebyvm.com\/lt\/wp-json\/wp\/v2\/media?parent=4452"}],"wp:term":[{"taxonomy":"product_brand","embeddable":true,"href":"https:\/\/homebyvm.com\/lt\/wp-json\/wp\/v2\/product_brand?post=4452"},{"taxonomy":"product_cat","embeddable":true,"href":"https:\/\/homebyvm.com\/lt\/wp-json\/wp\/v2\/product_cat?post=4452"},{"taxonomy":"product_tag","embeddable":true,"href":"https:\/\/homebyvm.com\/lt\/wp-json\/wp\/v2\/product_tag?post=4452"}],"curies":[{"name":"wp","href":"https:\/\/api.w.org\/{rel}","templated":true}]}}