{"id":4453,"date":"2023-07-21T23:10:52","date_gmt":"2023-07-21T23:10:52","guid":{"rendered":"https:\/\/homebyvm.com\/produktas\/pufa-fuzzy-amore-plusz\/"},"modified":"2023-12-06T21:09:33","modified_gmt":"2023-12-06T21:09:33","slug":"pufa-fuzzy-amore-plusz","status":"publish","type":"product","link":"https:\/\/homebyvm.com\/lt\/produktas\/pufa-fuzzy-amore-plusz\/","title":{"rendered":"Fuzzy Amore Pliu\u0161inis pufas"},"content":{"rendered":"<p>P\u016aKUOTAS PLIU\u0160INIS PUFAS<br \/>\nTikriausiai niekas n\u0117ra didesnis komforto ir patogumo sinonimas nei m\u016bs\u0173 pufas \"Fuzzy Amore Plush\". Vos kart\u0105 ant jo atsis\u0117d\u0119, i\u0161kart j\u012f \u012fsimyl\u0117site! Itin aksomin\u0117 ir maloni liesti pliu\u0161in\u0117 med\u017eiaga ir didelis \u0161io modelio dydis paver\u010dia j\u012f puikiu poilsiui skirtu baldu. \u0160is modelis toks ne\u012ftik\u0117tinai patogus, kad nuo jo bus sunku pakilti. Rinkit\u0117s \"Fuzzy Amore Plush\" puf\u0105 ir \u012fsitikinkite tuo patys!<br \/>\n\"Fuzzy Amore\" pufas yra ne tik patogus fotelis, bet ir stilingas j\u016bs\u0173 gyvenamosios erdv\u0117s priedas. O gal tiesiog puo\u0161iate savo biuro erdv\u0119 ar kavin\u0119? Jei taip, \u0161is modelis bus puikus pasirinkimas! Auk\u0161\u010diausio lygio komfortas ir modernus, ta\u010diau paprastas dizainas - tai savyb\u0117s, d\u0117l kuri\u0173 \u0161\u012f puf\u0105 tiesiog b\u016btina tur\u0117ti! \u0160\u012f fotel\u012f rasite net 15 spalv\u0173 variant\u0173 - tikrai rasite spalv\u0105, kuri puikiai der\u0117s prie j\u016bs\u0173 interjero. Pasitik\u0117kite auk\u0161\u010diausia gamintojo garantuojama kokybe ir rinkit\u0117s gaminius i\u0161 homebyvm.com parduotuv\u0117s!<br \/>\nMed\u017eiagos savyb\u0117s<\/p>","protected":false},"excerpt":{"rendered":"<p>PUFA FUZZY PLUSZ Chyba nie ma nic, co by\u0142oby wi\u0119kszym synonimem komfortu i wygody, ni\u017c nasza pufa Fuzzy Amore Plusz. Jak tylko raz na niej usi\u0105dziesz, to od razu si\u0119 w niej zakochasz! Niezwykle aksamitny i przyjemny w dotyku pluszowy materia\u0142 oraz du\u017ce rozmiary tego modelu sprawiaj\u0105, \u017ce jest to mebel idealny do wypoczynku. Ten [&hellip;]<\/p>\n","protected":false},"featured_media":1529,"comment_status":"closed","ping_status":"closed","template":"","meta":{"_kad_blocks_custom_css":"","_kad_blocks_head_custom_js":"","_kad_blocks_body_custom_js":"","_kad_blocks_footer_custom_js":""},"product_brand":[],"product_cat":[32],"product_tag":[],"class_list":{"0":"post-4453","1":"product","2":"type-product","3":"status-publish","4":"has-post-thumbnail","6":"product_cat-worki-sako","7":"wcpa_has_options","9":"first","10":"outofstock","11":"purchasable","12":"product-type-simple"},"taxonomy_info":{"product_cat":[{"value":32,"label":"Worki Sako"}]},"featured_image_src_large":["https:\/\/homebyvm.com\/wp-content\/uploads\/2023\/05\/export-643-1024x1024.jpg",1024,1024,true],"author_info":[],"comment_info":0,"_links":{"self":[{"href":"https:\/\/homebyvm.com\/lt\/wp-json\/wp\/v2\/product\/4453","targetHints":{"allow":["GET"]}}],"collection":[{"href":"https:\/\/homebyvm.com\/lt\/wp-json\/wp\/v2\/product"}],"about":[{"href":"https:\/\/homebyvm.com\/lt\/wp-json\/wp\/v2\/types\/product"}],"replies":[{"embeddable":true,"href":"https:\/\/homebyvm.com\/lt\/wp-json\/wp\/v2\/comments?post=4453"}],"wp:featuredmedia":[{"embeddable":true,"href":"https:\/\/homebyvm.com\/lt\/wp-json\/wp\/v2\/media\/1529"}],"wp:attachment":[{"href":"https:\/\/homebyvm.com\/lt\/wp-json\/wp\/v2\/media?parent=4453"}],"wp:term":[{"taxonomy":"product_brand","embeddable":true,"href":"https:\/\/homebyvm.com\/lt\/wp-json\/wp\/v2\/product_brand?post=4453"},{"taxonomy":"product_cat","embeddable":true,"href":"https:\/\/homebyvm.com\/lt\/wp-json\/wp\/v2\/product_cat?post=4453"},{"taxonomy":"product_tag","embeddable":true,"href":"https:\/\/homebyvm.com\/lt\/wp-json\/wp\/v2\/product_tag?post=4453"}],"curies":[{"name":"wp","href":"https:\/\/api.w.org\/{rel}","templated":true}]}}