{"id":4458,"date":"2023-07-21T23:10:52","date_gmt":"2023-07-21T23:10:52","guid":{"rendered":"https:\/\/homebyvm.com\/produktas\/worek-giga-sako-poliester-design\/"},"modified":"2023-12-06T21:09:33","modified_gmt":"2023-12-06T21:09:33","slug":"worek-giga-sako-poliester-design","status":"publish","type":"product","link":"https:\/\/homebyvm.com\/lt\/produktas\/worek-giga-sako-poliester-design\/","title":{"rendered":"Giga Sako krep\u0161ys Poliesterio dizainas"},"content":{"rendered":"<p>\"Giga Sako\" krep\u0161ys<br \/>\nNiekam nereikia \u012frodin\u0117ti, kad \"Sako\" pufai yra \"Sako poufs\". Jie patog\u016bs, plasti\u0161ki ir u\u017etikrina itin efektyv\u0173 poils\u012f. O dabar \u012fsivaizduokite \u0161iuos privalumus dar didesniame matmenyje. B\u016btent toks yra \"Giga Sako\" pufas - did\u017eiausias m\u016bs\u0173 asortimente, kurio matmenys yra 100 \u00d7 140 cm. Tai rei\u0161kia, kad ant jo gali s\u0117d\u0117ti net auk\u0161ti \u017emon\u0117s. Ant tokio tipo s\u0117dyn\u0117s galite s\u0117d\u0117ti arba u\u017eimti pusiau gulim\u0105 pad\u0117t\u012f. Esant bet kokiai k\u016bno pad\u0117\u010diai, jis puikiai palaiko stubur\u0105, tod\u0117l galite visi\u0161kai atsipalaiduoti. Giga Sako krep\u0161ys taip pat suteikia didesn\u012f \u017eaidimo pavir\u0161i\u0173 vaikams. Jo u\u017evalkalas pagamintas i\u0161 mading\u0173 ir \u012fdomi\u0173 ra\u0161t\u0173 poliesterio. Galite rinktis i\u0161 ta\u0161keli\u0173, g\u0117li\u0173 ar moro ra\u0161t\u0173.<br \/>\nMed\u017eiagos savyb\u0117s<\/p>","protected":false},"excerpt":{"rendered":"<p>Worek Giga Sako Do puf Sako nie trzeba nikogo przekonywa\u0107. S\u0105 wygodne, plastyczne i zapewniaj\u0105 wyj\u0105tkowo efektywny wypoczynek. Teraz wyobra\u017a sobie te zalety w jeszcze wi\u0119kszym wymiarze. Taki w\u0142a\u015bnie jest Worek Giga Sako &#8211; najwi\u0119kszy z naszej oferty, kt\u00f3ry posiada wymiary 100 na 140 centymetr\u00f3w. Dzi\u0119ki temu mog\u0105 si\u0119 na nim rozsi\u0105\u015b\u0107 nawet wysokie osoby. [&hellip;]<\/p>\n","protected":false},"featured_media":1544,"comment_status":"closed","ping_status":"open","template":"","meta":{"_kad_blocks_custom_css":"","_kad_blocks_head_custom_js":"","_kad_blocks_body_custom_js":"","_kad_blocks_footer_custom_js":""},"product_brand":[],"product_cat":[32],"product_tag":[],"class_list":{"0":"post-4458","1":"product","2":"type-product","3":"status-publish","4":"has-post-thumbnail","6":"product_cat-worki-sako","7":"wcpa_has_options","9":"first","10":"outofstock","11":"purchasable","12":"product-type-simple"},"taxonomy_info":{"product_cat":[{"value":32,"label":"Worki Sako"}]},"featured_image_src_large":["https:\/\/homebyvm.com\/wp-content\/uploads\/2023\/05\/export-658-1024x1024.jpg",1024,1024,true],"author_info":[],"comment_info":0,"_links":{"self":[{"href":"https:\/\/homebyvm.com\/lt\/wp-json\/wp\/v2\/product\/4458","targetHints":{"allow":["GET"]}}],"collection":[{"href":"https:\/\/homebyvm.com\/lt\/wp-json\/wp\/v2\/product"}],"about":[{"href":"https:\/\/homebyvm.com\/lt\/wp-json\/wp\/v2\/types\/product"}],"replies":[{"embeddable":true,"href":"https:\/\/homebyvm.com\/lt\/wp-json\/wp\/v2\/comments?post=4458"}],"wp:featuredmedia":[{"embeddable":true,"href":"https:\/\/homebyvm.com\/lt\/wp-json\/wp\/v2\/media\/1544"}],"wp:attachment":[{"href":"https:\/\/homebyvm.com\/lt\/wp-json\/wp\/v2\/media?parent=4458"}],"wp:term":[{"taxonomy":"product_brand","embeddable":true,"href":"https:\/\/homebyvm.com\/lt\/wp-json\/wp\/v2\/product_brand?post=4458"},{"taxonomy":"product_cat","embeddable":true,"href":"https:\/\/homebyvm.com\/lt\/wp-json\/wp\/v2\/product_cat?post=4458"},{"taxonomy":"product_tag","embeddable":true,"href":"https:\/\/homebyvm.com\/lt\/wp-json\/wp\/v2\/product_tag?post=4458"}],"curies":[{"name":"wp","href":"https:\/\/api.w.org\/{rel}","templated":true}]}}