{"id":4459,"date":"2023-07-21T23:10:52","date_gmt":"2023-07-21T23:10:52","guid":{"rendered":"https:\/\/homebyvm.com\/produktas\/worek-giga-sako-poliester\/"},"modified":"2024-12-23T13:32:02","modified_gmt":"2024-12-23T13:32:02","slug":"worek-giga-sako-poliester","status":"publish","type":"product","link":"https:\/\/homebyvm.com\/lt\/produktas\/worek-giga-sako-poliester\/","title":{"rendered":"Giga Sako krep\u0161ys Poliesteris"},"content":{"rendered":"<p>\"Giga Sako\" didelis ir patogus pufas<br \/>\nJei svajojate apie maksimal\u0173 atsipalaidavim\u0105, rinkit\u0117s \"Giga Sako\" krep\u0161\u012f. Didelis ir patogus pufas, kur\u012f galima suformuoti taip, kaip pageidaujate, leid\u017eia atsipalaiduoti bet kokioje pad\u0117tyje. Giga Sako Bag leid\u017eia atsipalaiduoti ir atsikratyti per dien\u0105 susikaupusio streso, ta\u010diau taip pat yra puikus palydovas m\u0117gaujantis pramogomis ar \u017eaid\u017eiant su vaikais. D\u0117l to, kad puikiai palaiko stubur\u0105, j\u012f rekomenduojama naudoti \u012fvairaus am\u017eiaus \u017emon\u0117ms, \u012fskaitant n\u0117\u0161\u010dias moteris ir naujagimius. Tai taip pat puiki dovana \u017eindan\u010diai mamai, kuri d\u0117l spyruokliuojan\u010dio u\u017epildo gal\u0117s maitinti k\u016bdik\u012f patogioje pad\u0117tyje net ir vos pagimd\u017eiusi. Mading\u0173 spalv\u0173 poliesterio u\u017evalkalas dera prie bet kokio interjero, atgaivindamas j\u012f ir suteikdamas spalv\u0173.<br \/>\nMed\u017eiagos savyb\u0117s<\/p>","protected":false},"excerpt":{"rendered":"<p>Worek Giga Sako du\u017ca i wygodna pufa Je\u015bli marzysz o maksymalnym odpr\u0119\u017ceniu, wybierz Worek Giga Sako. Du\u017ca i wygodna pufa, kt\u00f3r\u0105 mo\u017cna formowa\u0107 wedle w\u0142asnego uznania, pozwala na relaks w ka\u017cdej pozycji. Worek Giga Sako pozwala odpocz\u0105\u0107 i pozby\u0107 si\u0119 nagromadzonego w ci\u0105gu dnia stresu, ale jest r\u00f3wnie\u017c \u015bwietnym kompanem do korzystania z rozrywki czy [&hellip;]<\/p>\n","protected":false},"featured_media":1547,"comment_status":"closed","ping_status":"open","template":"","meta":{"_kad_blocks_custom_css":"","_kad_blocks_head_custom_js":"","_kad_blocks_body_custom_js":"","_kad_blocks_footer_custom_js":""},"product_brand":[],"product_cat":[32],"product_tag":[],"class_list":{"0":"post-4459","1":"product","2":"type-product","3":"status-publish","4":"has-post-thumbnail","6":"product_cat-worki-sako","7":"wcpa_has_options","9":"first","10":"instock","11":"purchasable","12":"product-type-simple"},"taxonomy_info":{"product_cat":[{"value":32,"label":"Worki Sako"}]},"featured_image_src_large":["https:\/\/homebyvm.com\/wp-content\/uploads\/2023\/05\/export-661-1024x1024.jpg",1024,1024,true],"author_info":[],"comment_info":0,"_links":{"self":[{"href":"https:\/\/homebyvm.com\/lt\/wp-json\/wp\/v2\/product\/4459","targetHints":{"allow":["GET"]}}],"collection":[{"href":"https:\/\/homebyvm.com\/lt\/wp-json\/wp\/v2\/product"}],"about":[{"href":"https:\/\/homebyvm.com\/lt\/wp-json\/wp\/v2\/types\/product"}],"replies":[{"embeddable":true,"href":"https:\/\/homebyvm.com\/lt\/wp-json\/wp\/v2\/comments?post=4459"}],"wp:featuredmedia":[{"embeddable":true,"href":"https:\/\/homebyvm.com\/lt\/wp-json\/wp\/v2\/media\/1547"}],"wp:attachment":[{"href":"https:\/\/homebyvm.com\/lt\/wp-json\/wp\/v2\/media?parent=4459"}],"wp:term":[{"taxonomy":"product_brand","embeddable":true,"href":"https:\/\/homebyvm.com\/lt\/wp-json\/wp\/v2\/product_brand?post=4459"},{"taxonomy":"product_cat","embeddable":true,"href":"https:\/\/homebyvm.com\/lt\/wp-json\/wp\/v2\/product_cat?post=4459"},{"taxonomy":"product_tag","embeddable":true,"href":"https:\/\/homebyvm.com\/lt\/wp-json\/wp\/v2\/product_tag?post=4459"}],"curies":[{"name":"wp","href":"https:\/\/api.w.org\/{rel}","templated":true}]}}