{"id":4461,"date":"2023-07-21T23:10:52","date_gmt":"2023-07-21T23:10:52","guid":{"rendered":"https:\/\/homebyvm.com\/produktas\/worek-mega-sako-poliester\/"},"modified":"2024-12-23T13:32:19","modified_gmt":"2024-12-23T13:32:19","slug":"worek-mega-sako-poliester","status":"publish","type":"product","link":"https:\/\/homebyvm.com\/lt\/produktas\/worek-mega-sako-poliester\/","title":{"rendered":"Mega Sako krep\u0161ys Poliesteris"},"content":{"rendered":"<p>MEGA SAKO POLYSTERS krep\u0161ys<br \/>\nPoliesterio \"mega sako\" krep\u0161ys yra \u0161iuolaikinio komforto sinonimas. Tai ne tik idealus sprendimas nam\u0173 kambariams. \u0160is modelis vis da\u017eniau naudojamas biur\u0173 patalpoms \u012frengti, nes suteikia atsipalaidavimo ir auk\u0161to lygio s\u0117d\u0117jimo komfort\u0105. J\u012f vis da\u017eniau renkasi ir kavini\u0173 savininkai, nes jis ne tik \u012fne\u0161a naujovi\u0173 \u012f interjer\u0105, bet ir suteikia auk\u0161\u010diausio lygio komfort\u0105 sve\u010diams.<br \/>\nPoliesterio \"mega sako\" krep\u0161io modelis buvo sukurtas \u017emon\u0117ms, kurie turi dideli\u0173 l\u016bkes\u010di\u0173 d\u0117l perkam\u0173 bald\u0173. M\u016bs\u0173 pasi\u016blyme rasite net 16 \u0161io modelio spalv\u0173 variant\u0173, tod\u0117l lengvai rasite prie savo nam\u0173 deran\u010dio atspalvio fotel\u012f. Auk\u0161tos kokyb\u0117s med\u017eiag\u0173 naudojimas, rankinis siuvimas ir lenki\u0161ka gamyba - tai komponentai, d\u0117l kuri\u0173 \u0161is gaminys yra toks ypatingas. \u017denkite \u017eingsn\u012f auk\u0161\u010diausio lygio komforto link ir rinkit\u0117s poliesterin\u012f mega sak\u0105! Garantuojame, kad nenusivilsite!<br \/>\nMed\u017eiagos savyb\u0117s<\/p>","protected":false},"excerpt":{"rendered":"<p>Worek MEGA SAKO POLIESTER Worek mega sako poliester to synonim wygody w nowoczesnym wydaniu. To nie tylko idealne rozwi\u0105zanie do domowych pomieszcze\u0144. Ten model coraz cz\u0119\u015bciej znajduje zastosowanie w urz\u0105dzaniu biurowych przestrzeni, gdy\u017c zapewnia on relaks oraz wysoki poziom komfortu siedzenia. Coraz cz\u0119\u015bciej decyduj\u0105 si\u0119 tak\u017ce na niego w\u0142a\u015bciciele kawiarni, gdy\u017c nie tylko dodaj\u0105 one [&hellip;]<\/p>\n","protected":false},"featured_media":1553,"comment_status":"closed","ping_status":"open","template":"","meta":{"_kad_blocks_custom_css":"","_kad_blocks_head_custom_js":"","_kad_blocks_body_custom_js":"","_kad_blocks_footer_custom_js":""},"product_brand":[],"product_cat":[32],"product_tag":[],"class_list":{"0":"post-4461","1":"product","2":"type-product","3":"status-publish","4":"has-post-thumbnail","6":"product_cat-worki-sako","7":"wcpa_has_options","9":"first","10":"instock","11":"purchasable","12":"product-type-simple"},"taxonomy_info":{"product_cat":[{"value":32,"label":"Worki Sako"}]},"featured_image_src_large":["https:\/\/homebyvm.com\/wp-content\/uploads\/2023\/05\/export-667-1024x1024.jpg",1024,1024,true],"author_info":[],"comment_info":0,"_links":{"self":[{"href":"https:\/\/homebyvm.com\/lt\/wp-json\/wp\/v2\/product\/4461","targetHints":{"allow":["GET"]}}],"collection":[{"href":"https:\/\/homebyvm.com\/lt\/wp-json\/wp\/v2\/product"}],"about":[{"href":"https:\/\/homebyvm.com\/lt\/wp-json\/wp\/v2\/types\/product"}],"replies":[{"embeddable":true,"href":"https:\/\/homebyvm.com\/lt\/wp-json\/wp\/v2\/comments?post=4461"}],"wp:featuredmedia":[{"embeddable":true,"href":"https:\/\/homebyvm.com\/lt\/wp-json\/wp\/v2\/media\/1553"}],"wp:attachment":[{"href":"https:\/\/homebyvm.com\/lt\/wp-json\/wp\/v2\/media?parent=4461"}],"wp:term":[{"taxonomy":"product_brand","embeddable":true,"href":"https:\/\/homebyvm.com\/lt\/wp-json\/wp\/v2\/product_brand?post=4461"},{"taxonomy":"product_cat","embeddable":true,"href":"https:\/\/homebyvm.com\/lt\/wp-json\/wp\/v2\/product_cat?post=4461"},{"taxonomy":"product_tag","embeddable":true,"href":"https:\/\/homebyvm.com\/lt\/wp-json\/wp\/v2\/product_tag?post=4461"}],"curies":[{"name":"wp","href":"https:\/\/api.w.org\/{rel}","templated":true}]}}