{"id":4463,"date":"2023-07-21T23:10:52","date_gmt":"2023-07-21T23:10:52","guid":{"rendered":"https:\/\/homebyvm.com\/produktas\/worek-mega-sako-ekoskora-mix\/"},"modified":"2024-12-23T13:32:28","modified_gmt":"2024-12-23T13:32:28","slug":"worek-mega-sako-ekoskora-mix","status":"publish","type":"product","link":"https:\/\/homebyvm.com\/lt\/produktas\/worek-mega-sako-ekoskora-mix\/","title":{"rendered":"\"Mega Sako\" krep\u0161ys Eko oda Mi\u0161inys"},"content":{"rendered":"<p>Trikampi\u0173 ir juosteli\u0173 spalvos parenkamos atsitiktine tvarka.MEGA krep\u0161ys SAKO Eko oda<br \/>\nIe\u0161kote auk\u0161tos kokyb\u0117s poilsio bald\u0173? Atkreipkite d\u0117mes\u012f \u012f \u0161\u012f didel\u012f \"Mega Sako\" krep\u0161\u012f, pagamint\u0105 i\u0161 patvarios ekologi\u0161kos odos. Tai mink\u0161tas pufas, kuriame ils\u0117sit\u0117s jums patogiausioje pad\u0117tyje. Nesvarbu, ar s\u0117d\u0117site su kavos puodeliu rankose, televizoriaus pulteliu rankoje, ne\u0161iojamuoju kompiuteriu ant keli\u0173 ar ausin\u0117mis ausyse, m\u016bs\u0173 krep\u0161ys suteiks jums maksimal\u0173 komfort\u0105. \u0160\u012f model\u012f galima rinktis i\u0161 \u012fvairi\u0173 spalv\u0173. Taip pat galite rinktis \u012fvairiaspalv\u0119 detal\u0119 i\u0161 trikampi\u0173 arba sta\u010diakampi\u0173.<br \/>\n\u0160is baldas puikiai atrodys bet kokio tipo interjere: didel\u0117je, jaukioje svetain\u0117je, jaukiame miegamajame, vaiko ar paauglio kambaryje, taip pat verslo patalpose. Baldo spalv\u0105 ar ra\u0161t\u0105 galite lengvai pasirinkti pagal savo poreikius. Kaip pagamintas m\u016bs\u0173 krep\u0161ys? Viduje n\u0117ra standaus karkaso - j\u012f pakei\u010dia patvarios polistireno granul\u0117s, kurios u\u017epildo vis\u0105 vid\u0173. B\u016btent jis suteikia pufui nepaprasto atsparumo ir leid\u017eia lengvai suformuoti j\u012f \u012f bet koki\u0105 form\u0105. Verta pridurti, kad i\u0161 eko odos pagamintas apmu\u0161alas yra antialerginis.<br \/>\nMed\u017eiagos savyb\u0117s<\/p>","protected":false},"excerpt":{"rendered":"<p>Kolory tr\u00f3jk\u0105t\u00f3w i pask\u00f3w dobierane s\u0105 losowo.Worek MEGA SAKO Ekosk\u00f3ra Poszukujesz wysokiej jako\u015bci mebla relaksacyjnego? Zwr\u00f3\u0107 uwag\u0119 na ten du\u017cy worek Mega Sako wykonany z trwa\u0142ej ekosk\u00f3ry. To mi\u0119kka pufa, w kt\u00f3rej wypoczniesz w najwygodniejszej dla Ciebie pozycji. Niewa\u017cne, czy zasi\u0105dziesz w niej z kubkiem kawy w r\u0119kach, pilotem od telewizora w d\u0142oni, laptopem na [&hellip;]<\/p>\n","protected":false},"featured_media":1559,"comment_status":"closed","ping_status":"open","template":"","meta":{"_kad_blocks_custom_css":"","_kad_blocks_head_custom_js":"","_kad_blocks_body_custom_js":"","_kad_blocks_footer_custom_js":""},"product_brand":[],"product_cat":[32],"product_tag":[],"class_list":{"0":"post-4463","1":"product","2":"type-product","3":"status-publish","4":"has-post-thumbnail","6":"product_cat-worki-sako","7":"wcpa_has_options","9":"first","10":"instock","11":"purchasable","12":"product-type-simple"},"taxonomy_info":{"product_cat":[{"value":32,"label":"Worki Sako"}]},"featured_image_src_large":["https:\/\/homebyvm.com\/wp-content\/uploads\/2023\/05\/export-673-1024x1024.jpg",1024,1024,true],"author_info":[],"comment_info":0,"_links":{"self":[{"href":"https:\/\/homebyvm.com\/lt\/wp-json\/wp\/v2\/product\/4463","targetHints":{"allow":["GET"]}}],"collection":[{"href":"https:\/\/homebyvm.com\/lt\/wp-json\/wp\/v2\/product"}],"about":[{"href":"https:\/\/homebyvm.com\/lt\/wp-json\/wp\/v2\/types\/product"}],"replies":[{"embeddable":true,"href":"https:\/\/homebyvm.com\/lt\/wp-json\/wp\/v2\/comments?post=4463"}],"wp:featuredmedia":[{"embeddable":true,"href":"https:\/\/homebyvm.com\/lt\/wp-json\/wp\/v2\/media\/1559"}],"wp:attachment":[{"href":"https:\/\/homebyvm.com\/lt\/wp-json\/wp\/v2\/media?parent=4463"}],"wp:term":[{"taxonomy":"product_brand","embeddable":true,"href":"https:\/\/homebyvm.com\/lt\/wp-json\/wp\/v2\/product_brand?post=4463"},{"taxonomy":"product_cat","embeddable":true,"href":"https:\/\/homebyvm.com\/lt\/wp-json\/wp\/v2\/product_cat?post=4463"},{"taxonomy":"product_tag","embeddable":true,"href":"https:\/\/homebyvm.com\/lt\/wp-json\/wp\/v2\/product_tag?post=4463"}],"curies":[{"name":"wp","href":"https:\/\/api.w.org\/{rel}","templated":true}]}}