{"id":4465,"date":"2023-07-21T23:10:55","date_gmt":"2023-07-21T23:10:55","guid":{"rendered":"https:\/\/homebyvm.com\/produktas\/worek-midi-sako-mikrofaza\/"},"modified":"2023-12-06T21:09:35","modified_gmt":"2023-12-06T21:09:35","slug":"worek-midi-sako-mikrofaza","status":"publish","type":"product","link":"https:\/\/homebyvm.com\/lt\/produktas\/worek-midi-sako-mikrofaza\/","title":{"rendered":"Midi \"Sako\" krep\u0161ys \"Microfaza"},"content":{"rendered":"<p>Midi \"Sako\" krep\u0161ys \"Microfaza<br \/>\nVaikai kasdien susiduria su daugybe \u012fvairi\u0173 i\u0161\u0161\u016bki\u0173 - b\u016btent tod\u0117l suaugusieji tur\u0117t\u0173 pasir\u016bpinti j\u0173 poilsiu ir tinkama regeneracija. Midi Sako Mikrofaza krep\u0161ys yra ideali s\u0117dyn\u0117, pagaminta i\u0161 malonaus liesti mikropluo\u0161to. Be to, jos vidus u\u017epildytas specializuotu granulatu. D\u0117l to \"Sako\" krep\u0161ys puikiai prisitaiko prie bet kokios k\u016bno pad\u0117ties.<br \/>\nB\u016bdami judraus ma\u017eylio t\u0117vai tikrai \u017einote, kad j\u016bs\u0173 vaikui netr\u016bksta \u012fdomi\u0173 id\u0117j\u0173 \u017eaidimams. O moderni, ta\u010diau labai jauki s\u0117dyn\u0117 bus puikus j\u016bs\u0173 ma\u017eylio nuotyki\u0173 palydovas. Sako krep\u0161ys akimirksniu gali tapti nenuskandinamu laivu arba nuostabia valtimi i\u0161kylautojams. Mikropluo\u0161tas, i\u0161 kurio pasi\u016bta s\u0117dyn\u0117, yra itin \u017eavios spalv\u0173 palet\u0117s - neabejotinai rasite tobul\u0105 atspalv\u012f, tinkant\u012f j\u016bs\u0173 ma\u017eojo tyrin\u0117tojo kambariui.<br \/>\nMed\u017eiagos savyb\u0117s<\/p>","protected":false},"excerpt":{"rendered":"<p>Worek Midi Sako Mikrofaza Dzieci ka\u017cdego dnia maj\u0105 przed sob\u0105 wiele r\u00f3\u017cnych wyzwa\u0144 &#8211; w\u0142a\u015bnie z tego powodu doro\u015bli powinni dba\u0107 o ich wypoczynek oraz w\u0142a\u015bciw\u0105 regeneracj\u0119. Worek Midi Sako Mikrofaza to idealne siedzisko wykonane z przyjemnej w dotyku mikrofazy. Ponadto jego wn\u0119trze jest wype\u0142nione specjalistycznym granulatem. To powoduje, \u017ce worek Sako perfekcyjnie dopasowuje si\u0119 [&hellip;]<\/p>\n","protected":false},"featured_media":1565,"comment_status":"closed","ping_status":"open","template":"","meta":{"_kad_blocks_custom_css":"","_kad_blocks_head_custom_js":"","_kad_blocks_body_custom_js":"","_kad_blocks_footer_custom_js":""},"product_brand":[],"product_cat":[32],"product_tag":[],"class_list":{"0":"post-4465","1":"product","2":"type-product","3":"status-publish","4":"has-post-thumbnail","6":"product_cat-worki-sako","7":"wcpa_has_options","9":"first","10":"outofstock","11":"purchasable","12":"product-type-simple"},"taxonomy_info":{"product_cat":[{"value":32,"label":"Worki Sako"}]},"featured_image_src_large":["https:\/\/homebyvm.com\/wp-content\/uploads\/2023\/05\/export-679-1024x1024.jpg",1024,1024,true],"author_info":[],"comment_info":0,"_links":{"self":[{"href":"https:\/\/homebyvm.com\/lt\/wp-json\/wp\/v2\/product\/4465","targetHints":{"allow":["GET"]}}],"collection":[{"href":"https:\/\/homebyvm.com\/lt\/wp-json\/wp\/v2\/product"}],"about":[{"href":"https:\/\/homebyvm.com\/lt\/wp-json\/wp\/v2\/types\/product"}],"replies":[{"embeddable":true,"href":"https:\/\/homebyvm.com\/lt\/wp-json\/wp\/v2\/comments?post=4465"}],"wp:featuredmedia":[{"embeddable":true,"href":"https:\/\/homebyvm.com\/lt\/wp-json\/wp\/v2\/media\/1565"}],"wp:attachment":[{"href":"https:\/\/homebyvm.com\/lt\/wp-json\/wp\/v2\/media?parent=4465"}],"wp:term":[{"taxonomy":"product_brand","embeddable":true,"href":"https:\/\/homebyvm.com\/lt\/wp-json\/wp\/v2\/product_brand?post=4465"},{"taxonomy":"product_cat","embeddable":true,"href":"https:\/\/homebyvm.com\/lt\/wp-json\/wp\/v2\/product_cat?post=4465"},{"taxonomy":"product_tag","embeddable":true,"href":"https:\/\/homebyvm.com\/lt\/wp-json\/wp\/v2\/product_tag?post=4465"}],"curies":[{"name":"wp","href":"https:\/\/api.w.org\/{rel}","templated":true}]}}