{"id":4466,"date":"2023-07-21T23:10:55","date_gmt":"2023-07-21T23:10:55","guid":{"rendered":"https:\/\/homebyvm.com\/produktas\/worek-mini-sako-mikrofaza\/"},"modified":"2023-12-06T21:09:35","modified_gmt":"2023-12-06T21:09:35","slug":"worek-mini-sako-mikrofaza","status":"publish","type":"product","link":"https:\/\/homebyvm.com\/lt\/produktas\/worek-mini-sako-mikrofaza\/","title":{"rendered":"Mini \"Sako\" krep\u0161ys \"Microfaza"},"content":{"rendered":"<p>Mini \"Sako\" krep\u0161ys \"Microfaza<br \/>\nVaikai m\u0117gsta ne tik spalvingus baldus, bet ir tuos, kurie idealiai tinka k\u016brybi\u0161kiems \u017eaidimams. Toks modelis neabejotinai bus \"Mini Sako Microfaza\" krep\u0161ys. Pirmiausia \u0161i s\u0117dyn\u0117 i\u0161siskiria originalia forma, u\u017etikrinan\u010dia ner\u016bpesting\u0105 tinginiavim\u0105 daugyb\u0119 akimirk\u0173. Be to, ji u\u017epildyta specializuotu granulatu. B\u016btent d\u0117l \u0161ios prie\u017easties \"Mini Sako\" krep\u0161ys puikiai prisitaiko prie bet kokios k\u016bno pad\u0117ties.<br \/>\nK\u0117dut\u0117 visi\u0161kai saugi bet kuriam ma\u017eyliui. Ji pagaminta tik i\u0161 sertifikuot\u0173 ir patvirtint\u0173 med\u017eiag\u0173. Tai rei\u0161kia, kad galite b\u016bti ram\u016bs d\u0117l savo ma\u017eylio. Sako krep\u0161yje n\u0117ra joki\u0173 a\u0161tri\u0173 briaun\u0173. Kartu konstrukcijoje n\u0117ra standaus r\u0117mo, tod\u0117l vaikai gali laisvai \u017eaisti su s\u0117dyne. Sako mai\u0161elis taip pat nekelia n\u0117 menkiausi\u0173 problem\u0173 j\u012f perkeliant i\u0161 vienos vietos \u012f kit\u0105. S\u0117dyn\u0117 tinka tiek vaik\u0173 kambaryje, tiek \u017eaidim\u0173 kambaryje.<br \/>\nMed\u017eiagos savyb\u0117s<\/p>","protected":false},"excerpt":{"rendered":"<p>Worek Mini Sako Mikrofaza Dzieci uwielbiaj\u0105 nie tylko kolorowe meble, lecz tak\u017ce te, kt\u00f3re idealnie sprawdzaj\u0105 si\u0119 w trakcie kreatywnych zabaw. Takim modelem b\u0119dzie niew\u0105tpliwie worek Mini Sako Mikrofaza. Przede wszystkim siedzisko to wyr\u00f3\u017cnia si\u0119 niebanalnym kszta\u0142tem, zapewniaj\u0105cym beztroskie leniuchowanie przez wiele chwil. Ponadto zosta\u0142o wype\u0142nione specjalistycznym granulatem. To w\u0142a\u015bnie z tego powodu worek Mini [&hellip;]<\/p>\n","protected":false},"featured_media":1568,"comment_status":"closed","ping_status":"open","template":"","meta":{"_kad_blocks_custom_css":"","_kad_blocks_head_custom_js":"","_kad_blocks_body_custom_js":"","_kad_blocks_footer_custom_js":""},"product_brand":[],"product_cat":[32],"product_tag":[],"class_list":{"0":"post-4466","1":"product","2":"type-product","3":"status-publish","4":"has-post-thumbnail","6":"product_cat-worki-sako","7":"wcpa_has_options","9":"first","10":"outofstock","11":"purchasable","12":"product-type-simple"},"taxonomy_info":{"product_cat":[{"value":32,"label":"Worki Sako"}]},"featured_image_src_large":["https:\/\/homebyvm.com\/wp-content\/uploads\/2023\/05\/export-682-1024x1024.jpg",1024,1024,true],"author_info":[],"comment_info":0,"_links":{"self":[{"href":"https:\/\/homebyvm.com\/lt\/wp-json\/wp\/v2\/product\/4466","targetHints":{"allow":["GET"]}}],"collection":[{"href":"https:\/\/homebyvm.com\/lt\/wp-json\/wp\/v2\/product"}],"about":[{"href":"https:\/\/homebyvm.com\/lt\/wp-json\/wp\/v2\/types\/product"}],"replies":[{"embeddable":true,"href":"https:\/\/homebyvm.com\/lt\/wp-json\/wp\/v2\/comments?post=4466"}],"wp:featuredmedia":[{"embeddable":true,"href":"https:\/\/homebyvm.com\/lt\/wp-json\/wp\/v2\/media\/1568"}],"wp:attachment":[{"href":"https:\/\/homebyvm.com\/lt\/wp-json\/wp\/v2\/media?parent=4466"}],"wp:term":[{"taxonomy":"product_brand","embeddable":true,"href":"https:\/\/homebyvm.com\/lt\/wp-json\/wp\/v2\/product_brand?post=4466"},{"taxonomy":"product_cat","embeddable":true,"href":"https:\/\/homebyvm.com\/lt\/wp-json\/wp\/v2\/product_cat?post=4466"},{"taxonomy":"product_tag","embeddable":true,"href":"https:\/\/homebyvm.com\/lt\/wp-json\/wp\/v2\/product_tag?post=4466"}],"curies":[{"name":"wp","href":"https:\/\/api.w.org\/{rel}","templated":true}]}}