{"id":4467,"date":"2023-07-21T23:10:55","date_gmt":"2023-07-21T23:10:55","guid":{"rendered":"https:\/\/homebyvm.com\/produktas\/worek-mega-sako-mikrofaza\/"},"modified":"2023-08-13T20:54:09","modified_gmt":"2023-08-13T20:54:09","slug":"worek-mega-sako-mikrofaza","status":"publish","type":"product","link":"https:\/\/homebyvm.com\/lt\/produktas\/worek-mega-sako-mikrofaza\/","title":{"rendered":"\"Mega Sako Microfaza\" krep\u0161ys"},"content":{"rendered":"<p>\"Mega Sako Microfaza\" krep\u0161ys<br \/>\nNem\u0117gstate apribojim\u0173 ir kartu vertinate poils\u012f, kad gal\u0117tum\u0117te atsigauti tolesnei veiklai? Krep\u0161ys \"Mega Sako Mirkofaza\" yra puiki vieta, ant kurios galite patogiai \u012fsitaisyti ar net snausti. Ji tikrai taps d\u017eiaugsmo \u0161altiniu ir vaikams - jie mielai naudos s\u0117dyn\u0119 savo k\u016brybiniuose \u017eaidimuose.<br \/>\n\"Sako\" krep\u0161ys pagamintas i\u0161 itin malonios liesti med\u017eiagos. Papildomas privalumas yra tai, kad mikropluo\u0161tas yra sertifikuotas PZH (Lenkijos nacionalinio higienos instituto), tod\u0117l s\u0117dyn\u0119 saugiai gali naudoti ir suaugusieji, ir vaikai. Sako mai\u0161o konstrukcijoje n\u0117ra a\u0161tri\u0173 briaun\u0173 ar standaus r\u0117mo. Be to, s\u0117dyn\u0117 u\u017epildyta specialiomis granul\u0117mis, tod\u0117l jos forma prisitaiko prie bet kokios k\u016bno pad\u0117ties. I\u0161sirinkite svajoni\u0173 s\u0117dyn\u0119 i\u0161 plataus asortimento. Modernaus dizaino s\u0117dyn\u0117 puikiai papildys \u0161iuolaiki\u0161k\u0105 svetain\u0117s, miegamojo, vaik\u0173 ar jaunimo kambario \u012frengim\u0105. M\u0117gaukit\u0117s veiksmingo atsipalaidavimo privalumais, kurie suteiks energijos t\u0119sti darb\u0105.<br \/>\nMed\u017eiagos savyb\u0117s<\/p>","protected":false},"excerpt":{"rendered":"<p>Worek Mega Sako Mikrofaza Nie lubisz ogranicze\u0144, a jednocze\u015bnie cenisz sobie wypoczynek, po to, by zregenerowa\u0107 si\u0119 do dalszego dzia\u0142ania? Worek Mega Sako Mirkofaza jest idealnym siedziskiem, na kt\u00f3rym mo\u017cesz wygodnie usi\u0105\u015b\u0107, a nawet si\u0119 zdrzemn\u0105\u0107. Z pewno\u015bci\u0105 oka\u017ce si\u0119 on \u017ar\u00f3d\u0142em rado\u015bci r\u00f3wnie\u017c dla dzieci &#8211; ch\u0119tnie wykorzystaj\u0105 siedzisko w swoich kreatywnych zabawach. Worek [&hellip;]<\/p>\n","protected":false},"featured_media":2548,"comment_status":"closed","ping_status":"open","template":"","meta":{"_kad_blocks_custom_css":"","_kad_blocks_head_custom_js":"","_kad_blocks_body_custom_js":"","_kad_blocks_footer_custom_js":""},"product_brand":[],"product_cat":[32],"product_tag":[],"class_list":{"0":"post-4467","1":"product","2":"type-product","3":"status-publish","4":"has-post-thumbnail","6":"product_cat-worki-sako","7":"wcpa_has_options","9":"first","10":"outofstock","11":"purchasable","12":"product-type-simple"},"taxonomy_info":{"product_cat":[{"value":32,"label":"Worki Sako"}]},"featured_image_src_large":["https:\/\/homebyvm.com\/wp-content\/uploads\/2023\/07\/export-14-1024x1024.jpg",1024,1024,true],"author_info":[],"comment_info":0,"_links":{"self":[{"href":"https:\/\/homebyvm.com\/lt\/wp-json\/wp\/v2\/product\/4467","targetHints":{"allow":["GET"]}}],"collection":[{"href":"https:\/\/homebyvm.com\/lt\/wp-json\/wp\/v2\/product"}],"about":[{"href":"https:\/\/homebyvm.com\/lt\/wp-json\/wp\/v2\/types\/product"}],"replies":[{"embeddable":true,"href":"https:\/\/homebyvm.com\/lt\/wp-json\/wp\/v2\/comments?post=4467"}],"wp:featuredmedia":[{"embeddable":true,"href":"https:\/\/homebyvm.com\/lt\/wp-json\/wp\/v2\/media\/2548"}],"wp:attachment":[{"href":"https:\/\/homebyvm.com\/lt\/wp-json\/wp\/v2\/media?parent=4467"}],"wp:term":[{"taxonomy":"product_brand","embeddable":true,"href":"https:\/\/homebyvm.com\/lt\/wp-json\/wp\/v2\/product_brand?post=4467"},{"taxonomy":"product_cat","embeddable":true,"href":"https:\/\/homebyvm.com\/lt\/wp-json\/wp\/v2\/product_cat?post=4467"},{"taxonomy":"product_tag","embeddable":true,"href":"https:\/\/homebyvm.com\/lt\/wp-json\/wp\/v2\/product_tag?post=4467"}],"curies":[{"name":"wp","href":"https:\/\/api.w.org\/{rel}","templated":true}]}}