{"id":4468,"date":"2023-07-21T23:10:55","date_gmt":"2023-07-21T23:10:55","guid":{"rendered":"https:\/\/homebyvm.com\/produktas\/worek-mega-sako-premium\/"},"modified":"2024-12-23T13:32:28","modified_gmt":"2024-12-23T13:32:28","slug":"worek-mega-sako-premium","status":"publish","type":"product","link":"https:\/\/homebyvm.com\/lt\/produktas\/worek-mega-sako-premium\/","title":{"rendered":"\"Mega Sako Premium\" krep\u0161ys"},"content":{"rendered":"<p>\"Mega Sako Premium\" krep\u0161ys<br \/>\nVerta kasdien r\u016bpintis savo poilsiu. Tod\u0117l buvo sukurtas unikalus \"Mega Sako Premium Sack\" mai\u0161elis. Mink\u0161ta s\u0117dyn\u0117 u\u017etikrins daug palaiming\u0173 akimirk\u0173, praleist\u0173 skaitant knyg\u0105, \u017ei\u016brint film\u0105 ar tiesiog \"nieko neveikiant\". Kartais net kelios minut\u0117s ramyb\u0117s su m\u0117gstamos kavos ar kar\u0161to \u0161okolado puodeliu rankose suteiks labai didel\u012f energijos pli\u016bpsn\u012f, kad gal\u0117tum\u0117te t\u0119sti darb\u0105.<br \/>\nDar vienas \u0161io \u012fdomaus baldo privalumas - platus s\u0117dyn\u0117s i\u0161 nat\u016bralios odos naudojimas. J\u012f galima naudoti kaip patog\u0173 puf\u0105 svetain\u0117je, ta\u010diau jis puikiai tiks ir vaiko ar jaunuolio kambaryje. S\u0117dyn\u0117 u\u017epildyta polistireno granul\u0117mis, tod\u0117l puikiai prisitaiko prie bet kokios k\u016bno pad\u0117ties. Baldas yra visi\u0161kai saugus, ypa\u010d patiems ma\u017eiausiems \u0161eimos nariams. Netur\u0117damas standaus r\u0117mo ir a\u0161tri\u0173 briaun\u0173, \"Sako\" krep\u0161ys gali b\u016bti lengvai perkeltas \u012f bet kuri\u0105 viet\u0105 arba tapti vaik\u0173 sugalvotu k\u016brybinio \u017eaidimo elementu.<\/p>","protected":false},"excerpt":{"rendered":"<p>Worek Mega Sako Premium Ka\u017cdego dnia warto dba\u0107 o sw\u00f3j wypoczynek. To w\u0142a\u015bnie dlatego zaprojektowano wyj\u0105tkowy Worek Mega Sako Premium. Mi\u0119kkie siedzisko zapewni wiele b\u0142ogich chwil sp\u0119dzonych na czytaniu ksi\u0105\u017cki, ogl\u0105daniu film\u00f3w lub po prostu \u201enicnierobieniu\u201d. Czasami nawet par\u0119 minut wyciszenia si\u0119 z kubkiem ulubionej kawy lub gor\u0105cej czekolady w d\u0142oniach da Ci bardzo du\u017cy [&hellip;]<\/p>\n","protected":false},"featured_media":1574,"comment_status":"closed","ping_status":"open","template":"","meta":{"_kad_blocks_custom_css":"","_kad_blocks_head_custom_js":"","_kad_blocks_body_custom_js":"","_kad_blocks_footer_custom_js":""},"product_brand":[],"product_cat":[32],"product_tag":[],"class_list":{"0":"post-4468","1":"product","2":"type-product","3":"status-publish","4":"has-post-thumbnail","6":"product_cat-worki-sako","7":"wcpa_has_options","9":"first","10":"instock","11":"purchasable","12":"product-type-simple"},"taxonomy_info":{"product_cat":[{"value":32,"label":"Worki Sako"}]},"featured_image_src_large":["https:\/\/homebyvm.com\/wp-content\/uploads\/2023\/05\/export-688-1024x1024.jpg",1024,1024,true],"author_info":[],"comment_info":0,"_links":{"self":[{"href":"https:\/\/homebyvm.com\/lt\/wp-json\/wp\/v2\/product\/4468","targetHints":{"allow":["GET"]}}],"collection":[{"href":"https:\/\/homebyvm.com\/lt\/wp-json\/wp\/v2\/product"}],"about":[{"href":"https:\/\/homebyvm.com\/lt\/wp-json\/wp\/v2\/types\/product"}],"replies":[{"embeddable":true,"href":"https:\/\/homebyvm.com\/lt\/wp-json\/wp\/v2\/comments?post=4468"}],"wp:featuredmedia":[{"embeddable":true,"href":"https:\/\/homebyvm.com\/lt\/wp-json\/wp\/v2\/media\/1574"}],"wp:attachment":[{"href":"https:\/\/homebyvm.com\/lt\/wp-json\/wp\/v2\/media?parent=4468"}],"wp:term":[{"taxonomy":"product_brand","embeddable":true,"href":"https:\/\/homebyvm.com\/lt\/wp-json\/wp\/v2\/product_brand?post=4468"},{"taxonomy":"product_cat","embeddable":true,"href":"https:\/\/homebyvm.com\/lt\/wp-json\/wp\/v2\/product_cat?post=4468"},{"taxonomy":"product_tag","embeddable":true,"href":"https:\/\/homebyvm.com\/lt\/wp-json\/wp\/v2\/product_tag?post=4468"}],"curies":[{"name":"wp","href":"https:\/\/api.w.org\/{rel}","templated":true}]}}