{"id":4470,"date":"2023-07-21T23:10:55","date_gmt":"2023-07-21T23:10:55","guid":{"rendered":"https:\/\/homebyvm.com\/produktas\/pufa-fuzzy-poliester-2\/"},"modified":"2024-12-23T13:32:28","modified_gmt":"2024-12-23T13:32:28","slug":"pufa-fuzzy-poliester-2","status":"publish","type":"product","link":"https:\/\/homebyvm.com\/lt\/produktas\/pufa-fuzzy-poliester-2\/","title":{"rendered":"Fuzzy poliesterio pufas"},"content":{"rendered":"<p>P\u016aKUOTAS POLIESTERIO PUFAS<br \/>\n\"Fuzzy\" poliesterio mai\u0161elis pagamintas i\u0161 auk\u0161\u010diausios kokyb\u0117s apmu\u0161al\u0173 med\u017eiag\u0173. \u0160is itin patogus baldas suteiks jums kokybi\u0161k\u0105 poils\u012f. Atsis\u0117skite \u012f j\u012f arba atsigulkite, pajuskite jo spyruokli\u0161kum\u0105 ir lengvum\u0105, su kuriuo jis prisitaiko prie j\u016bs\u0173 k\u016bno form\u0173. Norite pakeisti pad\u0117t\u012f? Krep\u0161ys akimirksniu prisitaikys prie j\u016bs\u0173 poreiki\u0173. Taip patogiai gali ils\u0117tis visa j\u016bs\u0173 \u0161eima.<br \/>\nDidelis \"Fuzzy\" krep\u0161ys turi platesn\u012f pagrind\u0105 nei \"Sako\" krep\u0161ys, tod\u0117l yra stabilesnis ir suteikia daugiau vietos poilsiui. \u0160io atpalaiduojan\u010dio baldo viduje yra tankios polistireno granul\u0117s, kurios suteikia jam form\u0105 ir elastingum\u0105. Poliesterio med\u017eiaga patvirtinta Nacionalinio higienos instituto ir yra saugi odai. \u0160is patogus baldas ypa\u010d rekomenduojamas netradicinio interjero m\u0117g\u0117jams. Jis s\u0117kmingai pakeis sofos komplekt\u0105 minimaliai dekoruotoje svetain\u0117je. Jos d\u0117ka kiekvienas kambarys \u012fgaus modernumo ir jaukumo. J\u012f galima rinktis i\u0161 turtingos spalv\u0173 palet\u0117s.<br \/>\nMed\u017eiagos savyb\u0117s<\/p>","protected":false},"excerpt":{"rendered":"<p>PUFA FUZZY POLIESTER Poliestrowy worek Fuzzy zosta\u0142 wykonany z najwy\u017cszej jako\u015bci materia\u0142\u00f3w tapicerskich. Ten niezwykle wygodny mebel zapewni Ci wysokiej jako\u015bci wypoczynek. Usi\u0105d\u017a w nim lub si\u0119 po\u0142\u00f3\u017c, poczuj jego spr\u0119\u017cysto\u015b\u0107 oraz \u0142atwo\u015b\u0107, z jak\u0105 dopasowuje si\u0119 do kszta\u0142tu cia\u0142a. Chcesz zmieni\u0107 pozycj\u0119? Worek b\u0142yskawicznie dostosuje si\u0119 do Twoich potrzeb. Tak wygodnie mo\u017ce wypoczywa\u0107 ca\u0142a [&hellip;]<\/p>\n","protected":false},"featured_media":1580,"comment_status":"closed","ping_status":"open","template":"","meta":{"_kad_blocks_custom_css":"","_kad_blocks_head_custom_js":"","_kad_blocks_body_custom_js":"","_kad_blocks_footer_custom_js":""},"product_brand":[],"product_cat":[32],"product_tag":[],"class_list":{"0":"post-4470","1":"product","2":"type-product","3":"status-publish","4":"has-post-thumbnail","6":"product_cat-worki-sako","7":"wcpa_has_options","9":"first","10":"instock","11":"purchasable","12":"product-type-simple"},"taxonomy_info":{"product_cat":[{"value":32,"label":"Worki Sako"}]},"featured_image_src_large":["https:\/\/homebyvm.com\/wp-content\/uploads\/2023\/05\/export-694-1024x1024.jpg",1024,1024,true],"author_info":[],"comment_info":0,"_links":{"self":[{"href":"https:\/\/homebyvm.com\/lt\/wp-json\/wp\/v2\/product\/4470","targetHints":{"allow":["GET"]}}],"collection":[{"href":"https:\/\/homebyvm.com\/lt\/wp-json\/wp\/v2\/product"}],"about":[{"href":"https:\/\/homebyvm.com\/lt\/wp-json\/wp\/v2\/types\/product"}],"replies":[{"embeddable":true,"href":"https:\/\/homebyvm.com\/lt\/wp-json\/wp\/v2\/comments?post=4470"}],"wp:featuredmedia":[{"embeddable":true,"href":"https:\/\/homebyvm.com\/lt\/wp-json\/wp\/v2\/media\/1580"}],"wp:attachment":[{"href":"https:\/\/homebyvm.com\/lt\/wp-json\/wp\/v2\/media?parent=4470"}],"wp:term":[{"taxonomy":"product_brand","embeddable":true,"href":"https:\/\/homebyvm.com\/lt\/wp-json\/wp\/v2\/product_brand?post=4470"},{"taxonomy":"product_cat","embeddable":true,"href":"https:\/\/homebyvm.com\/lt\/wp-json\/wp\/v2\/product_cat?post=4470"},{"taxonomy":"product_tag","embeddable":true,"href":"https:\/\/homebyvm.com\/lt\/wp-json\/wp\/v2\/product_tag?post=4470"}],"curies":[{"name":"wp","href":"https:\/\/api.w.org\/{rel}","templated":true}]}}