{"id":4471,"date":"2023-07-21T23:10:55","date_gmt":"2023-07-21T23:10:55","guid":{"rendered":"https:\/\/homebyvm.com\/produktas\/worek-giga-sako-fr\/"},"modified":"2023-12-06T21:09:35","modified_gmt":"2023-12-06T21:09:35","slug":"worek-giga-sako-fr","status":"publish","type":"product","link":"https:\/\/homebyvm.com\/lt\/produktas\/worek-giga-sako-fr\/","title":{"rendered":"\"Giga Sako FR\" krep\u0161ys"},"content":{"rendered":"<p>\"Giga Sako FR\" krep\u0161ys<br \/>\n\"Sako\" pufai yra \u012fvairi\u0173 dyd\u017ei\u0173. Jei svajojate apie did\u017eiausi\u0105 komfort\u0105, rinkit\u0117s XXL dyd\u012f. Giga Sako pufas yra did\u017eiausias modelis, kurio matmenys yra 100 x 140 cm. Tai u\u017etikrina itin patog\u0173 poils\u012f. D\u0117l granuli\u0173 pavidalo polistireno u\u017epildo jis puikiai prisitaiko prie k\u016bno pad\u0117ties, tod\u0117l puikiai atstoja nugar\u0105 ir suteikia k\u016bnui poilsio. Toks poilsis yra daug naudingesnis, nes pails\u0117j\u0119s, atsipalaidav\u0119s k\u016bnas ir protas yra visi\u0161kai pasireng\u0119 imtis kitos u\u017eduoties.<br \/>\n\"Giga Sako\" krep\u0161ys yra aptrauktas ugniai atsparia eko oda, kuri\u0105 galima rinktis i\u0161 patraukli\u0173 spalv\u0173. D\u0117l to jis yra patvarus ir atsparus purvui, tod\u0117l tinka ir tose vietose, kur j\u012f da\u017enai naudos, \u012fskaitant vaikus.\u00a0<br \/>\nMed\u017eiagos savyb\u0117s<\/p>","protected":false},"excerpt":{"rendered":"<p>Worek Giga Sako FR Pufy typu Sako s\u0105 dost\u0119pne w wielu rozmiarach. Je\u015bli marzy Ci si\u0119 maksymalna wygoda, postaw na rozmiar XXL. Worek Giga Sako to najwi\u0119kszy model, kt\u00f3ry posiada wymiary 100 x 140 centymetr\u00f3w. Zapewnia to wyj\u0105tkowo komfortowy wypoczynek. Dzi\u0119ki styropianowemu wype\u0142nieniu w postaci granulatu, idealnie dostosowuje si\u0119 do pozycji cia\u0142a, a tym samym [&hellip;]<\/p>\n","protected":false},"featured_media":3056,"comment_status":"closed","ping_status":"open","template":"","meta":{"_kad_blocks_custom_css":"","_kad_blocks_head_custom_js":"","_kad_blocks_body_custom_js":"","_kad_blocks_footer_custom_js":""},"product_brand":[],"product_cat":[32],"product_tag":[],"class_list":{"0":"post-4471","1":"product","2":"type-product","3":"status-publish","4":"has-post-thumbnail","6":"product_cat-worki-sako","7":"wcpa_has_options","9":"first","10":"outofstock","11":"purchasable","12":"product-type-simple"},"taxonomy_info":{"product_cat":[{"value":32,"label":"Worki Sako"}]},"featured_image_src_large":["https:\/\/homebyvm.com\/wp-content\/uploads\/2023\/07\/export-30-1024x1024.jpg",1024,1024,true],"author_info":[],"comment_info":0,"_links":{"self":[{"href":"https:\/\/homebyvm.com\/lt\/wp-json\/wp\/v2\/product\/4471","targetHints":{"allow":["GET"]}}],"collection":[{"href":"https:\/\/homebyvm.com\/lt\/wp-json\/wp\/v2\/product"}],"about":[{"href":"https:\/\/homebyvm.com\/lt\/wp-json\/wp\/v2\/types\/product"}],"replies":[{"embeddable":true,"href":"https:\/\/homebyvm.com\/lt\/wp-json\/wp\/v2\/comments?post=4471"}],"wp:featuredmedia":[{"embeddable":true,"href":"https:\/\/homebyvm.com\/lt\/wp-json\/wp\/v2\/media\/3056"}],"wp:attachment":[{"href":"https:\/\/homebyvm.com\/lt\/wp-json\/wp\/v2\/media?parent=4471"}],"wp:term":[{"taxonomy":"product_brand","embeddable":true,"href":"https:\/\/homebyvm.com\/lt\/wp-json\/wp\/v2\/product_brand?post=4471"},{"taxonomy":"product_cat","embeddable":true,"href":"https:\/\/homebyvm.com\/lt\/wp-json\/wp\/v2\/product_cat?post=4471"},{"taxonomy":"product_tag","embeddable":true,"href":"https:\/\/homebyvm.com\/lt\/wp-json\/wp\/v2\/product_tag?post=4471"}],"curies":[{"name":"wp","href":"https:\/\/api.w.org\/{rel}","templated":true}]}}