{"id":4475,"date":"2023-07-21T23:10:55","date_gmt":"2023-07-21T23:10:55","guid":{"rendered":"https:\/\/homebyvm.com\/produktas\/pufa-sako-modern-velvet\/"},"modified":"2024-12-23T13:32:28","modified_gmt":"2024-12-23T13:32:28","slug":"pufa-sako-modern-velvet","status":"publish","type":"product","link":"https:\/\/homebyvm.com\/lt\/produktas\/pufa-sako-modern-velvet\/","title":{"rendered":"\"Sako Modern Velvet\" pufas"},"content":{"rendered":"<p>\"Sako Modern Velvet\" pufas<\/p>\n<p>\"Sako Modern Velvet\" pufas yra geriausias sprendimas vaiko kambariui. M\u016bs\u0173 pasi\u016blyme rasite net 5 dizain\u0173 puf\u0105: p\u016bkuotos avyt\u0117s, mi\u0161ko draugai, besi\u0161ypsan\u010dios lamos, linksmas mi\u0161kas ir mielos undin\u0117l\u0117s. Priklausomai nuo to, k\u0105 m\u0117gsta j\u016bs\u0173 vaikas, galite parinkti tinkam\u0105 ra\u0161t\u0105 jo kambariui. Niekas taip ned\u017eiugina ma\u017eyli\u0173, kaip k\u016briniai su j\u0173 m\u0117gstamiausiais persona\u017eais j\u0173 kambariuose!<br \/>\nI\u0161orinis \u0161io modelio sluoksnis pagamintas i\u0161 liesti malonaus trikota\u017eo, tod\u0117l j\u016bs\u0173 ma\u017eylis su malonumu praleis ant jo laik\u0105. Atsparus trin\u010diai, p\u016bkams ir dr\u0117gmei, taip pat nedegus - \u0161ios savyb\u0117s yra puikus pasirinkimas renkantis k\u0117dut\u0119 savo vaikui.<br \/>\nVisus m\u016bs\u0173 gaminius rankomis gamina Lenkijos gamintojas, naudodamas auk\u0161tos kokyb\u0117s med\u017eiagas. Tai u\u017etikrina, kad savo vaikui renkat\u0117s tai, kas geriausia. Per\u017ei\u016br\u0117kite kitus m\u016bs\u0173 internetin\u0117s parduotuv\u0117s pasi\u016blymus ir raskite geriausius pufus ir fotelius, tinkan\u010dius j\u016bs\u0173 interjerui!<\/p>\n<p>Med\u017eiagos savyb\u0117s<\/p>","protected":false},"excerpt":{"rendered":"<p>Pufa Sako Modern Velvet Pufa Sako Modern Velvet to najlepsze rozwi\u0105zanie do dzieci\u0119cego pokoju. W naszej ofercie znajdziesz t\u0119 puf\u0119 w a\u017c 5 wzorach: puchate owieczki, le\u015bni przyjaciele, u\u015bmiechni\u0119te lamy, weso\u0142y las oraz urocze syrenki. W zale\u017cno\u015bci od tego, co lubi Twoje dziecko mo\u017cesz dopasowa\u0107 odpowiedni nadruk do jego pokoju. Nic tak nie cieszy najm\u0142odszych [&hellip;]<\/p>\n","protected":false},"featured_media":1595,"comment_status":"closed","ping_status":"open","template":"","meta":{"_kad_blocks_custom_css":"","_kad_blocks_head_custom_js":"","_kad_blocks_body_custom_js":"","_kad_blocks_footer_custom_js":""},"product_brand":[],"product_cat":[32],"product_tag":[],"class_list":{"0":"post-4475","1":"product","2":"type-product","3":"status-publish","4":"has-post-thumbnail","6":"product_cat-worki-sako","7":"wcpa_has_options","9":"first","10":"instock","11":"purchasable","12":"product-type-simple"},"taxonomy_info":{"product_cat":[{"value":32,"label":"Worki Sako"}]},"featured_image_src_large":["https:\/\/homebyvm.com\/wp-content\/uploads\/2023\/05\/export-709-1024x1024.jpg",1024,1024,true],"author_info":[],"comment_info":0,"_links":{"self":[{"href":"https:\/\/homebyvm.com\/lt\/wp-json\/wp\/v2\/product\/4475","targetHints":{"allow":["GET"]}}],"collection":[{"href":"https:\/\/homebyvm.com\/lt\/wp-json\/wp\/v2\/product"}],"about":[{"href":"https:\/\/homebyvm.com\/lt\/wp-json\/wp\/v2\/types\/product"}],"replies":[{"embeddable":true,"href":"https:\/\/homebyvm.com\/lt\/wp-json\/wp\/v2\/comments?post=4475"}],"wp:featuredmedia":[{"embeddable":true,"href":"https:\/\/homebyvm.com\/lt\/wp-json\/wp\/v2\/media\/1595"}],"wp:attachment":[{"href":"https:\/\/homebyvm.com\/lt\/wp-json\/wp\/v2\/media?parent=4475"}],"wp:term":[{"taxonomy":"product_brand","embeddable":true,"href":"https:\/\/homebyvm.com\/lt\/wp-json\/wp\/v2\/product_brand?post=4475"},{"taxonomy":"product_cat","embeddable":true,"href":"https:\/\/homebyvm.com\/lt\/wp-json\/wp\/v2\/product_cat?post=4475"},{"taxonomy":"product_tag","embeddable":true,"href":"https:\/\/homebyvm.com\/lt\/wp-json\/wp\/v2\/product_tag?post=4475"}],"curies":[{"name":"wp","href":"https:\/\/api.w.org\/{rel}","templated":true}]}}