{"id":4477,"date":"2023-07-21T23:10:55","date_gmt":"2023-07-21T23:10:55","guid":{"rendered":"https:\/\/homebyvm.com\/produktas\/worek-mega-sako-sztruks-podnozek\/"},"modified":"2024-12-23T13:32:28","modified_gmt":"2024-12-23T13:32:28","slug":"worek-mega-sako-sztruks-podnozek","status":"publish","type":"product","link":"https:\/\/homebyvm.com\/lt\/produktas\/worek-mega-sako-sztruks-podnozek\/","title":{"rendered":"\"Mega Sako\" velvetinis krep\u0161ys + pakojis"},"content":{"rendered":"<p>Atraskite \u0161io didelio ir itin lengvo \"Mega Sako\" krep\u0161io, pagaminto i\u0161 eleganti\u0161ko velveto, privalumus - jis yra ry\u0161ki\u0173 ir ry\u0161ki\u0173 spalv\u0173, kurios pagyvins bet kok\u012f interjer\u0105. Tai poilsiui sukurtas modelis, itin patogus . \u017dinoma, j\u012f galite naudoti ir dirbdami, pavyzd\u017eiui, su ne\u0161iojamuoju kompiuteriu ant keli\u0173. Kod\u0117l jis toks patogus? Jo paslaptis - elastingas u\u017epildas i\u0161 polistireno kamuoliuk\u0173, d\u0117l kurio pufas \u012fgauna form\u0105, puikiai prisitaikan\u010di\u0105 prie m\u016bs\u0173 k\u016bno pad\u0117ties.<\/p>\n<p>Velvetas, kur\u012f galima rinktis i\u0161 itin maloni\u0173 spalv\u0173 palet\u0117s, taip pat pasi\u017eymi ne\u012ftik\u0117tinu atsparumu purvui ir trin\u010diai. Be to, jis visada bus labai malonus liesti, tod\u0117l \u012f tok\u012f puf\u0105 bus labai malonu \u012fsisupti \u012f \u012ftraukiant\u012f skaitym\u0105 ar m\u0117gstam\u0105 televizijos serial\u0105.<\/p>\n<p>Med\u017eiagos savyb\u0117s<\/p>","protected":false},"excerpt":{"rendered":"<p>Poznaj zalety tego du\u017cego i ultra lekkiego worka Mega Sako wykonanego z eleganckiego sztruksu dost\u0119pnego w mocnych i wyrazistych kolorach, kt\u00f3re o\u017cywi\u0105 ka\u017cde wn\u0119trze. To model stworzony do relaksu, niezwykle komfortowy . Mo\u017cemy te\u017c oczywi\u015bcie u\u017cywa\u0107 go podczas pracy, np. z laptopem na kolanach. Dlaczego jest taki wygodny? Jego tajemnica tkwi w elastycznym wype\u0142nieniu ze [&hellip;]<\/p>\n","protected":false},"featured_media":1601,"comment_status":"closed","ping_status":"closed","template":"","meta":{"_kad_blocks_custom_css":"","_kad_blocks_head_custom_js":"","_kad_blocks_body_custom_js":"","_kad_blocks_footer_custom_js":""},"product_brand":[],"product_cat":[32],"product_tag":[],"class_list":{"0":"post-4477","1":"product","2":"type-product","3":"status-publish","4":"has-post-thumbnail","6":"product_cat-worki-sako","7":"wcpa_has_options","9":"first","10":"instock","11":"purchasable","12":"product-type-simple"},"taxonomy_info":{"product_cat":[{"value":32,"label":"Worki Sako"}]},"featured_image_src_large":["https:\/\/homebyvm.com\/wp-content\/uploads\/2023\/05\/export-715-1024x1024.jpg",1024,1024,true],"author_info":[],"comment_info":0,"_links":{"self":[{"href":"https:\/\/homebyvm.com\/lt\/wp-json\/wp\/v2\/product\/4477","targetHints":{"allow":["GET"]}}],"collection":[{"href":"https:\/\/homebyvm.com\/lt\/wp-json\/wp\/v2\/product"}],"about":[{"href":"https:\/\/homebyvm.com\/lt\/wp-json\/wp\/v2\/types\/product"}],"replies":[{"embeddable":true,"href":"https:\/\/homebyvm.com\/lt\/wp-json\/wp\/v2\/comments?post=4477"}],"wp:featuredmedia":[{"embeddable":true,"href":"https:\/\/homebyvm.com\/lt\/wp-json\/wp\/v2\/media\/1601"}],"wp:attachment":[{"href":"https:\/\/homebyvm.com\/lt\/wp-json\/wp\/v2\/media?parent=4477"}],"wp:term":[{"taxonomy":"product_brand","embeddable":true,"href":"https:\/\/homebyvm.com\/lt\/wp-json\/wp\/v2\/product_brand?post=4477"},{"taxonomy":"product_cat","embeddable":true,"href":"https:\/\/homebyvm.com\/lt\/wp-json\/wp\/v2\/product_cat?post=4477"},{"taxonomy":"product_tag","embeddable":true,"href":"https:\/\/homebyvm.com\/lt\/wp-json\/wp\/v2\/product_tag?post=4477"}],"curies":[{"name":"wp","href":"https:\/\/api.w.org\/{rel}","templated":true}]}}