{"id":4479,"date":"2023-07-21T23:10:55","date_gmt":"2023-07-21T23:10:55","guid":{"rendered":"https:\/\/homebyvm.com\/produktas\/poducha-classic-poliester\/"},"modified":"2024-12-23T13:32:32","modified_gmt":"2024-12-23T13:32:32","slug":"poducha-classic-poliester","status":"publish","type":"product","link":"https:\/\/homebyvm.com\/lt\/produktas\/poducha-classic-poliester\/","title":{"rendered":"Klasikin\u0117 poliesterio pagalv\u0117l\u0117"},"content":{"rendered":"<p>Klasikin\u0117 poliesterio pagalv\u0117l\u0117<br \/>\nKlasikin\u0117 poliesterio pagalv\u0117l\u0117 tikrai patiks. Tai stilingas ir labai funkcionalus aksesuaras, kuris tiks bet kuriuose namuose. Jos prakti\u0161kumas vis\u0173 pirma slypi tame, kad j\u0105 galima naudoti \u012fvairiais b\u016bdais.<br \/>\nPagalv\u0117 gali b\u016bti fotelis su atlo\u0161u, kai j\u0105 sulenkiame per vidur\u012f, \u010diu\u017einys, kai j\u0105 pasidedame lygiai, ir patogus pufas. Viskas priklauso tik nuo j\u016bs\u0173 vaizduot\u0117s! Tod\u0117l pagalv\u0117 puikiai tinka atsipalaiduoti ir snausti po piet\u0173, taip pat mokytis ar \u017eaisti. Be to, gaminys turi petne\u0161as, kurios leid\u017eia lengviau keisti jo form\u0105.<br \/>\nNeabejotinas pagalv\u0117s privalumas - auk\u0161ta apdirbimo kokyb\u0117, u\u017etikrinanti atsparum\u0105 pa\u017eeidimams. Be to, med\u017eiaga yra nealergizuojanti, tod\u0117l gaminys visi\u0161kai saugus ir vaikams. Pristatomos pagalv\u0117l\u0117s yra \u012fvairi\u0173 spalv\u0173 variant\u0173, tod\u0117l ji patiks visiems, nepriklausomai nuo to, ar jie vertina paprastum\u0105 ir elegancij\u0105, ar subtili\u0105 beprotyb\u0117s doz\u0119.<br \/>\nMed\u017eiagos savyb\u0117s<\/p>","protected":false},"excerpt":{"rendered":"<p>Poducha Classic Poliester Poducha Classic Poliester z pewno\u015bci\u0105 przypadnie Ci do gustu. To stylowy i niezwykle funkcjonalny dodatek, kt\u00f3ry sprawdzi si\u0119 w ka\u017cdym mieszkaniu. Jego praktyczno\u015b\u0107 polega przede wszystkim na mo\u017cliwo\u015bci wykorzystania go na r\u00f3\u017cne sposoby. Poducha mo\u017ce by\u0107 fotelem z oparciem, gdy zegniemy j\u0105 w po\u0142owie, materacem, gdy po\u0142o\u017cymy j\u0105 na p\u0142asko oraz komfortow\u0105 [&hellip;]<\/p>\n","protected":false},"featured_media":1607,"comment_status":"closed","ping_status":"open","template":"","meta":{"_kad_blocks_custom_css":"","_kad_blocks_head_custom_js":"","_kad_blocks_body_custom_js":"","_kad_blocks_footer_custom_js":""},"product_brand":[],"product_cat":[33],"product_tag":[],"class_list":{"0":"post-4479","1":"product","2":"type-product","3":"status-publish","4":"has-post-thumbnail","6":"product_cat-poduchy","7":"wcpa_has_options","9":"first","10":"instock","11":"purchasable","12":"product-type-simple"},"taxonomy_info":{"product_cat":[{"value":33,"label":"Poduchy"}]},"featured_image_src_large":["https:\/\/homebyvm.com\/wp-content\/uploads\/2023\/05\/export-721-1024x801.jpg",1024,801,true],"author_info":[],"comment_info":0,"_links":{"self":[{"href":"https:\/\/homebyvm.com\/lt\/wp-json\/wp\/v2\/product\/4479","targetHints":{"allow":["GET"]}}],"collection":[{"href":"https:\/\/homebyvm.com\/lt\/wp-json\/wp\/v2\/product"}],"about":[{"href":"https:\/\/homebyvm.com\/lt\/wp-json\/wp\/v2\/types\/product"}],"replies":[{"embeddable":true,"href":"https:\/\/homebyvm.com\/lt\/wp-json\/wp\/v2\/comments?post=4479"}],"wp:featuredmedia":[{"embeddable":true,"href":"https:\/\/homebyvm.com\/lt\/wp-json\/wp\/v2\/media\/1607"}],"wp:attachment":[{"href":"https:\/\/homebyvm.com\/lt\/wp-json\/wp\/v2\/media?parent=4479"}],"wp:term":[{"taxonomy":"product_brand","embeddable":true,"href":"https:\/\/homebyvm.com\/lt\/wp-json\/wp\/v2\/product_brand?post=4479"},{"taxonomy":"product_cat","embeddable":true,"href":"https:\/\/homebyvm.com\/lt\/wp-json\/wp\/v2\/product_cat?post=4479"},{"taxonomy":"product_tag","embeddable":true,"href":"https:\/\/homebyvm.com\/lt\/wp-json\/wp\/v2\/product_tag?post=4479"}],"curies":[{"name":"wp","href":"https:\/\/api.w.org\/{rel}","templated":true}]}}