{"id":4481,"date":"2023-07-21T23:10:55","date_gmt":"2023-07-21T23:10:55","guid":{"rendered":"https:\/\/homebyvm.com\/produktas\/poducha-modern-kids\/"},"modified":"2024-12-23T13:32:32","modified_gmt":"2024-12-23T13:32:32","slug":"poducha-modern-kids","status":"publish","type":"product","link":"https:\/\/homebyvm.com\/lt\/produktas\/poducha-modern-kids\/","title":{"rendered":"\u0160iuolaikin\u0117s vaiki\u0161kos pagalv\u0117l\u0117s"},"content":{"rendered":"<p>\u0160iuolaikin\u0117s vaiki\u0161kos pagalv\u0117l\u0117s<br \/>\n\"Modern Kids\" pagalv\u0117l\u0117 - tai aksesuaras, kuris d\u0117l savo dyd\u017eio ir formos suderina fotelio ir pagalv\u0117l\u0117s savybes. Tai n\u0117ra tradicin\u0117 galvos pagalv\u0117l\u0117. Gamin\u012f galima naudoti kaip savaranki\u0161k\u0105 \u010diu\u017ein\u012f, ant kurio ma\u017eylis gali lengvai u\u017esimerkti po piet\u0173. Pagalv\u0117l\u0119 taip pat lengva pertvarkyti, kad ji tapt\u0173 labai mink\u0161tu foteliu ar pufu. Vaikas gali naudotis ja taip, kaip nori - mokytis, ils\u0117tis, \u017ei\u016br\u0117ti televizori\u0173 ar \u017eaisti pulteliu.<br \/>\nSvarbi vaiki\u0161kos pagalv\u0117l\u0117s savyb\u0117 - geras apdirbimas, d\u0117l kurio gaminys ne tik patvarus, bet ir antialerginis. Vadinasi, mums nereikia nerimauti d\u0117l ma\u017eylio sveikatos. Be to, tinkamai pritaikytas modelio auk\u0161tis - 100 x 140 cm - suma\u017eina kritimo ir sunki\u0173 su\u017ealojim\u0173 rizik\u0105, tod\u0117l jis tampa dar saugesnis. Jo dizainas modernus ir originalus. Gamin\u012f galima \u012fsigyti \u012fvairi\u0173 spalv\u0173, tod\u0117l pasirinkimas \u010dia priklauso nuo vaiko pageidavim\u0173.<\/p>\n<p>Med\u017eiagos savyb\u0117s<\/p>","protected":false},"excerpt":{"rendered":"<p>Poducha Modern Kids Poducha Modern Kids to dodatek, kt\u00f3ry \u0142\u0105czy w sobie cechy fotela i poduszki, a to za spraw\u0105 jej rozmiaru i kszta\u0142tu. Nie jest to bowiem tradycyjna poduszka pod g\u0142ow\u0119. Produkt mo\u017ce stanowi\u0107 samodzielny materac, na kt\u00f3rym maluch swobodnie utnie sobie popo\u0142udniow\u0105 drzemk\u0119. Poza tym wystarczy odpowiednio u\u0142o\u017cy\u0107 poduch\u0119, by zamieni\u0142a si\u0119 w [&hellip;]<\/p>\n","protected":false},"featured_media":2673,"comment_status":"closed","ping_status":"open","template":"","meta":{"_kad_blocks_custom_css":"","_kad_blocks_head_custom_js":"","_kad_blocks_body_custom_js":"","_kad_blocks_footer_custom_js":""},"product_brand":[],"product_cat":[33],"product_tag":[],"class_list":{"0":"post-4481","1":"product","2":"type-product","3":"status-publish","4":"has-post-thumbnail","6":"product_cat-poduchy","7":"wcpa_has_options","9":"first","10":"instock","11":"purchasable","12":"product-type-simple"},"taxonomy_info":{"product_cat":[{"value":33,"label":"Poduchy"}]},"featured_image_src_large":["https:\/\/homebyvm.com\/wp-content\/uploads\/2023\/07\/export-28-1024x1024.jpg",1024,1024,true],"author_info":[],"comment_info":0,"_links":{"self":[{"href":"https:\/\/homebyvm.com\/lt\/wp-json\/wp\/v2\/product\/4481","targetHints":{"allow":["GET"]}}],"collection":[{"href":"https:\/\/homebyvm.com\/lt\/wp-json\/wp\/v2\/product"}],"about":[{"href":"https:\/\/homebyvm.com\/lt\/wp-json\/wp\/v2\/types\/product"}],"replies":[{"embeddable":true,"href":"https:\/\/homebyvm.com\/lt\/wp-json\/wp\/v2\/comments?post=4481"}],"wp:featuredmedia":[{"embeddable":true,"href":"https:\/\/homebyvm.com\/lt\/wp-json\/wp\/v2\/media\/2673"}],"wp:attachment":[{"href":"https:\/\/homebyvm.com\/lt\/wp-json\/wp\/v2\/media?parent=4481"}],"wp:term":[{"taxonomy":"product_brand","embeddable":true,"href":"https:\/\/homebyvm.com\/lt\/wp-json\/wp\/v2\/product_brand?post=4481"},{"taxonomy":"product_cat","embeddable":true,"href":"https:\/\/homebyvm.com\/lt\/wp-json\/wp\/v2\/product_cat?post=4481"},{"taxonomy":"product_tag","embeddable":true,"href":"https:\/\/homebyvm.com\/lt\/wp-json\/wp\/v2\/product_tag?post=4481"}],"curies":[{"name":"wp","href":"https:\/\/api.w.org\/{rel}","templated":true}]}}