{"id":4482,"date":"2023-07-21T23:10:55","date_gmt":"2023-07-21T23:10:55","guid":{"rendered":"https:\/\/homebyvm.com\/produktas\/poducha-m-poliester\/"},"modified":"2024-12-23T13:32:32","modified_gmt":"2024-12-23T13:32:32","slug":"poducha-m-poliester","status":"publish","type":"product","link":"https:\/\/homebyvm.com\/lt\/produktas\/poducha-m-poliester\/","title":{"rendered":"Pagalv\u0117l\u0117 M Poliesteris"},"content":{"rendered":"<p>Pagalv\u0117l\u0117 M Poliesteris<br \/>\n\"M Polyester\" pagalv\u0117l\u0117 - tai fantasti\u0161kas b\u016bdas suteikti interjerui charakterio ir pasim\u0117gauti tinkamu atsipalaidavimu. Juk ar yra kas nors malonesnio u\u017e snaudim\u0105 dideliame med\u017eiaginiame debesyje?<br \/>\n\u010cia pateiktas gaminys vis\u0173 pirma yra daugiafunkcinis. J\u012f galima naudoti kaip \u010diu\u017ein\u012f, ta\u010diau jis puikiai tiks ir kaip fotelis, jei sulenksite j\u012f per pus\u0119 - tokiu atveju jis tur\u0117s atlo\u0161\u0105 - ir kaip pufas, kai ant jo tiesiog s\u0117d\u0117site sulenk\u0119. Ta\u010diau jis neb\u016btinai turi b\u016bti naudojamas tik gul\u0117jimui - ant jo puikiai tiks ir vaikams \u017eaisti.<br \/>\nDidel\u0117 pagalv\u0117 pagaminta i\u0161 auk\u0161tos kokyb\u0117s audinio, tod\u0117l ji dar patogesn\u0117 ir malonesn\u0117 liesti. Audinys taip pat nealergizuoja, tod\u0117l tai populiarus pasirinkimas \u017emon\u0117ms, kovojantiems su alergija. Pagalv\u0117 yra \u012fvairi\u0173 spalv\u0173, daugiausia intensyvi\u0173 ir sodri\u0173, tod\u0117l kiekvienas tikrai ras sau patinkan\u010di\u0105. Estetikos ir patogumo derinys yra puikus pasirinkimas.<br \/>\nMed\u017eiagos savyb\u0117s<\/p>","protected":false},"excerpt":{"rendered":"<p>Poducha M Poliester Poducha M Poliester to fantastyczny spos\u00f3b na dodanie wn\u0119trzom charakteru oraz zafundowanie sobie odpowiedniego relaksu. W ko\u0144cu, czy jest co\u015b przyjemniejszego ni\u017c drzemka w wielkiej, materia\u0142owej chmurce? Prezentowany produkt jest przede wszystkim wielofunkcyjny. Mo\u017ce pos\u0142u\u017cy\u0107 za materac, ale \u015bwietnie sprawdzi si\u0119 r\u00f3wnie\u017c jako fotel, je\u015bli zegnie si\u0119 go w p\u00f3\u0142 \u2013 w\u00f3wczas [&hellip;]<\/p>\n","protected":false},"featured_media":2566,"comment_status":"closed","ping_status":"closed","template":"","meta":{"_kad_blocks_custom_css":"","_kad_blocks_head_custom_js":"","_kad_blocks_body_custom_js":"","_kad_blocks_footer_custom_js":""},"product_brand":[],"product_cat":[33],"product_tag":[],"class_list":{"0":"post-4482","1":"product","2":"type-product","3":"status-publish","4":"has-post-thumbnail","6":"product_cat-poduchy","7":"wcpa_has_options","9":"first","10":"instock","11":"purchasable","12":"product-type-simple"},"taxonomy_info":{"product_cat":[{"value":33,"label":"Poduchy"}]},"featured_image_src_large":["https:\/\/homebyvm.com\/wp-content\/uploads\/2023\/07\/export-17-1024x683.jpg",1024,683,true],"author_info":[],"comment_info":0,"_links":{"self":[{"href":"https:\/\/homebyvm.com\/lt\/wp-json\/wp\/v2\/product\/4482","targetHints":{"allow":["GET"]}}],"collection":[{"href":"https:\/\/homebyvm.com\/lt\/wp-json\/wp\/v2\/product"}],"about":[{"href":"https:\/\/homebyvm.com\/lt\/wp-json\/wp\/v2\/types\/product"}],"replies":[{"embeddable":true,"href":"https:\/\/homebyvm.com\/lt\/wp-json\/wp\/v2\/comments?post=4482"}],"wp:featuredmedia":[{"embeddable":true,"href":"https:\/\/homebyvm.com\/lt\/wp-json\/wp\/v2\/media\/2566"}],"wp:attachment":[{"href":"https:\/\/homebyvm.com\/lt\/wp-json\/wp\/v2\/media?parent=4482"}],"wp:term":[{"taxonomy":"product_brand","embeddable":true,"href":"https:\/\/homebyvm.com\/lt\/wp-json\/wp\/v2\/product_brand?post=4482"},{"taxonomy":"product_cat","embeddable":true,"href":"https:\/\/homebyvm.com\/lt\/wp-json\/wp\/v2\/product_cat?post=4482"},{"taxonomy":"product_tag","embeddable":true,"href":"https:\/\/homebyvm.com\/lt\/wp-json\/wp\/v2\/product_tag?post=4482"}],"curies":[{"name":"wp","href":"https:\/\/api.w.org\/{rel}","templated":true}]}}