{"id":4483,"date":"2023-07-21T23:10:55","date_gmt":"2023-07-21T23:10:55","guid":{"rendered":"https:\/\/homebyvm.com\/produktas\/poducha-l-poliester\/"},"modified":"2026-01-01T15:35:52","modified_gmt":"2026-01-01T15:35:52","slug":"poducha-l-poliester","status":"publish","type":"product","link":"https:\/\/homebyvm.com\/lt\/produktas\/poducha-l-poliester\/","title":{"rendered":"Pagalv\u0117l\u0117 L Poliesteris"},"content":{"rendered":"<p>L pagalv\u0117l\u0117 i\u0161 poliesterio<br \/>\nPoliesterio L formos pagalv\u0117l\u0117 yra tikras mil\u017einas tarp pagalv\u0117li\u0173. D\u0117l mil\u017eini\u0161ko dyd\u017eio - 180 x 140 cm - ant jos gul\u0117ti itin patogu. Taip yra tod\u0117l, kad nereikia u\u017eimti \u012fvairi\u0173 keist\u0173 ir nepatogi\u0173 k\u016bno pad\u0117\u010di\u0173. Tiek pagalv\u0117s dydis, tiek jos forma ir lankstumas leid\u017eia j\u0105 laisvai keisti. Jei norite patogaus, mink\u0161to fotelio, tiesiog sulenkite j\u012f per vidur\u012f ir atremkite \u012f sien\u0105. Kita vertus, paguld\u017eius j\u0105 lygiai, ji virsta ka\u017ekuo pana\u0161iu \u012f \u010diu\u017ein\u012f. Taigi j\u012f galite naudoti \u012fvairiai veiklai, pavyzd\u017eiui, skaitymui, darbui, snaudimui ar televizoriaus \u017ei\u016br\u0117jimui - \u0161iuo atveju turite laisv\u0119, o pagalv\u0117l\u0117 jums i\u0161tikimai tarnaus.<br \/>\nAuk\u0161tos kokyb\u0117s gamyba rei\u0161kia, kad gaminys yra atsparus pa\u017eeidimams ir tarnaus ilgus metus. Gamyboje naudojama med\u017eiaga yra antialergin\u0117, tod\u0117l puikiai tinka jautriems \u017emon\u0117ms. J\u012f galima rinktis i\u0161 keliolikos spalvini\u0173 variant\u0173 - tiek sodresni\u0173, tiek sant\u016bresni\u0173. Tod\u0117l jis tiks prie bet kokio interjero.<br \/>\nMed\u017eiagos savyb\u0117s<\/p>","protected":false},"excerpt":{"rendered":"<p>Poducha L z poliestru Poducha L z poliestru to prawdziwy gigant w\u015br\u00f3d poduszek. Jej ogromne rozmiary \u2013 180 x 140 centymetr\u00f3w \u2013 sprawiaj\u0105, \u017ce le\u017cenie na niej jest wyj\u0105tkowo wygodne. Nie wymaga to bowiem przyjmowania r\u00f3\u017cnych, dziwnych i niekomfortowych pozycji cia\u0142a. Zar\u00f3wno wielko\u015b\u0107 poduchy, jak i jej kszta\u0142t oraz elastyczno\u015b\u0107 pozwalaj\u0105 na jej swobodne modyfikowanie. [&hellip;]<\/p>\n","protected":false},"featured_media":1619,"comment_status":"closed","ping_status":"closed","template":"","meta":{"_kad_blocks_custom_css":"","_kad_blocks_head_custom_js":"","_kad_blocks_body_custom_js":"","_kad_blocks_footer_custom_js":""},"product_brand":[],"product_cat":[33],"product_tag":[],"class_list":{"0":"post-4483","1":"product","2":"type-product","3":"status-publish","4":"has-post-thumbnail","6":"product_cat-poduchy","7":"wcpa_has_options","9":"first","10":"instock","11":"featured","12":"purchasable","13":"product-type-simple"},"taxonomy_info":{"product_cat":[{"value":33,"label":"Poduchy"}]},"featured_image_src_large":["https:\/\/homebyvm.com\/wp-content\/uploads\/2023\/05\/export-733-scaled.jpg",1024,690,false],"author_info":[],"comment_info":0,"_links":{"self":[{"href":"https:\/\/homebyvm.com\/lt\/wp-json\/wp\/v2\/product\/4483","targetHints":{"allow":["GET"]}}],"collection":[{"href":"https:\/\/homebyvm.com\/lt\/wp-json\/wp\/v2\/product"}],"about":[{"href":"https:\/\/homebyvm.com\/lt\/wp-json\/wp\/v2\/types\/product"}],"replies":[{"embeddable":true,"href":"https:\/\/homebyvm.com\/lt\/wp-json\/wp\/v2\/comments?post=4483"}],"wp:featuredmedia":[{"embeddable":true,"href":"https:\/\/homebyvm.com\/lt\/wp-json\/wp\/v2\/media\/1619"}],"wp:attachment":[{"href":"https:\/\/homebyvm.com\/lt\/wp-json\/wp\/v2\/media?parent=4483"}],"wp:term":[{"taxonomy":"product_brand","embeddable":true,"href":"https:\/\/homebyvm.com\/lt\/wp-json\/wp\/v2\/product_brand?post=4483"},{"taxonomy":"product_cat","embeddable":true,"href":"https:\/\/homebyvm.com\/lt\/wp-json\/wp\/v2\/product_cat?post=4483"},{"taxonomy":"product_tag","embeddable":true,"href":"https:\/\/homebyvm.com\/lt\/wp-json\/wp\/v2\/product_tag?post=4483"}],"curies":[{"name":"wp","href":"https:\/\/api.w.org\/{rel}","templated":true}]}}