{"id":4484,"date":"2023-07-21T23:10:57","date_gmt":"2023-07-21T23:10:57","guid":{"rendered":"https:\/\/homebyvm.com\/produktas\/poducha-m-outdoor\/"},"modified":"2024-12-23T13:32:32","modified_gmt":"2024-12-23T13:32:32","slug":"poducha-m-outdoor","status":"publish","type":"product","link":"https:\/\/homebyvm.com\/lt\/produktas\/poducha-m-outdoor\/","title":{"rendered":"M Lauko pagalv\u0117l\u0117"},"content":{"rendered":"<p>M Lauko pagalv\u0117l\u0117<br \/>\n\"M Outdoor\" pagalv\u0117l\u0117 yra labai prakti\u0161kas dizaino elementas, kuris papildys bet koki\u0105 aplink\u0105 ir suteiks jai nuostabaus charakterio. Ji taip pat tinka vaik\u0173 lop\u0161eliams ir dar\u017eeliams. Jos mink\u0161tas u\u017epildas u\u017etikrina saugum\u0105 ma\u017eiesiems \u017eaid\u017eiant. Nereikia nerimauti d\u0117l deformacijos ir formos praradimo. D\u0117l auk\u0161tos kokyb\u0117s pagalv\u0117l\u0117 yra atspari daugeliui pa\u017eeidim\u0173, \u012fskaitant mechaninius ir tuos, kuriuos sukelia saul\u0117s spinduliai. Galite b\u016bti tikri, kad pagalv\u0117l\u0117 tarnaus ilgai.<br \/>\nM\u016bs\u0173 gamini\u0173 spalva nenusiplauna per liet\u0173 ir neblunka d\u0117l saul\u0117s poveikio. Didelis puf\u0173 privalumas yra did\u017eiul\u0117 spalv\u0173 \u012fvairov\u0117 - si\u016blome klasikinius juodus, pilkus ir daugyb\u0119 spalvot\u0173 modeli\u0173 m\u0117gstantiems \u0161iek tiek pa\u0161\u0117lti. Priderinkite tinkam\u0105 spalv\u0105 prie pagalv\u0117s paskirties ir jos naudotoj\u0173 skonio. Galimyb\u0117s yra neribotos. Per\u017ei\u016br\u0117kite kitus m\u016bs\u0173 pasi\u016blymus ir tapkite patogaus laisvalaikio baldo savininku!<br \/>\nMed\u017eiagos savyb\u0117s<\/p>","protected":false},"excerpt":{"rendered":"<p>Poducha M Outdoor Poducha M Outdoor to bardzo praktyczny element wystroju, kt\u00f3ry uzupe\u0142ni ka\u017cd\u0105 aran\u017cacj\u0119 i nada jej niesamowitego charakteru. Sprawdzi si\u0119 ona r\u00f3wnie\u017c jako wyposa\u017cenie \u017c\u0142obk\u00f3w oraz przedszkoli. Jej mi\u0119kkie wype\u0142nienie zapewnia bezpiecze\u0144stwo podczas zabaw najm\u0142odszych. Nie musisz si\u0119 martwi\u0107 o odkszta\u0142cenia i utrat\u0119 kszta\u0142tu. Wysoka jako\u015b\u0107 poduchy sprawia, \u017ce jest ona odporna na [&hellip;]<\/p>\n","protected":false},"featured_media":1622,"comment_status":"closed","ping_status":"open","template":"","meta":{"_kad_blocks_custom_css":"","_kad_blocks_head_custom_js":"","_kad_blocks_body_custom_js":"","_kad_blocks_footer_custom_js":""},"product_brand":[],"product_cat":[33],"product_tag":[],"class_list":{"0":"post-4484","1":"product","2":"type-product","3":"status-publish","4":"has-post-thumbnail","6":"product_cat-poduchy","7":"wcpa_has_options","9":"first","10":"instock","11":"purchasable","12":"product-type-simple"},"taxonomy_info":{"product_cat":[{"value":33,"label":"Poduchy"}]},"featured_image_src_large":["https:\/\/homebyvm.com\/wp-content\/uploads\/2023\/05\/export-736-1024x1024.jpg",1024,1024,true],"author_info":[],"comment_info":0,"_links":{"self":[{"href":"https:\/\/homebyvm.com\/lt\/wp-json\/wp\/v2\/product\/4484","targetHints":{"allow":["GET"]}}],"collection":[{"href":"https:\/\/homebyvm.com\/lt\/wp-json\/wp\/v2\/product"}],"about":[{"href":"https:\/\/homebyvm.com\/lt\/wp-json\/wp\/v2\/types\/product"}],"replies":[{"embeddable":true,"href":"https:\/\/homebyvm.com\/lt\/wp-json\/wp\/v2\/comments?post=4484"}],"wp:featuredmedia":[{"embeddable":true,"href":"https:\/\/homebyvm.com\/lt\/wp-json\/wp\/v2\/media\/1622"}],"wp:attachment":[{"href":"https:\/\/homebyvm.com\/lt\/wp-json\/wp\/v2\/media?parent=4484"}],"wp:term":[{"taxonomy":"product_brand","embeddable":true,"href":"https:\/\/homebyvm.com\/lt\/wp-json\/wp\/v2\/product_brand?post=4484"},{"taxonomy":"product_cat","embeddable":true,"href":"https:\/\/homebyvm.com\/lt\/wp-json\/wp\/v2\/product_cat?post=4484"},{"taxonomy":"product_tag","embeddable":true,"href":"https:\/\/homebyvm.com\/lt\/wp-json\/wp\/v2\/product_tag?post=4484"}],"curies":[{"name":"wp","href":"https:\/\/api.w.org\/{rel}","templated":true}]}}