{"id":4495,"date":"2023-07-21T23:10:57","date_gmt":"2023-07-21T23:10:57","guid":{"rendered":"https:\/\/homebyvm.com\/produktas\/pufa-sakwa-premium\/"},"modified":"2024-12-23T13:32:34","modified_gmt":"2024-12-23T13:32:34","slug":"pufa-sakwa-premium","status":"publish","type":"product","link":"https:\/\/homebyvm.com\/lt\/produktas\/pufa-sakwa-premium\/","title":{"rendered":"Auk\u0161\u010diausios kokyb\u0117s pufas"},"content":{"rendered":"<p>Auk\u0161\u010diausios kokyb\u0117s pufas<br \/>\nMink\u0161tas, purus ir itin patogus - taip galima apib\u016bdinti fantasti\u0161k\u0105 \"Sakwa Premium\" puf\u0105. D\u0117l to, kad jis puikiai priglunda prie k\u016bno, s\u0117d\u0117ti ant jo labai patogu. Jis pagamintas i\u0161 auk\u0161tos kokyb\u0117s nat\u016bralaus avikailio su ilgais plaukais. U\u017epildas - polistireno granul\u0117s, kurios suteikia spyruokli\u0161kumo, komforto ir patogumo. Tai didel\u0117 s\u0117dyn\u0117, kurios pagrindas yra 100 cm plo\u010dio. Galite \u012f j\u0105 \u012fsitaisyti ir visi\u0161kai atsipalaiduoti. J\u0105 galima naudoti tiek atsipalaidavimui ir poilsiui, tiek \u017eaidimams, tod\u0117l ji puikiai tiks miegamajame, vaiko kambaryje ar svetain\u0117je. Ji puikiai tiks skandinavi\u0161ku stiliumi \u012frengtame bute, o kitokios stilistikos bute bus \u012fdomus kontrastingas elementas. Puf\u0105 galima rinktis i\u0161 daugyb\u0117s spalv\u0173 - nuo \u0161viesiai ekru, per pudros rausvos iki rudos. Kiekvienas tikrai ras savo namams tinkamo atspalvio model\u012f. Gamyboje naudotos auk\u0161tos kokyb\u0117s med\u017eiagos ir labai kruop\u0161tus apdirbimas yra ilgo naudojimo garantija.<\/p>","protected":false},"excerpt":{"rendered":"<p>Pufa Sakwa Premium Mi\u0119kko\u015b\u0107, puszysto\u015b\u0107 i super wygoda &#8211; tak mo\u017cna opisa\u0107 fantastyczn\u0105 puf\u0119 Sakwa Premium. Dzi\u0119ki idealnemu dopasowaniu do cia\u0142a siedzenie na niej jest bardzo wygodne. Wykonana zosta\u0142a z wysokiej jako\u015bci, naturalnej sk\u00f3ry owczej z d\u0142ugim w\u0142osiem. Wype\u0142nienie to granulat styropianowy, kt\u00f3ry zapewnia spr\u0119\u017cysto\u015b\u0107, wygod\u0119 i komfort u\u017cytkowania. To du\u017ce siedzisko, kt\u00f3rego podstawa ma [&hellip;]<\/p>\n","protected":false},"featured_media":3076,"comment_status":"closed","ping_status":"open","template":"","meta":{"_kad_blocks_custom_css":"","_kad_blocks_head_custom_js":"","_kad_blocks_body_custom_js":"","_kad_blocks_footer_custom_js":""},"product_brand":[],"product_cat":[28,34],"product_tag":[],"class_list":{"0":"post-4495","1":"product","2":"type-product","3":"status-publish","4":"has-post-thumbnail","6":"product_cat-pufy","7":"product_cat-pufy-premium","8":"wcpa_has_options","10":"first","11":"instock","12":"purchasable","13":"product-type-simple"},"taxonomy_info":{"product_cat":[{"value":28,"label":"Pufy"},{"value":34,"label":"Pufy Premium"}]},"featured_image_src_large":["https:\/\/homebyvm.com\/wp-content\/uploads\/2023\/07\/export-34.jpg",752,750,false],"author_info":[],"comment_info":0,"_links":{"self":[{"href":"https:\/\/homebyvm.com\/lt\/wp-json\/wp\/v2\/product\/4495","targetHints":{"allow":["GET"]}}],"collection":[{"href":"https:\/\/homebyvm.com\/lt\/wp-json\/wp\/v2\/product"}],"about":[{"href":"https:\/\/homebyvm.com\/lt\/wp-json\/wp\/v2\/types\/product"}],"replies":[{"embeddable":true,"href":"https:\/\/homebyvm.com\/lt\/wp-json\/wp\/v2\/comments?post=4495"}],"wp:featuredmedia":[{"embeddable":true,"href":"https:\/\/homebyvm.com\/lt\/wp-json\/wp\/v2\/media\/3076"}],"wp:attachment":[{"href":"https:\/\/homebyvm.com\/lt\/wp-json\/wp\/v2\/media?parent=4495"}],"wp:term":[{"taxonomy":"product_brand","embeddable":true,"href":"https:\/\/homebyvm.com\/lt\/wp-json\/wp\/v2\/product_brand?post=4495"},{"taxonomy":"product_cat","embeddable":true,"href":"https:\/\/homebyvm.com\/lt\/wp-json\/wp\/v2\/product_cat?post=4495"},{"taxonomy":"product_tag","embeddable":true,"href":"https:\/\/homebyvm.com\/lt\/wp-json\/wp\/v2\/product_tag?post=4495"}],"curies":[{"name":"wp","href":"https:\/\/api.w.org\/{rel}","templated":true}]}}