{"id":4501,"date":"2023-07-21T23:10:57","date_gmt":"2023-07-21T23:10:57","guid":{"rendered":"https:\/\/homebyvm.com\/produktas\/pufa-cube-premium-skora-owcza\/"},"modified":"2024-02-26T12:26:55","modified_gmt":"2024-02-26T12:26:55","slug":"pufa-cube-premium-skora-owcza","status":"publish","type":"product","link":"https:\/\/homebyvm.com\/lt\/produktas\/pufa-cube-premium-skora-owcza\/","title":{"rendered":"\"Cube Premium\" avikailio pufas"},"content":{"rendered":"<p>\"CUBE PREMIUM\" AVIKAILIO PUFAS<br \/>\n\"Cube Premium Sheepskin Pufas\" - tai modelis, idealiai tinkantis pastaruoju metu itin madingiems skandinavi\u0161ko stiliaus interjerams. \u0160iam stiliui b\u016bdingas minimalizmas ir \u017ealiav\u0173 naudojimas, tod\u0117l pufas i\u0161 avies odos puikiai dera prie \u0161ios tendencijos. Jei norite \u012fsirengti namus kaip presti\u017ei\u0161kiausiuose interjero dizaino \u017eurnaluose, pataik\u0117te ten, kur reikia - m\u016bs\u0173 \"Cube Premium Sheepskin\" pufas i\u0161 avies odos pad\u0117s jums tai padaryti!<br \/>\n\u0160is pufo modelis yra ne tik dizainerio ir madingas. Tai vis\u0173 pirma auk\u0161\u010diausio lygio komfortas ir patogumas. Itin malonus liesti ir aksominis avikailis gerokai padidina pufo naudojimo komfort\u0105. Pufui \"Cube Premium Sheepskin\" suteiktas kokyb\u0117s sertifikatas - esate garantuoti, kad perkate auk\u0161tos kokyb\u0117s gamin\u012f. M\u016bs\u0173 gaminiai gaminami rankomis, tod\u0117l galite b\u016bti tikri, kad kiekviena detal\u0117 kruop\u0161\u010diai i\u0161dirbta. Rinkit\u0117s gaminius i\u0161 pufy.pl parduotuv\u0117s ir patys \u012fsitikinkite, k\u0105 rei\u0161kia auk\u0161\u010diausia kokyb\u0117!<\/p>","protected":false},"excerpt":{"rendered":"<p>PUFA CUBE PREMIUM SK\u00d3RA OWCZA Pufa Cube Premium Sk\u00f3ra Owcza to model, kt\u00f3ry idealnie pasuje do bardzo modnych ostatnio wn\u0119trz w stylu skandynawskim. Styl ten cechuje przede wszystkim minimalizm oraz wykorzystanie surowych materia\u0142\u00f3w, dlatego pufa wykonana z owczej sk\u00f3ry idealnie wpasowuje si\u0119 w ten trend. Je\u015bli chcesz urz\u0105dzi\u0107 swoje mieszkanie niczym z najbardziej presti\u017cowych magazyn\u00f3w [&hellip;]<\/p>\n","protected":false},"featured_media":1676,"comment_status":"closed","ping_status":"open","template":"","meta":{"_kad_blocks_custom_css":"","_kad_blocks_head_custom_js":"","_kad_blocks_body_custom_js":"","_kad_blocks_footer_custom_js":""},"product_brand":[],"product_cat":[28,34],"product_tag":[],"class_list":{"0":"post-4501","1":"product","2":"type-product","3":"status-publish","4":"has-post-thumbnail","6":"product_cat-pufy","7":"product_cat-pufy-premium","8":"wcpa_has_options","10":"first","11":"outofstock","12":"purchasable","13":"product-type-simple"},"taxonomy_info":{"product_cat":[{"value":28,"label":"Pufy"},{"value":34,"label":"Pufy Premium"}]},"featured_image_src_large":["https:\/\/homebyvm.com\/wp-content\/uploads\/2023\/05\/export-790-1024x1024.jpg",1024,1024,true],"author_info":[],"comment_info":0,"_links":{"self":[{"href":"https:\/\/homebyvm.com\/lt\/wp-json\/wp\/v2\/product\/4501","targetHints":{"allow":["GET"]}}],"collection":[{"href":"https:\/\/homebyvm.com\/lt\/wp-json\/wp\/v2\/product"}],"about":[{"href":"https:\/\/homebyvm.com\/lt\/wp-json\/wp\/v2\/types\/product"}],"replies":[{"embeddable":true,"href":"https:\/\/homebyvm.com\/lt\/wp-json\/wp\/v2\/comments?post=4501"}],"wp:featuredmedia":[{"embeddable":true,"href":"https:\/\/homebyvm.com\/lt\/wp-json\/wp\/v2\/media\/1676"}],"wp:attachment":[{"href":"https:\/\/homebyvm.com\/lt\/wp-json\/wp\/v2\/media?parent=4501"}],"wp:term":[{"taxonomy":"product_brand","embeddable":true,"href":"https:\/\/homebyvm.com\/lt\/wp-json\/wp\/v2\/product_brand?post=4501"},{"taxonomy":"product_cat","embeddable":true,"href":"https:\/\/homebyvm.com\/lt\/wp-json\/wp\/v2\/product_cat?post=4501"},{"taxonomy":"product_tag","embeddable":true,"href":"https:\/\/homebyvm.com\/lt\/wp-json\/wp\/v2\/product_tag?post=4501"}],"curies":[{"name":"wp","href":"https:\/\/api.w.org\/{rel}","templated":true}]}}