{"id":4505,"date":"2023-07-21T23:11:00","date_gmt":"2023-07-21T23:11:00","guid":{"rendered":"https:\/\/homebyvm.com\/produktas\/podnozek-dubaj-premium\/"},"modified":"2024-12-23T13:32:34","modified_gmt":"2024-12-23T13:32:34","slug":"podnozek-dubaj-premium","status":"publish","type":"product","link":"https:\/\/homebyvm.com\/lt\/produktas\/podnozek-dubaj-premium\/","title":{"rendered":"\"Dubai Premium\" pakojis"},"content":{"rendered":"<p>KOJ\u0172 KILIM\u0116LIS DUBAJUS<br \/>\n\u0160iuolaikinis p\u0117d\u0173 pakojis - tai ne tik atrama kojoms. \u0160i prakti\u0161ka interjero detal\u0117 gali atlikti daugyb\u0119 funkcij\u0173, priklausomai nuo naudotojo poreiki\u0173. Dubajaus pakojis yra itin patogi atrama, leid\u017eianti i\u0161tiesti kojas po sunkios darbo dienos. Naudojant \u0161\u012f aksesuar\u0105, r\u016bpinamasi tinkama gal\u016bni\u0173 kraujotaka. \u0160is gaminys ypa\u010d rekomenduojamas biuro darbuotojams, kurie ilgas valandas praleid\u017eia vienoje pad\u0117tyje. \u0160is stilingas pufas akimirksniu gali virsti patogia s\u0117dyne. Dubajaus pufo auk\u0161tis leid\u017eia patogiai s\u0117d\u0117ti prie moderni\u0173 kavos staliuk\u0173 ir klasikini\u0173 medini\u0173 suol\u0173. Dubajaus p\u0117dkeln\u0117 aptraukta nat\u016bralios tekst\u016bros oda, o jos vidus u\u017epildytas spyruokliuojan\u010diu granulatu. Kruop\u0161\u010diai atrinktos med\u017eiagos yra auk\u0161tos kokyb\u0117s pagaminimo garantija. Lenk\u0173 gamintojas pateisino savo klient\u0173 l\u016bkes\u010dius ir suteik\u0117 \"Dubaj\" pakoj\u0117jui 24 m\u0117nesi\u0173 garantij\u0105. \u0160is patogus pufas sukurs darni\u0105 visum\u0105 su \"Dubaj\" linijos foteliu.<\/p>","protected":false},"excerpt":{"rendered":"<p>PODN\u00d3\u017bEK DUBAJ Nowoczesny podn\u00f3\u017cek to nie tylko podstawa pod stopy. Ten praktyczny element wyposa\u017cenia wn\u0119trza mo\u017ce spe\u0142nia\u0107 wiele funkcji, w zale\u017cno\u015bci od potrzeb u\u017cytkownika. Podn\u00f3\u017cek Dubaj to niezwykle wygodna podp\u00f3rka, umo\u017cliwiaj\u0105ca wyprostowa\u0107 nogi po ci\u0119\u017ckim dniu pracy. Korzystanie z tego dodatku, dba o prawid\u0142owe kr\u0105\u017cenie Twoich ko\u0144czyn. Produkt ten jest szczeg\u00f3lnie polecany pracownikom biurowym, kt\u00f3rzy [&hellip;]<\/p>\n","protected":false},"featured_media":1688,"comment_status":"closed","ping_status":"closed","template":"","meta":{"_kad_blocks_custom_css":"","_kad_blocks_head_custom_js":"","_kad_blocks_body_custom_js":"","_kad_blocks_footer_custom_js":""},"product_brand":[],"product_cat":[28,34],"product_tag":[],"class_list":{"0":"post-4505","1":"product","2":"type-product","3":"status-publish","4":"has-post-thumbnail","6":"product_cat-pufy","7":"product_cat-pufy-premium","8":"wcpa_has_options","10":"first","11":"instock","12":"purchasable","13":"product-type-simple"},"taxonomy_info":{"product_cat":[{"value":28,"label":"Pufy"},{"value":34,"label":"Pufy Premium"}]},"featured_image_src_large":["https:\/\/homebyvm.com\/wp-content\/uploads\/2023\/05\/export-802-1024x1024.jpg",1024,1024,true],"author_info":[],"comment_info":0,"_links":{"self":[{"href":"https:\/\/homebyvm.com\/lt\/wp-json\/wp\/v2\/product\/4505","targetHints":{"allow":["GET"]}}],"collection":[{"href":"https:\/\/homebyvm.com\/lt\/wp-json\/wp\/v2\/product"}],"about":[{"href":"https:\/\/homebyvm.com\/lt\/wp-json\/wp\/v2\/types\/product"}],"replies":[{"embeddable":true,"href":"https:\/\/homebyvm.com\/lt\/wp-json\/wp\/v2\/comments?post=4505"}],"wp:featuredmedia":[{"embeddable":true,"href":"https:\/\/homebyvm.com\/lt\/wp-json\/wp\/v2\/media\/1688"}],"wp:attachment":[{"href":"https:\/\/homebyvm.com\/lt\/wp-json\/wp\/v2\/media?parent=4505"}],"wp:term":[{"taxonomy":"product_brand","embeddable":true,"href":"https:\/\/homebyvm.com\/lt\/wp-json\/wp\/v2\/product_brand?post=4505"},{"taxonomy":"product_cat","embeddable":true,"href":"https:\/\/homebyvm.com\/lt\/wp-json\/wp\/v2\/product_cat?post=4505"},{"taxonomy":"product_tag","embeddable":true,"href":"https:\/\/homebyvm.com\/lt\/wp-json\/wp\/v2\/product_tag?post=4505"}],"curies":[{"name":"wp","href":"https:\/\/api.w.org\/{rel}","templated":true}]}}