{"id":4516,"date":"2023-07-21T23:11:00","date_gmt":"2023-07-21T23:11:00","guid":{"rendered":"https:\/\/homebyvm.com\/produktas\/fotel-keiko-l-premium\/"},"modified":"2023-08-06T13:52:44","modified_gmt":"2023-08-06T13:52:44","slug":"fotel-keiko-l-premium","status":"publish","type":"product","link":"https:\/\/homebyvm.com\/lt\/produktas\/fotel-keiko-l-premium\/","title":{"rendered":"\"Keiko L Premium\" fotelis"},"content":{"rendered":"<p>\"KEIKO L PREMIUM\" FOTELIS<br \/>\nJau seniai \u017einoma, kad tinkamai parinkti dekoratyviniai elementai lemia vizualin\u0119 sutvarkytos erdv\u0117s vert\u0119. \u012erengus eleganti\u0161k\u0105 s\u0117dim\u0105j\u0105 viet\u0105 svetain\u0117je, galima i\u0161 esm\u0117s pakeisti jos i\u0161vaizd\u0105 ir atmosfer\u0105.<br \/>\nGlam\u016brinio stiliaus kambariuose b\u016btina tur\u0117ti fotelius, pasi\u017eymin\u010dius prabangiais plaukais. Siekdami patenkinti i\u0161rankiausi\u0173 klient\u0173 poreikius, si\u016blome jums nauj\u0105j\u012f fotel\u012f \"Keiko L Premium\".Si\u016blom\u0105 gamin\u012f d\u0117l jo originalaus stiliaus dievina dailiosios lyties atstov\u0117s. D\u0117l naudojamos nat\u016bralios avies odos \"Keiko\" fotelis yra auk\u0161tos kokyb\u0117s apdirbimu pasi\u017eymintis gaminys. Be to, \u0161is baldas yra draugi\u0161kas alergi\u0161kiems \u017emon\u0117ms.<br \/>\n\u0160i moderni s\u0117dyn\u0117 ypa\u010d patraukliai atrodys \u0161alia moderni\u0173 tualetini\u0173 staliuk\u0173 ir kilim\u0173.<\/p>","protected":false},"excerpt":{"rendered":"<p>FOTEL KEIKO L PREMIUM Nie od dzi\u015b wiadomo, \u017ce odpowiednio dobrane elementy dekoracyjne, decyduj\u0105 o walorach wizualnych aran\u017cowanej przestrzeni. Ustawienie eleganckiego siedziska w Twoim pokoju dziennym mo\u017ce diametralnie zmieni\u0107 jego wygl\u0105d i panuj\u0105c\u0105 w nim atmosfer\u0119. Fotele cechuj\u0105ce si\u0119 bujnym w\u0142osem s\u0105 obowi\u0105zkowym dodatkiem do pokoi zachowanych w stylu glamour. Chc\u0105c zaspokoi\u0107 potrzeby najbardziej wymagaj\u0105cych [&hellip;]<\/p>\n","protected":false},"featured_media":1721,"comment_status":"closed","ping_status":"closed","template":"","meta":{"_kad_blocks_custom_css":"","_kad_blocks_head_custom_js":"","_kad_blocks_body_custom_js":"","_kad_blocks_footer_custom_js":""},"product_brand":[],"product_cat":[28,34],"product_tag":[],"class_list":{"0":"post-4516","1":"product","2":"type-product","3":"status-publish","4":"has-post-thumbnail","6":"product_cat-pufy","7":"product_cat-pufy-premium","8":"wcpa_has_options","10":"first","11":"outofstock","12":"purchasable","13":"product-type-simple"},"taxonomy_info":{"product_cat":[{"value":28,"label":"Pufy"},{"value":34,"label":"Pufy Premium"}]},"featured_image_src_large":["https:\/\/homebyvm.com\/wp-content\/uploads\/2023\/05\/export-835.jpg",1024,1024,false],"author_info":[],"comment_info":0,"_links":{"self":[{"href":"https:\/\/homebyvm.com\/lt\/wp-json\/wp\/v2\/product\/4516","targetHints":{"allow":["GET"]}}],"collection":[{"href":"https:\/\/homebyvm.com\/lt\/wp-json\/wp\/v2\/product"}],"about":[{"href":"https:\/\/homebyvm.com\/lt\/wp-json\/wp\/v2\/types\/product"}],"replies":[{"embeddable":true,"href":"https:\/\/homebyvm.com\/lt\/wp-json\/wp\/v2\/comments?post=4516"}],"wp:featuredmedia":[{"embeddable":true,"href":"https:\/\/homebyvm.com\/lt\/wp-json\/wp\/v2\/media\/1721"}],"wp:attachment":[{"href":"https:\/\/homebyvm.com\/lt\/wp-json\/wp\/v2\/media?parent=4516"}],"wp:term":[{"taxonomy":"product_brand","embeddable":true,"href":"https:\/\/homebyvm.com\/lt\/wp-json\/wp\/v2\/product_brand?post=4516"},{"taxonomy":"product_cat","embeddable":true,"href":"https:\/\/homebyvm.com\/lt\/wp-json\/wp\/v2\/product_cat?post=4516"},{"taxonomy":"product_tag","embeddable":true,"href":"https:\/\/homebyvm.com\/lt\/wp-json\/wp\/v2\/product_tag?post=4516"}],"curies":[{"name":"wp","href":"https:\/\/api.w.org\/{rel}","templated":true}]}}