{"id":4518,"date":"2023-07-21T23:11:00","date_gmt":"2023-07-21T23:11:00","guid":{"rendered":"https:\/\/homebyvm.com\/produktas\/poduszka-premium-60x60\/"},"modified":"2024-12-23T13:32:53","modified_gmt":"2024-12-23T13:32:53","slug":"poduszka-premium-60x60","status":"publish","type":"product","link":"https:\/\/homebyvm.com\/lt\/produktas\/poduszka-premium-60x60\/","title":{"rendered":"Auk\u0161\u010diausios kokyb\u0117s pagalv\u0117 60\u00d760"},"content":{"rendered":"<p>AUK\u0160\u010cIAUSIOS KOKYB\u0116S PAGALV\u0116L\u0116<br \/>\n\u0160iuolaikin\u0117 pagalv\u0117l\u0117 yra funkcionalumo ir nepaprasto vizualinio patrauklumo sinonimas. Pagalv\u0117l\u0117 \"Premium\" sukurta taip, kad u\u017etikrint\u0173 auk\u0161\u010diausi\u0105 \u012fmanom\u0105 komfort\u0105. \u0160is prakti\u0161kas aksesuaras lyd\u0117s savo naudotoj\u0105 vakarinio poilsio akimirkomis. Gaminys taip pat gali s\u0117kmingai pasitarnauti kaip patogi atrama per \u0161eimos film\u0173 per\u017ei\u016bras. Mink\u0161tas pagalv\u0117l\u0117s u\u017epildas yra palankus atpalaiduojan\u010diam snauduliui. Paprasta \u0161io dekoratyvaus elemento forma patiks net reikliausiems dizaino entuziastams.<br \/>\nPagalv\u0117l\u0117s gamybai naudotas nat\u016bralus avies kailis. Tvirta med\u017eiaga ir kruop\u0161tus pagalv\u0117l\u0117s siuvimas lemia, kad si\u016blomas aksesuaras i\u0161siskiria nepaprastu patvarumu. Premium pagalv\u0117l\u0119 itin lengva pri\u017ei\u016br\u0117ti. Kasdien\u0117s veiklos metu nuo pagalv\u0117l\u0117s lengvai pa\u0161alinsite ne\u0161varumus. Gyv\u016bno motyvas puikiai atrodys tiek moderniuose gyvenamuosiuose kambariuose, tiek tradicin\u0117se svetain\u0117se.<\/p>","protected":false},"excerpt":{"rendered":"<p>PODUSZKA PREMIUM Nowoczesna poduszka to synonim funkcjonalno\u015bci i niebanalnych walor\u00f3w wizualnych. Poduszka Premium zosta\u0142a stworzona z my\u015bl\u0105 o zapewnieniu Ci mo\u017cliwie najwy\u017cszego komfortu. Ten praktyczny dodatek b\u0119dzie towarzyszy\u0107 swojemu u\u017cytkownikowi w czasie wieczornych chwil relaksu. Produkt ten mo\u017ce r\u00f3wnie\u017c z powodzeniem pe\u0142ni\u0107 funkcj\u0119 wygodnego podparcia w trakcie rodzinnych seans\u00f3w filmowych. Mi\u0119kkie wype\u0142nienie poduszki sprzyja odpr\u0119\u017caj\u0105cym [&hellip;]<\/p>\n","protected":false},"featured_media":1727,"comment_status":"closed","ping_status":"open","template":"","meta":{"_kad_blocks_custom_css":"","_kad_blocks_head_custom_js":"","_kad_blocks_body_custom_js":"","_kad_blocks_footer_custom_js":""},"product_brand":[],"product_cat":[28,34],"product_tag":[],"class_list":{"0":"post-4518","1":"product","2":"type-product","3":"status-publish","4":"has-post-thumbnail","6":"product_cat-pufy","7":"product_cat-pufy-premium","8":"wcpa_has_options","10":"first","11":"instock","12":"purchasable","13":"product-type-simple"},"taxonomy_info":{"product_cat":[{"value":28,"label":"Pufy"},{"value":34,"label":"Pufy Premium"}]},"featured_image_src_large":["https:\/\/homebyvm.com\/wp-content\/uploads\/2023\/05\/export-841-1024x1024.jpg",1024,1024,true],"author_info":[],"comment_info":0,"_links":{"self":[{"href":"https:\/\/homebyvm.com\/lt\/wp-json\/wp\/v2\/product\/4518","targetHints":{"allow":["GET"]}}],"collection":[{"href":"https:\/\/homebyvm.com\/lt\/wp-json\/wp\/v2\/product"}],"about":[{"href":"https:\/\/homebyvm.com\/lt\/wp-json\/wp\/v2\/types\/product"}],"replies":[{"embeddable":true,"href":"https:\/\/homebyvm.com\/lt\/wp-json\/wp\/v2\/comments?post=4518"}],"wp:featuredmedia":[{"embeddable":true,"href":"https:\/\/homebyvm.com\/lt\/wp-json\/wp\/v2\/media\/1727"}],"wp:attachment":[{"href":"https:\/\/homebyvm.com\/lt\/wp-json\/wp\/v2\/media?parent=4518"}],"wp:term":[{"taxonomy":"product_brand","embeddable":true,"href":"https:\/\/homebyvm.com\/lt\/wp-json\/wp\/v2\/product_brand?post=4518"},{"taxonomy":"product_cat","embeddable":true,"href":"https:\/\/homebyvm.com\/lt\/wp-json\/wp\/v2\/product_cat?post=4518"},{"taxonomy":"product_tag","embeddable":true,"href":"https:\/\/homebyvm.com\/lt\/wp-json\/wp\/v2\/product_tag?post=4518"}],"curies":[{"name":"wp","href":"https:\/\/api.w.org\/{rel}","templated":true}]}}