{"id":4520,"date":"2023-07-21T23:11:00","date_gmt":"2023-07-21T23:11:00","guid":{"rendered":"https:\/\/homebyvm.com\/produktas\/fotel-keiko-s-ekoskora-mix\/"},"modified":"2026-01-01T15:35:52","modified_gmt":"2026-01-01T15:35:52","slug":"fotel-keiko-s-ekoskora-mix","status":"publish","type":"product","link":"https:\/\/homebyvm.com\/lt\/produktas\/fotel-keiko-s-ekoskora-mix\/","title":{"rendered":"\"Keiko S Eco leather Mix\" fotelis"},"content":{"rendered":"<p>Trikampio spalvos parenkamos atsitiktine tvarka.Keiko S Eko odos fotelis<br \/>\nSpalvingas \"Keiko S\" fotelis - mink\u0161tas ir patogus baldas, i\u0161siskiriantis moderniu dizainu. Plati s\u0117dyn\u0117 su ai\u0161kiai apibr\u0117\u017eta s\u0117dim\u0105ja dalimi ir auk\u0161tas, stabilus atlo\u0161as garantuoja itin malonias poilsio akimirkas; be to, fotelis puikiai atrodo, tod\u0117l bus puikus j\u016bs\u0173 svetain\u0117s dekoratyvinis elementas. M\u016bs\u0173 pasi\u016blyme pufy.pl svetain\u0117je \u0161\u012f patraukl\u0173 ir funkcional\u0173 puf\u0105 suaugusiesiems galima \u012fsigyti vidutinio dyd\u017eio (Medium), o vaikams - ma\u017eesnio dyd\u017eio (Small).<br \/>\n\"Keiko S\" atpalaiduojantis fotelis u\u017etikrina auk\u0161t\u0105 komforto lyg\u012f. Jis u\u017epildytas tinkamu kiekiu granuli\u0173, kurios spaud\u017eiant prisitaiko prie naudotojo k\u016bno formos, \u0161velniai j\u012f apgaubia ir maloniai nuteikia. Pristatomas fotelis pagamintas i\u0161 mink\u0161tos ir lengvai valomos ekologi\u0161kos odos. J\u012f galima rinktis i\u0161 daugelio spalv\u0173 variant\u0173, taip pat i\u0161 spalvot\u0173 trikampi\u0173. Be to, fotelis turi labai patogi\u0105 ranken\u0105, tod\u0117l j\u012f lengva perkelti ar perne\u0161ti.<br \/>\nMed\u017eiagos savyb\u0117s<\/p>","protected":false},"excerpt":{"rendered":"<p>Kolory tr\u00f3jk\u0105t\u00f3w dobierane s\u0105 losowo.Fotel Keiko S Ekosk\u00f3ra Kolorowy Fotel Keiko S to mi\u0119kki i wygodny mebel, wyr\u00f3\u017cniaj\u0105cy si\u0119 nowoczesnym designem. Szerokie siedzisko o wyra\u017anie zarysowanej cz\u0119\u015bci siedz\u0105cej i wysokie, stabilne oparcie gwarantuje niezwykle przyjemne chwile relaksu, ponadto fotel \u015bwietnie si\u0119 prezentuje dlatego b\u0119dzie doskona\u0142ym elementem dekoracyjnym w Twoim salonie. W naszej ofercie na pufy.pl [&hellip;]<\/p>\n","protected":false},"featured_media":1733,"comment_status":"closed","ping_status":"closed","template":"","meta":{"_kad_blocks_custom_css":"","_kad_blocks_head_custom_js":"","_kad_blocks_body_custom_js":"","_kad_blocks_footer_custom_js":""},"product_brand":[],"product_cat":[32,35],"product_tag":[],"class_list":{"0":"post-4520","1":"product","2":"type-product","3":"status-publish","4":"has-post-thumbnail","6":"product_cat-worki-sako","7":"product_cat-worki-sako-male","8":"wcpa_has_options","10":"first","11":"instock","12":"featured","13":"purchasable","14":"product-type-simple"},"taxonomy_info":{"product_cat":[{"value":32,"label":"Worki Sako"},{"value":35,"label":"Worki sako ma\u0142e"}]},"featured_image_src_large":["https:\/\/homebyvm.com\/wp-content\/uploads\/2023\/05\/export-847-1024x1024.jpg",1024,1024,true],"author_info":[],"comment_info":0,"_links":{"self":[{"href":"https:\/\/homebyvm.com\/lt\/wp-json\/wp\/v2\/product\/4520","targetHints":{"allow":["GET"]}}],"collection":[{"href":"https:\/\/homebyvm.com\/lt\/wp-json\/wp\/v2\/product"}],"about":[{"href":"https:\/\/homebyvm.com\/lt\/wp-json\/wp\/v2\/types\/product"}],"replies":[{"embeddable":true,"href":"https:\/\/homebyvm.com\/lt\/wp-json\/wp\/v2\/comments?post=4520"}],"wp:featuredmedia":[{"embeddable":true,"href":"https:\/\/homebyvm.com\/lt\/wp-json\/wp\/v2\/media\/1733"}],"wp:attachment":[{"href":"https:\/\/homebyvm.com\/lt\/wp-json\/wp\/v2\/media?parent=4520"}],"wp:term":[{"taxonomy":"product_brand","embeddable":true,"href":"https:\/\/homebyvm.com\/lt\/wp-json\/wp\/v2\/product_brand?post=4520"},{"taxonomy":"product_cat","embeddable":true,"href":"https:\/\/homebyvm.com\/lt\/wp-json\/wp\/v2\/product_cat?post=4520"},{"taxonomy":"product_tag","embeddable":true,"href":"https:\/\/homebyvm.com\/lt\/wp-json\/wp\/v2\/product_tag?post=4520"}],"curies":[{"name":"wp","href":"https:\/\/api.w.org\/{rel}","templated":true}]}}