{"id":4521,"date":"2023-07-21T23:11:00","date_gmt":"2023-07-21T23:11:00","guid":{"rendered":"https:\/\/homebyvm.com\/produktas\/fotel-yoko-sztruks\/"},"modified":"2024-12-23T13:32:54","modified_gmt":"2024-12-23T13:32:54","slug":"fotel-yoko-sztruks","status":"publish","type":"product","link":"https:\/\/homebyvm.com\/lt\/produktas\/fotel-yoko-sztruks\/","title":{"rendered":"\"Yoko\" velvetinis fotelis"},"content":{"rendered":"<p>Yoko Corduroy fotelis - pagalv\u0117l\u0117 nemokamai!<br \/>\nPatog\u016bs baldai namuose, sode, terasoje ar vie\u0161osiose erdv\u0117se - tai tikra b\u016btinyb\u0117. Gerai parinktas mink\u0161tas fotelis ar pufas gali suteikti maksimal\u0173 komfort\u0105 ir d\u0117l savo unikalaus dizaino papildyti daugelio interjer\u0173 dizain\u0105. \u012esivaizduokite, kaip mink\u0161tas \"Yoko Velvet\" fotelis apgaubia j\u016bs\u0173 k\u016bn\u0105, suteikdamas komfort\u0105 ir \u0161ilumin\u012f patogum\u0105. Jo padedami galite leisti laik\u0105 balkone ar terasoje nerizikuodami per\u0161alti. \u0160io fotelio d\u0117ka gal\u0117site m\u0117gautis m\u0117gstama kava terasoje ar sode net ir v\u0117sesn\u0117mis rudens dienomis.<br \/>\nFotel\u012f galima rinktis i\u0161 daugyb\u0117s spalv\u0173, jis turi patogi\u0105 pagalv\u0117l\u0119. Galite rinktis variant\u0105, kuris geriausiai atspindi j\u016bs\u0173 skon\u012f ir dera prie interjero, kur\u012f ketinate \u012frengti. Yoko Velvet fotelis n\u0117ra vienintelis pasi\u016blymas, kur\u012f turime galimyb\u0119 jums pristatyti. Atraskite plat\u0173 m\u016bs\u0173 mink\u0161t\u0173j\u0173 bald\u0173 asortiment\u0105, pavyzd\u017eiui, pufus, \u0161ezlongus, mink\u0161tasuolius ir daugel\u012f kit\u0173. Suraskite tarp j\u0173 savo numer\u012f, nedvejodami!<br \/>\nMed\u017eiagos savyb\u0117s<\/p>","protected":false},"excerpt":{"rendered":"<p>Fotel Yoko Sztruks &#8211; poduszka gratis! Wygodne meble w domu, ogrodzie, na tarasie czy w miejscach publicznych to prawdziwy must have. Odpowiednio dobrane mi\u0119kkie fotele czy pufy potrafi\u0105 zapewni\u0107 maksimum komfortu i dzi\u0119ki swojemu nietuzinkowemu designowi dope\u0142ni\u0107 aran\u017cacj\u0119 niejednego wn\u0119trza. Wyobra\u017a sobie, jak mi\u0119ciutki Fotel Yoko Velvet otula Twoje cia\u0142o, zapewniaj\u0105c wygod\u0119 i komfort termiczny. [&hellip;]<\/p>\n","protected":false},"featured_media":1736,"comment_status":"closed","ping_status":"open","template":"","meta":{"_kad_blocks_custom_css":"","_kad_blocks_head_custom_js":"","_kad_blocks_body_custom_js":"","_kad_blocks_footer_custom_js":""},"product_brand":[],"product_cat":[32,35],"product_tag":[],"class_list":{"0":"post-4521","1":"product","2":"type-product","3":"status-publish","4":"has-post-thumbnail","6":"product_cat-worki-sako","7":"product_cat-worki-sako-male","8":"wcpa_has_options","10":"first","11":"instock","12":"purchasable","13":"product-type-simple"},"taxonomy_info":{"product_cat":[{"value":32,"label":"Worki Sako"},{"value":35,"label":"Worki sako ma\u0142e"}]},"featured_image_src_large":["https:\/\/homebyvm.com\/wp-content\/uploads\/2023\/05\/export-850-1024x1024.jpg",1024,1024,true],"author_info":[],"comment_info":0,"_links":{"self":[{"href":"https:\/\/homebyvm.com\/lt\/wp-json\/wp\/v2\/product\/4521","targetHints":{"allow":["GET"]}}],"collection":[{"href":"https:\/\/homebyvm.com\/lt\/wp-json\/wp\/v2\/product"}],"about":[{"href":"https:\/\/homebyvm.com\/lt\/wp-json\/wp\/v2\/types\/product"}],"replies":[{"embeddable":true,"href":"https:\/\/homebyvm.com\/lt\/wp-json\/wp\/v2\/comments?post=4521"}],"wp:featuredmedia":[{"embeddable":true,"href":"https:\/\/homebyvm.com\/lt\/wp-json\/wp\/v2\/media\/1736"}],"wp:attachment":[{"href":"https:\/\/homebyvm.com\/lt\/wp-json\/wp\/v2\/media?parent=4521"}],"wp:term":[{"taxonomy":"product_brand","embeddable":true,"href":"https:\/\/homebyvm.com\/lt\/wp-json\/wp\/v2\/product_brand?post=4521"},{"taxonomy":"product_cat","embeddable":true,"href":"https:\/\/homebyvm.com\/lt\/wp-json\/wp\/v2\/product_cat?post=4521"},{"taxonomy":"product_tag","embeddable":true,"href":"https:\/\/homebyvm.com\/lt\/wp-json\/wp\/v2\/product_tag?post=4521"}],"curies":[{"name":"wp","href":"https:\/\/api.w.org\/{rel}","templated":true}]}}