{"id":4522,"date":"2023-07-21T23:11:00","date_gmt":"2023-07-21T23:11:00","guid":{"rendered":"https:\/\/homebyvm.com\/produktas\/fotel-seat-l-modern-poliester\/"},"modified":"2024-12-23T13:32:54","modified_gmt":"2024-12-23T13:32:54","slug":"fotel-seat-l-modern-poliester","status":"publish","type":"product","link":"https:\/\/homebyvm.com\/lt\/produktas\/fotel-seat-l-modern-poliester\/","title":{"rendered":"S\u0117dyn\u0117 L Modernus poliesterio fotelis"},"content":{"rendered":"<p>S\u0117dyn\u0117 L<br \/>\n\"Seat L\" yra didesn\u0117 vaiki\u0161kos k\u0117dut\u0117s versija. Nenuostabu - ji suteikia tiek daug komforto, kad ant jos nori s\u0117d\u0117ti ne tik patys ma\u017eiausieji, bet ir suaugusieji. Mink\u0161tas pufas labai patogus naudoti. Jos s\u0117dyn\u0117s plotis yra 70 cm, auk\u0161tis - 35 cm, o auk\u0161tas pamink\u0161tinimas kartu suteikia iki 85 cm auk\u0161t\u012f. Visa tai u\u017epildyta spyruokliuojan\u010diomis granul\u0117mis, kurios puikiai prisitaiko prie k\u016bno form\u0173, tod\u0117l ant jo galima lengvai s\u0117d\u0117ti \u012fvairiose pad\u0117tyse.<br \/>\nTaip pat verta pamin\u0117ti original\u0173 \"Seat L\" fotelio dizain\u0105, kurio forma primena 1960-\u0173j\u0173 klasik\u0105, ta\u010diau yra \u0161iuolaiki\u0161ka. Dizainas taip pat \u012fdomus - geometrin\u0117s formos ir kontrastingos spalvos. Galimi keli skirtingi variantai, tod\u0117l j\u012f galima laisvai pritaikyti bet kokiame kambaryje. Be to, mink\u0161tieji svetain\u0117s baldai yra labai patvar\u016bs ir lengvai valomi, tod\u0117l patiks net ir i\u0161rankiausiems \u017emon\u0117ms. Jis puikiai tinka tiek poilsiui ir atsipalaidavimui, tiek darbui.<br \/>\nMed\u017eiagos savyb\u0117s<\/p>","protected":false},"excerpt":{"rendered":"<p>Fotel Seat L Fotel Seat L to wi\u0119ksza wersja fotela dla dzieci. Nic dziwnego \u2013 zapewnia tak du\u017c\u0105 wygod\u0119, \u017ce chc\u0105 na nim siedzie\u0107 nie tylko najm\u0142odsi, ale i doro\u015bli. Mi\u0119kka pufa jest bardzo komfortowa w u\u017cytkowaniu. Ma siedzisko o szeroko\u015bci 70 cm i wysoko\u015bci 35 cm oraz wysokie obicie, kt\u00f3re \u0142\u0105cznie daje wysoko\u015b\u0107 si\u0119gaj\u0105c\u0105 [&hellip;]<\/p>\n","protected":false},"featured_media":1739,"comment_status":"closed","ping_status":"open","template":"","meta":{"_kad_blocks_custom_css":"","_kad_blocks_head_custom_js":"","_kad_blocks_body_custom_js":"","_kad_blocks_footer_custom_js":""},"product_brand":[],"product_cat":[32,36],"product_tag":[],"class_list":{"0":"post-4522","1":"product","2":"type-product","3":"status-publish","4":"has-post-thumbnail","6":"product_cat-worki-sako","7":"product_cat-worki-sako-duze","8":"wcpa_has_options","10":"first","11":"instock","12":"purchasable","13":"product-type-simple"},"taxonomy_info":{"product_cat":[{"value":32,"label":"Worki Sako"},{"value":36,"label":"Worki sako du\u017ce"}]},"featured_image_src_large":["https:\/\/homebyvm.com\/wp-content\/uploads\/2023\/05\/export-853-1024x1024.jpg",1024,1024,true],"author_info":[],"comment_info":0,"_links":{"self":[{"href":"https:\/\/homebyvm.com\/lt\/wp-json\/wp\/v2\/product\/4522","targetHints":{"allow":["GET"]}}],"collection":[{"href":"https:\/\/homebyvm.com\/lt\/wp-json\/wp\/v2\/product"}],"about":[{"href":"https:\/\/homebyvm.com\/lt\/wp-json\/wp\/v2\/types\/product"}],"replies":[{"embeddable":true,"href":"https:\/\/homebyvm.com\/lt\/wp-json\/wp\/v2\/comments?post=4522"}],"wp:featuredmedia":[{"embeddable":true,"href":"https:\/\/homebyvm.com\/lt\/wp-json\/wp\/v2\/media\/1739"}],"wp:attachment":[{"href":"https:\/\/homebyvm.com\/lt\/wp-json\/wp\/v2\/media?parent=4522"}],"wp:term":[{"taxonomy":"product_brand","embeddable":true,"href":"https:\/\/homebyvm.com\/lt\/wp-json\/wp\/v2\/product_brand?post=4522"},{"taxonomy":"product_cat","embeddable":true,"href":"https:\/\/homebyvm.com\/lt\/wp-json\/wp\/v2\/product_cat?post=4522"},{"taxonomy":"product_tag","embeddable":true,"href":"https:\/\/homebyvm.com\/lt\/wp-json\/wp\/v2\/product_tag?post=4522"}],"curies":[{"name":"wp","href":"https:\/\/api.w.org\/{rel}","templated":true}]}}