{"id":4527,"date":"2023-07-21T23:11:03","date_gmt":"2023-07-21T23:11:03","guid":{"rendered":"https:\/\/homebyvm.com\/produktas\/fotel-luna-modern\/"},"modified":"2024-12-23T13:32:54","modified_gmt":"2024-12-23T13:32:54","slug":"fotel-luna-modern","status":"publish","type":"product","link":"https:\/\/homebyvm.com\/lt\/produktas\/fotel-luna-modern\/","title":{"rendered":"Luna Modernus fotelis"},"content":{"rendered":"<p>\"Luna Modern Polyester\" fotelis su patogia forma, atlo\u0161u ir geros kokyb\u0117s audiniu gali b\u016bti puikus pasirinkimas s\u0117d\u0117jimui lauke. Poliesteris yra populiarus puf\u0173 audinys d\u0117l savo patvarumo, atsparumo vandeniui ir lengvos prie\u017ei\u016bros. Fotelis \"Luna\" turi atlo\u0161\u0105, kuris padeda i\u0161laikyti patogi\u0105 s\u0117d\u0117jimo pad\u0117t\u012f. \u0160i savyb\u0117 ypa\u010d naudinga, jei planuojate puf\u0105 naudoti ilg\u0105 laik\u0105. fotelio gamybai naudota med\u017eiaga - auk\u0161\u010diausios kokyb\u0117s poliesterio audinys, specialiai sukurtas naudoti lauke. Audinys tur\u0117t\u0173 b\u016bti patvarus, atsparus blukimui ir i\u0161oriniams veiksniams, pavyzd\u017eiui, saul\u0117s spinduliams ir dr\u0117gmei. Pufas turi sustiprintas si\u016bles, kad b\u016bt\u0173 u\u017etikrintas ilgalaikis patvarumas ir atsparumas nusid\u0117v\u0117jimui. \u012fsigij\u0119 tikrai gal\u0117site m\u0117gautis atpalaiduojan\u010dia galimybe s\u0117d\u0117ti lauke.<\/p>","protected":false},"excerpt":{"rendered":"<p>Fotel Luna Modern Poliester o wygodnym kszta\u0142cie, oparciu i dobrej jako\u015bci tkaninie mo\u017ce by\u0107 doskona\u0142ym wyborem do siedzenia na zewn\u0105trz. Poliester jest popularnym materia\u0142em na pufy ze wzgl\u0119du na jego trwa\u0142o\u015b\u0107, wodoodporno\u015b\u0107 i \u0142atwo\u015b\u0107 konserwacji. Fotel Luna posiada oparcie, kt\u00f3re pomaga utrzyma\u0107 wygodn\u0105 pozycj\u0119 siedz\u0105c\u0105. Ta funkcja jest szczeg\u00f3lnie korzystna, je\u015bli planujesz u\u017cywa\u0107 pufy przez [&hellip;]<\/p>\n","protected":false},"featured_media":2614,"comment_status":"closed","ping_status":"closed","template":"","meta":{"_kad_blocks_custom_css":"","_kad_blocks_head_custom_js":"","_kad_blocks_body_custom_js":"","_kad_blocks_footer_custom_js":""},"product_brand":[],"product_cat":[30,39],"product_tag":[],"class_list":{"0":"post-4527","1":"product","2":"type-product","3":"status-publish","4":"has-post-thumbnail","6":"product_cat-fotele","7":"product_cat-fotele-wodoodporne","8":"wcpa_has_options","10":"first","11":"instock","12":"purchasable","13":"product-type-simple"},"taxonomy_info":{"product_cat":[{"value":30,"label":"Fotele"},{"value":39,"label":"Fotele wodoodporne"}]},"featured_image_src_large":["https:\/\/homebyvm.com\/wp-content\/uploads\/2023\/07\/export-20-1024x1024.jpg",1024,1024,true],"author_info":[],"comment_info":0,"_links":{"self":[{"href":"https:\/\/homebyvm.com\/lt\/wp-json\/wp\/v2\/product\/4527","targetHints":{"allow":["GET"]}}],"collection":[{"href":"https:\/\/homebyvm.com\/lt\/wp-json\/wp\/v2\/product"}],"about":[{"href":"https:\/\/homebyvm.com\/lt\/wp-json\/wp\/v2\/types\/product"}],"replies":[{"embeddable":true,"href":"https:\/\/homebyvm.com\/lt\/wp-json\/wp\/v2\/comments?post=4527"}],"wp:featuredmedia":[{"embeddable":true,"href":"https:\/\/homebyvm.com\/lt\/wp-json\/wp\/v2\/media\/2614"}],"wp:attachment":[{"href":"https:\/\/homebyvm.com\/lt\/wp-json\/wp\/v2\/media?parent=4527"}],"wp:term":[{"taxonomy":"product_brand","embeddable":true,"href":"https:\/\/homebyvm.com\/lt\/wp-json\/wp\/v2\/product_brand?post=4527"},{"taxonomy":"product_cat","embeddable":true,"href":"https:\/\/homebyvm.com\/lt\/wp-json\/wp\/v2\/product_cat?post=4527"},{"taxonomy":"product_tag","embeddable":true,"href":"https:\/\/homebyvm.com\/lt\/wp-json\/wp\/v2\/product_tag?post=4527"}],"curies":[{"name":"wp","href":"https:\/\/api.w.org\/{rel}","templated":true}]}}