{"id":4533,"date":"2023-07-21T23:11:03","date_gmt":"2023-07-21T23:11:03","guid":{"rendered":"https:\/\/homebyvm.com\/produktas\/fotel-seat-s-modern-poliester\/"},"modified":"2024-12-23T13:32:54","modified_gmt":"2024-12-23T13:32:54","slug":"fotel-seat-s-modern-poliester","status":"publish","type":"product","link":"https:\/\/homebyvm.com\/lt\/produktas\/fotel-seat-s-modern-poliester\/","title":{"rendered":"S\u0117dyn\u0117 S Modernus poliesterio fotelis"},"content":{"rendered":"<p>S\u0117dyn\u0117 S<br \/>\nVaik\u0173 kambarys - tai vieta, kuri\u0105 reikia tinkamai \u012frengti, kad ji b\u016bt\u0173 ne tik funkcionali, bet ir esteti\u0161ka. Vienas i\u0161 daikt\u0173, kurie tur\u0117t\u0173 prie jo der\u0117ti, yra fotelis Seat S. Tai patogi s\u0117d\u0117jimo vieta, kuri\u0105 \u012fvertins ma\u017eieji. Kita vertus, t\u0117vams patiks tai, kad jis u\u017etikrina visi\u0161k\u0105 saugum\u0105 j\u012f naudojant net ir geriausiu metu. Juk saugumas yra absoliuti b\u016btinyb\u0117.<br \/>\nPatogus pufas sukurtas labai originaliai ir ne\u012fprastai. Jame panaudota plati s\u0117dyn\u0117 ir mink\u0161tas atlo\u0161as, kuri\u0173 bendras kompakti\u0161kas auk\u0161tis siekia 75 cm, o plotis - 50 cm. Kita vertus, pa\u010dios s\u0117dyn\u0117s auk\u0161tis yra 30 cm. Verta atkreipti d\u0117mes\u012f \u012f k\u0117d\u0117s apdail\u0105 - joje n\u0117ra joki\u0173 a\u0161tri\u0173 briaun\u0173, tod\u0117l ji n\u0117ra pavojinga net ma\u017eam vaikui. Audinys labai patvarus, nealergizuojantis ir lengvai valomas. Seat S fotelis yra keli\u0173 spalv\u0173, daugiausia geometrini\u0173, variant\u0173, tod\u0117l j\u012f nesunkiai priderinsite prie bet kokio interjero.<br \/>\nMed\u017eiagos savyb\u0117s<\/p>","protected":false},"excerpt":{"rendered":"<p>Fotel Seat S Pok\u00f3j dzieci\u0119cy to miejsce, kt\u00f3re musi by\u0107 odpowiednio urz\u0105dzone, by by\u0142o nie tylko funkcjonalne, ale i estetyczne. Jednym z element\u00f3w, jakie powinny si\u0119 z nim znale\u017a\u0107, jest Fotel Seat S. To wygodne miejsce do siedzenia, kt\u00f3re doceni\u0105 najm\u0142odsi. Rodzicom za\u015b spodoba si\u0119 to, \u017ce zapewnia on pe\u0142ne bezpiecze\u0144stwo podczas u\u017cytkowania, nawet w [&hellip;]<\/p>\n","protected":false},"featured_media":1769,"comment_status":"closed","ping_status":"open","template":"","meta":{"_kad_blocks_custom_css":"","_kad_blocks_head_custom_js":"","_kad_blocks_body_custom_js":"","_kad_blocks_footer_custom_js":""},"product_brand":[],"product_cat":[28,42],"product_tag":[],"class_list":{"0":"post-4533","1":"product","2":"type-product","3":"status-publish","4":"has-post-thumbnail","6":"product_cat-pufy","7":"product_cat-pufy-dla-dzieci","8":"wcpa_has_options","10":"first","11":"instock","12":"purchasable","13":"product-type-simple"},"taxonomy_info":{"product_cat":[{"value":28,"label":"Pufy"},{"value":42,"label":"Pufy Dla Dzieci"}]},"featured_image_src_large":["https:\/\/homebyvm.com\/wp-content\/uploads\/2023\/05\/export-883-1024x1024.jpg",1024,1024,true],"author_info":[],"comment_info":0,"_links":{"self":[{"href":"https:\/\/homebyvm.com\/lt\/wp-json\/wp\/v2\/product\/4533","targetHints":{"allow":["GET"]}}],"collection":[{"href":"https:\/\/homebyvm.com\/lt\/wp-json\/wp\/v2\/product"}],"about":[{"href":"https:\/\/homebyvm.com\/lt\/wp-json\/wp\/v2\/types\/product"}],"replies":[{"embeddable":true,"href":"https:\/\/homebyvm.com\/lt\/wp-json\/wp\/v2\/comments?post=4533"}],"wp:featuredmedia":[{"embeddable":true,"href":"https:\/\/homebyvm.com\/lt\/wp-json\/wp\/v2\/media\/1769"}],"wp:attachment":[{"href":"https:\/\/homebyvm.com\/lt\/wp-json\/wp\/v2\/media?parent=4533"}],"wp:term":[{"taxonomy":"product_brand","embeddable":true,"href":"https:\/\/homebyvm.com\/lt\/wp-json\/wp\/v2\/product_brand?post=4533"},{"taxonomy":"product_cat","embeddable":true,"href":"https:\/\/homebyvm.com\/lt\/wp-json\/wp\/v2\/product_cat?post=4533"},{"taxonomy":"product_tag","embeddable":true,"href":"https:\/\/homebyvm.com\/lt\/wp-json\/wp\/v2\/product_tag?post=4533"}],"curies":[{"name":"wp","href":"https:\/\/api.w.org\/{rel}","templated":true}]}}