{"id":4534,"date":"2023-07-21T23:11:03","date_gmt":"2023-07-21T23:11:03","guid":{"rendered":"https:\/\/homebyvm.com\/produktas\/worek-sako-kids\/"},"modified":"2024-12-23T13:32:54","modified_gmt":"2024-12-23T13:32:54","slug":"worek-sako-kids","status":"publish","type":"product","link":"https:\/\/homebyvm.com\/lt\/produktas\/worek-sako-kids\/","title":{"rendered":"\"Sako\" krep\u0161ys Vaikams"},"content":{"rendered":"<p>\"Sako Kids\" pufas<br \/>\n\"Sako Kids\" pufas yra jauniausiems naudotojams skirtas gaminys. Tai \u017eavus ir itin patogus laisvalaikio baldas, kuris patiks ne tik vaikams, bet ir j\u0173 t\u0117vams. Pristatomas pufas yra nedidelis - jo auk\u0161tis, \u012fskaitant atlo\u0161\u0105, siekia 110 cm.<br \/>\nMink\u0161tas pufas yra visi\u0161kai saugus vaikams. J\u012f sertifikavo PZH (Lenkijos nacionalinis higienos institutas), o tai rei\u0161kia, kad tai antialerginis gaminys. Med\u017eiaga taip pat nedirgina vaiko odos d\u0117l savo i\u0161skirtinio mink\u0161tumo, nes \u010dia naudojamas pliu\u0161as, kur\u012f malonu liesti. Pufo dydis ir forma taip pat prisideda prie jo saugumo - n\u0117ra pavojaus nukristi i\u0161 didelio auk\u0161\u010dio ar atsitrenkti \u012f kietus kra\u0161tus. Be to, gili s\u0117dyn\u0117 suteikia papildomo stabilumo, tod\u0117l j\u016bs\u0173 vaikas gali s\u0117d\u0117ti labai patogiai. Puf\u0105 galima \u012fsigyti su keliais vaikams patogiais pie\u0161iniais, pavyzd\u017eiui, su gyv\u016bnais, pasak\u0173 herojais ar skai\u010diais. Tai gaminys, kuris puikiai tinka ir \u017eaidimui, ir mokymuisi.<br \/>\nMed\u017eiagos savyb\u0117s<\/p>","protected":false},"excerpt":{"rendered":"<p>Pufa Sako Kids Pufa Sako Kids jest produktem skierowanym do najm\u0142odszych u\u017cytkownik\u00f3w. Jest to uroczy i niesamowicie wygodny mebel wypoczynkowy, kt\u00f3ry przypadnie do gustu nie tylko maluchom, ale tak\u017ce ich rodzicom. Prezentowana pufa ma niewielkie rozmiary \u2014 jej wysoko\u015b\u0107 \u0142\u0105cznie z oparciem si\u0119ga 110 centymetr\u00f3w. Mi\u0119kka pufa jest ca\u0142kowicie bezpieczna dla dzieci. Otrzyma\u0142a atest PZH, [&hellip;]<\/p>\n","protected":false},"featured_media":1772,"comment_status":"closed","ping_status":"open","template":"","meta":{"_kad_blocks_custom_css":"","_kad_blocks_head_custom_js":"","_kad_blocks_body_custom_js":"","_kad_blocks_footer_custom_js":""},"product_brand":[],"product_cat":[28,42],"product_tag":[],"class_list":{"0":"post-4534","1":"product","2":"type-product","3":"status-publish","4":"has-post-thumbnail","6":"product_cat-pufy","7":"product_cat-pufy-dla-dzieci","8":"wcpa_has_options","10":"first","11":"instock","12":"purchasable","13":"product-type-simple"},"taxonomy_info":{"product_cat":[{"value":28,"label":"Pufy"},{"value":42,"label":"Pufy Dla Dzieci"}]},"featured_image_src_large":["https:\/\/homebyvm.com\/wp-content\/uploads\/2023\/05\/export-886-1024x1024.jpg",1024,1024,true],"author_info":[],"comment_info":0,"_links":{"self":[{"href":"https:\/\/homebyvm.com\/lt\/wp-json\/wp\/v2\/product\/4534","targetHints":{"allow":["GET"]}}],"collection":[{"href":"https:\/\/homebyvm.com\/lt\/wp-json\/wp\/v2\/product"}],"about":[{"href":"https:\/\/homebyvm.com\/lt\/wp-json\/wp\/v2\/types\/product"}],"replies":[{"embeddable":true,"href":"https:\/\/homebyvm.com\/lt\/wp-json\/wp\/v2\/comments?post=4534"}],"wp:featuredmedia":[{"embeddable":true,"href":"https:\/\/homebyvm.com\/lt\/wp-json\/wp\/v2\/media\/1772"}],"wp:attachment":[{"href":"https:\/\/homebyvm.com\/lt\/wp-json\/wp\/v2\/media?parent=4534"}],"wp:term":[{"taxonomy":"product_brand","embeddable":true,"href":"https:\/\/homebyvm.com\/lt\/wp-json\/wp\/v2\/product_brand?post=4534"},{"taxonomy":"product_cat","embeddable":true,"href":"https:\/\/homebyvm.com\/lt\/wp-json\/wp\/v2\/product_cat?post=4534"},{"taxonomy":"product_tag","embeddable":true,"href":"https:\/\/homebyvm.com\/lt\/wp-json\/wp\/v2\/product_tag?post=4534"}],"curies":[{"name":"wp","href":"https:\/\/api.w.org\/{rel}","templated":true}]}}