{"id":4536,"date":"2023-07-21T23:11:03","date_gmt":"2023-07-21T23:11:03","guid":{"rendered":"https:\/\/homebyvm.com\/produktas\/pufa-bunny-s-amore-plusz\/"},"modified":"2024-12-23T13:32:54","modified_gmt":"2024-12-23T13:32:54","slug":"pufa-bunny-s-amore-plusz","status":"publish","type":"product","link":"https:\/\/homebyvm.com\/lt\/produktas\/pufa-bunny-s-amore-plusz\/","title":{"rendered":"Bunny S Amore pliu\u0161inis triu\u0161is"},"content":{"rendered":"<p>Bunny S Amore pliu\u0161inis triu\u0161is<br \/>\nVaiko kambario aksesuarai visai neturi b\u016bti nuobod\u016bs. Bunny S Amore Plush - puikus pavyzdys, kad s\u0117dmai\u0161is gali b\u016bti ne tik poilsio vieta, bet ir k\u016brybini\u0173 \u017eaidim\u0173 objektas. \u0160io modelio forma primena miel\u0105 ir itin miel\u0105 triu\u0161iuk\u0105. D\u0117l S dyd\u017eio jis puikiai tinka ypa\u010d ma\u017eiausiam vaik\u0173 kambariui. Be to, puf\u0105 galite u\u017esisakyti net 4 skirting\u0173 spalv\u0173 variant\u0173 - tarp j\u0173 tikrai rasite m\u0117gstamiausi\u0105 savo vaiko atspalv\u012f.<br \/>\nEleganti\u0161kas pufas pagamintas i\u0161 pliu\u0161o, kuris yra malonus liesti ir kartu nekelia joki\u0173 problem\u0173 d\u0117l jo \u0161varos palaikymo. Tai itin svarbus aspektas ma\u017e\u0173 vaik\u0173 kambariuose. Be to, gaminys neturi joki\u0173 a\u0161tri\u0173 briaun\u0173, tod\u0117l ma\u017eiesiems u\u017etikrinamas saugus naudojimas. S\u0117dyn\u0117 yra itin funkcionali ir taip pat u\u017etikrina nuostab\u0173 atsipalaidavim\u0105. Verta nepamir\u0161ti, kad ma\u017eosios b\u016btyb\u0117s turi nepaprastai daug nei\u0161senkan\u010dios energijos, ta\u010diau kartu jos tur\u0117t\u0173 i\u0161mokti geb\u0117jimo ils\u0117tis.<br \/>\nMed\u017eiagos savyb\u0117s<\/p>","protected":false},"excerpt":{"rendered":"<p>Pufa Bunny S Amore Plusz Dodatki do pokoju dziecka wcale nie musz\u0105 by\u0107 nudne. Pufa Bunny S Amore Plusz to doskona\u0142y przyk\u0142ad na to, \u017ce siedzisko mo\u017ce by\u0107 nie tylko miejscem wypoczynku, lecz tak\u017ce przedmiotem sprawdzaj\u0105cym si\u0119 podczas kreatywnych zabaw. Model ten swoim kszta\u0142tem przypomina s\u0142odkiego i niezwykle mi\u0142ego kr\u00f3lika. Rozmiar S powoduje, \u017ce \u015bwietnie [&hellip;]<\/p>\n","protected":false},"featured_media":1778,"comment_status":"closed","ping_status":"open","template":"","meta":{"_kad_blocks_custom_css":"","_kad_blocks_head_custom_js":"","_kad_blocks_body_custom_js":"","_kad_blocks_footer_custom_js":""},"product_brand":[],"product_cat":[28,42],"product_tag":[],"class_list":{"0":"post-4536","1":"product","2":"type-product","3":"status-publish","4":"has-post-thumbnail","6":"product_cat-pufy","7":"product_cat-pufy-dla-dzieci","8":"wcpa_has_options","10":"first","11":"instock","12":"purchasable","13":"product-type-simple"},"taxonomy_info":{"product_cat":[{"value":28,"label":"Pufy"},{"value":42,"label":"Pufy Dla Dzieci"}]},"featured_image_src_large":["https:\/\/homebyvm.com\/wp-content\/uploads\/2023\/05\/export-892-1024x1024.jpg",1024,1024,true],"author_info":[],"comment_info":0,"_links":{"self":[{"href":"https:\/\/homebyvm.com\/lt\/wp-json\/wp\/v2\/product\/4536","targetHints":{"allow":["GET"]}}],"collection":[{"href":"https:\/\/homebyvm.com\/lt\/wp-json\/wp\/v2\/product"}],"about":[{"href":"https:\/\/homebyvm.com\/lt\/wp-json\/wp\/v2\/types\/product"}],"replies":[{"embeddable":true,"href":"https:\/\/homebyvm.com\/lt\/wp-json\/wp\/v2\/comments?post=4536"}],"wp:featuredmedia":[{"embeddable":true,"href":"https:\/\/homebyvm.com\/lt\/wp-json\/wp\/v2\/media\/1778"}],"wp:attachment":[{"href":"https:\/\/homebyvm.com\/lt\/wp-json\/wp\/v2\/media?parent=4536"}],"wp:term":[{"taxonomy":"product_brand","embeddable":true,"href":"https:\/\/homebyvm.com\/lt\/wp-json\/wp\/v2\/product_brand?post=4536"},{"taxonomy":"product_cat","embeddable":true,"href":"https:\/\/homebyvm.com\/lt\/wp-json\/wp\/v2\/product_cat?post=4536"},{"taxonomy":"product_tag","embeddable":true,"href":"https:\/\/homebyvm.com\/lt\/wp-json\/wp\/v2\/product_tag?post=4536"}],"curies":[{"name":"wp","href":"https:\/\/api.w.org\/{rel}","templated":true}]}}