{"id":4537,"date":"2023-07-21T23:11:03","date_gmt":"2023-07-21T23:11:03","guid":{"rendered":"https:\/\/homebyvm.com\/produktas\/fotel-bunny-s-lapit\/"},"modified":"2024-12-23T13:32:54","modified_gmt":"2024-12-23T13:32:54","slug":"fotel-bunny-s-lapit","status":"publish","type":"product","link":"https:\/\/homebyvm.com\/lt\/produktas\/fotel-bunny-s-lapit\/","title":{"rendered":"\"Bunny S Lapit\" fotelis"},"content":{"rendered":"<p>\"Bunny S Lapit\" fotelis<br \/>\n\u012erengti vaik\u0173 kambar\u012f n\u0117ra taip paprasta, kaip gali atrodyti. Juk visiems sprendimams turi pritarti ma\u017eieji nami\u0161kiai. Ta\u010diau kai kalbama apie specialiai vaikams sukurt\u0105 \"Bunny S Shaggy Armchair\", jis neabejotinai tampa tikru hitu. Juk ma\u017eieji m\u0117gsta visk\u0105, prie ko gali prisiglausti. O \u0161is baldas kaip tik toks ir yra - itin malonus liesti, be to, primenantis didel\u012f pliu\u0161in\u012f triu\u0161\u012f.<br \/>\nFotelis pagamintas i\u0161 mink\u0161tos med\u017eiagos, imituojan\u010dios kail\u012f. Gamintojas pasir\u016bpino vaik\u0173 saugumu, tod\u0117l nerasite joki\u0173 a\u0161tri\u0173 briaun\u0173. Kita vertus, pati med\u017eiaga nesukelia alergini\u0173 reakcij\u0173. Mink\u0161tas pufas su atlo\u0161u puikiai tiks s\u0117d\u0117ti skaitant ar \u017ei\u016brint animacinius filmukus. Ji taip pat leis maloniai snausti. \u017dinant vaikus ir j\u0173 did\u017eiul\u012f k\u016brybi\u0161kum\u0105, ma\u017eyliai taip pat s\u0117kmingai naudos s\u0117dyn\u0119 \u012fvairiems \u017eaidimams.<br \/>\nMed\u017eiagos savyb\u0117s<\/p>","protected":false},"excerpt":{"rendered":"<p>Fotel Bunny S Lapit Urz\u0105dzenie pokoju dzieci\u0119cego wcale nie jest tak\u0105 \u0142atw\u0105 spraw\u0105, jakby mog\u0142o si\u0119 wydawa\u0107. W ko\u0144cu wszystkie decyzje musz\u0105 by\u0107 zaakceptowane przez ma\u0142ych domownik\u00f3w. Jednak je\u017celi chodzi o Fotel Bunny S Shaggy, kt\u00f3ry zosta\u0142 zaprojektowany specjalnie dla dzieci, to niew\u0105tpliwie okazuje si\u0119 on prawdziwym hitem. Najm\u0142odsi uwielbiaj\u0105 przecie\u017c wszystko, do czego mo\u017cna [&hellip;]<\/p>\n","protected":false},"featured_media":1781,"comment_status":"closed","ping_status":"closed","template":"","meta":{"_kad_blocks_custom_css":"","_kad_blocks_head_custom_js":"","_kad_blocks_body_custom_js":"","_kad_blocks_footer_custom_js":""},"product_brand":[],"product_cat":[28,42],"product_tag":[],"class_list":{"0":"post-4537","1":"product","2":"type-product","3":"status-publish","4":"has-post-thumbnail","6":"product_cat-pufy","7":"product_cat-pufy-dla-dzieci","8":"wcpa_has_options","10":"first","11":"instock","12":"purchasable","13":"product-type-simple"},"taxonomy_info":{"product_cat":[{"value":28,"label":"Pufy"},{"value":42,"label":"Pufy Dla Dzieci"}]},"featured_image_src_large":["https:\/\/homebyvm.com\/wp-content\/uploads\/2023\/05\/export-895-1024x1024.jpg",1024,1024,true],"author_info":[],"comment_info":0,"_links":{"self":[{"href":"https:\/\/homebyvm.com\/lt\/wp-json\/wp\/v2\/product\/4537","targetHints":{"allow":["GET"]}}],"collection":[{"href":"https:\/\/homebyvm.com\/lt\/wp-json\/wp\/v2\/product"}],"about":[{"href":"https:\/\/homebyvm.com\/lt\/wp-json\/wp\/v2\/types\/product"}],"replies":[{"embeddable":true,"href":"https:\/\/homebyvm.com\/lt\/wp-json\/wp\/v2\/comments?post=4537"}],"wp:featuredmedia":[{"embeddable":true,"href":"https:\/\/homebyvm.com\/lt\/wp-json\/wp\/v2\/media\/1781"}],"wp:attachment":[{"href":"https:\/\/homebyvm.com\/lt\/wp-json\/wp\/v2\/media?parent=4537"}],"wp:term":[{"taxonomy":"product_brand","embeddable":true,"href":"https:\/\/homebyvm.com\/lt\/wp-json\/wp\/v2\/product_brand?post=4537"},{"taxonomy":"product_cat","embeddable":true,"href":"https:\/\/homebyvm.com\/lt\/wp-json\/wp\/v2\/product_cat?post=4537"},{"taxonomy":"product_tag","embeddable":true,"href":"https:\/\/homebyvm.com\/lt\/wp-json\/wp\/v2\/product_tag?post=4537"}],"curies":[{"name":"wp","href":"https:\/\/api.w.org\/{rel}","templated":true}]}}