{"id":4538,"date":"2023-07-21T23:11:03","date_gmt":"2023-07-21T23:11:03","guid":{"rendered":"https:\/\/homebyvm.com\/produktas\/pufa-podnozek-classic-tiny-ekoskora\/"},"modified":"2024-12-23T13:31:06","modified_gmt":"2024-12-23T13:31:06","slug":"pufa-podnozek-classic-tiny-ekoskora","status":"publish","type":"product","link":"https:\/\/homebyvm.com\/lt\/produktas\/pufa-podnozek-classic-tiny-ekoskora\/","title":{"rendered":"\"Classic Tiny Footstool\" Eko oda"},"content":{"rendered":"<p>Klasikinis \"Tiny\" p\u0117dkelni\u0173 kilim\u0117lis Eko oda<br \/>\n\"Classic Tiny Eco Leather\" - labai eleganti\u0161kas sprendimas, naudojamas tiek s\u0117dint, tiek \u017eaid\u017eiant su vaikais ar mank\u0161tinantis. Ta\u010diau si\u016blomas modelis vis\u0173 pirma yra patogus standartini\u0173 p\u0117du\u010di\u0173 su kietais r\u0117mais, neleid\u017eian\u010di\u0173 naudoti kitaip, pakaitalas. Pufui sukurti naudota eko oda ir mink\u0161tos polistireno granul\u0117s, kurioms suteikiama 6 m\u0117nesi\u0173 garantija. Gaminys, kurio matmenys 15\u00d747 cm, o t\u016bris - 50 litr\u0173, turi PZH higienos sertifikat\u0105.<br \/>\n\"Classic Tiny Eco Leather\" koj\u016bgalis yra itin universalaus dizaino, tod\u0117l j\u012f galima pritaikyti tiek klasikiniame, tiek modernesniame interjere. Pirkdami galite pasirinkti vien\u0105 i\u0161 20 apmu\u0161alo spalv\u0173 ir priderinti j\u012f prie konkretaus kambario interjero. Pufas \"Classic Tiny Eco Leather\" pasi\u017eymi nesud\u0117tingu kirpimu ir joki\u0173 ornament\u0173 nebuvimu, d\u0117l to jis puikiai der\u0117s prie konkretaus interjero \u012frangos.<\/p>\n<p>Med\u017eiagos savyb\u0117s<\/p>","protected":false},"excerpt":{"rendered":"<p>Pufa podn\u00f3\u017cek Classic Tiny Ekosk\u00f3ra Pufa podn\u00f3\u017cek Classic Tiny Ekosk\u00f3ra to bardzo eleganckie rozwi\u0105zanie stosowane zar\u00f3wno do siedzenia, jak i zabawy z dzie\u0107mi czy \u0107wicze\u0144. Oferowany model stanowi jednak przede wszystkim wygodny zamiennik standardowych podn\u00f3\u017ck\u00f3w z twardymi stela\u017cami, kt\u00f3re nie pozwalaj\u0105 na wykorzystanie w inny spos\u00f3b. Do stworzenia pufy wykorzystano ekosk\u00f3r\u0119 oraz mi\u0119kki granulat polistyrenowy [&hellip;]<\/p>\n","protected":false},"featured_media":1784,"comment_status":"closed","ping_status":"open","template":"","meta":{"_kad_blocks_custom_css":"","_kad_blocks_head_custom_js":"","_kad_blocks_body_custom_js":"","_kad_blocks_footer_custom_js":""},"product_brand":[],"product_cat":[28,42],"product_tag":[],"class_list":{"0":"post-4538","1":"product","2":"type-product","3":"status-publish","4":"has-post-thumbnail","6":"product_cat-pufy","7":"product_cat-pufy-dla-dzieci","8":"wcpa_has_options","10":"first","11":"instock","12":"purchasable","13":"product-type-simple"},"taxonomy_info":{"product_cat":[{"value":28,"label":"Pufy"},{"value":42,"label":"Pufy Dla Dzieci"}]},"featured_image_src_large":["https:\/\/homebyvm.com\/wp-content\/uploads\/2023\/05\/export-898-1024x1024.jpg",1024,1024,true],"author_info":[],"comment_info":0,"_links":{"self":[{"href":"https:\/\/homebyvm.com\/lt\/wp-json\/wp\/v2\/product\/4538","targetHints":{"allow":["GET"]}}],"collection":[{"href":"https:\/\/homebyvm.com\/lt\/wp-json\/wp\/v2\/product"}],"about":[{"href":"https:\/\/homebyvm.com\/lt\/wp-json\/wp\/v2\/types\/product"}],"replies":[{"embeddable":true,"href":"https:\/\/homebyvm.com\/lt\/wp-json\/wp\/v2\/comments?post=4538"}],"wp:featuredmedia":[{"embeddable":true,"href":"https:\/\/homebyvm.com\/lt\/wp-json\/wp\/v2\/media\/1784"}],"wp:attachment":[{"href":"https:\/\/homebyvm.com\/lt\/wp-json\/wp\/v2\/media?parent=4538"}],"wp:term":[{"taxonomy":"product_brand","embeddable":true,"href":"https:\/\/homebyvm.com\/lt\/wp-json\/wp\/v2\/product_brand?post=4538"},{"taxonomy":"product_cat","embeddable":true,"href":"https:\/\/homebyvm.com\/lt\/wp-json\/wp\/v2\/product_cat?post=4538"},{"taxonomy":"product_tag","embeddable":true,"href":"https:\/\/homebyvm.com\/lt\/wp-json\/wp\/v2\/product_tag?post=4538"}],"curies":[{"name":"wp","href":"https:\/\/api.w.org\/{rel}","templated":true}]}}