{"id":4540,"date":"2023-07-21T23:11:03","date_gmt":"2023-07-21T23:11:03","guid":{"rendered":"https:\/\/homebyvm.com\/produktas\/pufa-classic-large-ekoskora\/"},"modified":"2024-12-23T13:30:46","modified_gmt":"2024-12-23T13:30:46","slug":"pufa-classic-large-ekoskora","status":"publish","type":"product","link":"https:\/\/homebyvm.com\/lt\/produktas\/pufa-classic-large-ekoskora\/","title":{"rendered":"Klasikinis didelis ekologi\u0161kos odos pufas"},"content":{"rendered":"<p>Klasikinis didelis pufas<br \/>\nJau \u017einome, kad pufai gali b\u016bti s\u0117kmingai naudojami ne tik namuose, bet ir vie\u0161ose vietose, pavyzd\u017eiui, reabilitacijos centruose, kineziterapeut\u0173 kabinetuose ir gimdymo mokyklose. Patogus ir didelis pufas u\u017ebaigia vis\u0105 patalpos \u012frengim\u0105 ir suteikia charakterio, kurio negali suteikti joks kitas baldas.<br \/>\nBet kokie ne\u0161varumai nuo puf\u0173 pa\u0161alinami itin paprastai ir be nereikaling\u0173 plovikli\u0173, o tai yra ekologi\u0161kas aspektas. Be to, galima rinktis i\u0161 daugyb\u0117s spalvini\u0173 variant\u0173 - nuo \u0161velni\u0173, prislopint\u0173 iki ry\u0161ki\u0173 ir ry\u0161ki\u0173, priklausomai nuo to, ko jums tuo metu reikia ir patinka. Keletas puf\u0173 yra tikras vaik\u0173 dar\u017eeli\u0173 ir vaik\u0173 kambari\u0173 akcentas. Jie yra mink\u0161ti, tod\u0117l juos taip populiaru \u012frengti tokio tipo kambariuose. Naudodami juos galime b\u016bti tikri, kad m\u016bs\u0173 ma\u017eyliai yra saug\u016bs ir kad j\u0173 laukia mink\u0161tas nusileidimas, jei kas nors atsitikt\u0173.<br \/>\nPasitik\u0117kite auk\u0161\u010diausia puf\u0173 kokybe, kuri u\u017etikrina ilgalaik\u012f j\u0173 naudojim\u0105 ir mechanini\u0173 pa\u017eeidim\u0173 m\u016bs\u0173 gaminiams nebuvim\u0105. M\u016bs\u0173 si\u016blomi pufai i\u0161siskiria auk\u0161ta kokybe ir \u012fdomiu, \u012fvairiu dizainu. Prisijunkite prie m\u016bs\u0173 patenkint\u0173 klient\u0173 jau \u0161iandien!<br \/>\nMed\u017eiagos savyb\u0117s<\/p>","protected":false},"excerpt":{"rendered":"<p>Pufa Classic Large Wiemy ju\u017c, \u017ce pufy mo\u017cna z powodzeniem mo\u017cna stosowa\u0107 nie tylko w domowym zaciszu, ale i w miejscach publicznych, jak na przyk\u0142ad o\u015brodki rehabilitacyjne, gabinety fizjoterapeut\u00f3w oraz szko\u0142y rodzenia. Wygodna i du\u017ca pufa dope\u0142nia ca\u0142\u0105 aran\u017cacj\u0119 pomieszczenia i dodaje charakteru, kt\u00f3rego nie zapewni \u017caden inny rodzaj mebli. Wszelkie zabrudzenia z pufy usuwa [&hellip;]<\/p>\n","protected":false},"featured_media":1790,"comment_status":"closed","ping_status":"open","template":"","meta":{"_kad_blocks_custom_css":"","_kad_blocks_head_custom_js":"","_kad_blocks_body_custom_js":"","_kad_blocks_footer_custom_js":""},"product_brand":[],"product_cat":[28,42],"product_tag":[],"class_list":{"0":"post-4540","1":"product","2":"type-product","3":"status-publish","4":"has-post-thumbnail","6":"product_cat-pufy","7":"product_cat-pufy-dla-dzieci","8":"wcpa_has_options","10":"first","11":"instock","12":"purchasable","13":"product-type-simple"},"taxonomy_info":{"product_cat":[{"value":28,"label":"Pufy"},{"value":42,"label":"Pufy Dla Dzieci"}]},"featured_image_src_large":["https:\/\/homebyvm.com\/wp-content\/uploads\/2023\/05\/export-904-1024x1024.jpg",1024,1024,true],"author_info":[],"comment_info":0,"_links":{"self":[{"href":"https:\/\/homebyvm.com\/lt\/wp-json\/wp\/v2\/product\/4540","targetHints":{"allow":["GET"]}}],"collection":[{"href":"https:\/\/homebyvm.com\/lt\/wp-json\/wp\/v2\/product"}],"about":[{"href":"https:\/\/homebyvm.com\/lt\/wp-json\/wp\/v2\/types\/product"}],"replies":[{"embeddable":true,"href":"https:\/\/homebyvm.com\/lt\/wp-json\/wp\/v2\/comments?post=4540"}],"wp:featuredmedia":[{"embeddable":true,"href":"https:\/\/homebyvm.com\/lt\/wp-json\/wp\/v2\/media\/1790"}],"wp:attachment":[{"href":"https:\/\/homebyvm.com\/lt\/wp-json\/wp\/v2\/media?parent=4540"}],"wp:term":[{"taxonomy":"product_brand","embeddable":true,"href":"https:\/\/homebyvm.com\/lt\/wp-json\/wp\/v2\/product_brand?post=4540"},{"taxonomy":"product_cat","embeddable":true,"href":"https:\/\/homebyvm.com\/lt\/wp-json\/wp\/v2\/product_cat?post=4540"},{"taxonomy":"product_tag","embeddable":true,"href":"https:\/\/homebyvm.com\/lt\/wp-json\/wp\/v2\/product_tag?post=4540"}],"curies":[{"name":"wp","href":"https:\/\/api.w.org\/{rel}","templated":true}]}}