{"id":4541,"date":"2023-07-21T23:11:03","date_gmt":"2023-07-21T23:11:03","guid":{"rendered":"https:\/\/homebyvm.com\/produktas\/pufa-classic-small-ekoskora\/"},"modified":"2024-12-23T13:31:06","modified_gmt":"2024-12-23T13:31:06","slug":"pufa-classic-small-ekoskora","status":"publish","type":"product","link":"https:\/\/homebyvm.com\/lt\/produktas\/pufa-classic-small-ekoskora\/","title":{"rendered":"\"Classic Small Eco-leather pouffe"},"content":{"rendered":"<p>Klasikinis pufas Ma\u017eas<br \/>\n\"Classic Small Pufas\" - tai baldas, kuris puikiai tiks tiek atskirai vaiko kambaryje, tiek komplekte. D\u0117l modernaus dizaino ir ypatingos formos j\u012f galima i\u0161d\u0117lioti bok\u0161teliu arba piramide pagal pageidavim\u0105. Be to, jis puikiai pakei\u010dia klasikines k\u0117des ar fotelius. Be to, jis naudojamas ne tik s\u0117d\u0117ti ar \u017eaisti, bet ir gali b\u016bti puikiai naudojamas kaip pakojis. Galim\u0173 pritaikymo b\u016bd\u0173 i\u0161ties daug.<br \/>\nVerta pamin\u0117ti, kad \"Classic Small\" pufas puikiai tiks bet kokiame interjere - tiek namuose, tiek vie\u0161ose vietose - nesvarbu, kokiu interjeru jis b\u016bt\u0173 dekoruotas. Jis pagamintas i\u0161 auk\u0161tos kokyb\u0117s eko odos - med\u017eiagos, kuri yra labai patvari ir lengvai valoma. Galima rinktis i\u0161 daugyb\u0117s \u0161io patogaus baldo spalvini\u0173 variant\u0173 - nuo \u0161viesi\u0173 iki tamsi\u0173, nuo prislopint\u0173 iki ry\u0161ki\u0173. Pufas \"Classic Small\" yra puikus pasirinkimas alergi\u0161kiems \u017emon\u0117ms, nes turi PZH sertifikat\u0105, pagal kur\u012f pufas tinka \u017emon\u0117ms, alergi\u0161kiems dulk\u0117ms ir dulki\u0173 erkut\u0117ms.<br \/>\nMed\u017eiagos savyb\u0117s<\/p>","protected":false},"excerpt":{"rendered":"<p>Pufa Classic Small Pufa Classic Small to mebel, kt\u00f3ry doskonale sprawdzi si\u0119 pojedynczo w pokoju dziecka, jak i w zestawie. Jej nowoczesny design oraz specjalny kszta\u0142t pozwala na dowolne ustawianie w wie\u017c\u0119 lub piramid\u0119. Dodatkowo jest \u015bwietnym zamiennikiem dla klasycznych krzese\u0142 czy foteli. Co wi\u0119cej, s\u0142u\u017cy nie tylko do siedzenia czy zabawy, ale mo\u017ce te\u017c [&hellip;]<\/p>\n","protected":false},"featured_media":1793,"comment_status":"closed","ping_status":"open","template":"","meta":{"_kad_blocks_custom_css":"","_kad_blocks_head_custom_js":"","_kad_blocks_body_custom_js":"","_kad_blocks_footer_custom_js":""},"product_brand":[],"product_cat":[28,42],"product_tag":[],"class_list":{"0":"post-4541","1":"product","2":"type-product","3":"status-publish","4":"has-post-thumbnail","6":"product_cat-pufy","7":"product_cat-pufy-dla-dzieci","8":"wcpa_has_options","10":"first","11":"instock","12":"purchasable","13":"product-type-simple"},"taxonomy_info":{"product_cat":[{"value":28,"label":"Pufy"},{"value":42,"label":"Pufy Dla Dzieci"}]},"featured_image_src_large":["https:\/\/homebyvm.com\/wp-content\/uploads\/2023\/05\/export-907-1024x1024.jpg",1024,1024,true],"author_info":[],"comment_info":0,"_links":{"self":[{"href":"https:\/\/homebyvm.com\/lt\/wp-json\/wp\/v2\/product\/4541","targetHints":{"allow":["GET"]}}],"collection":[{"href":"https:\/\/homebyvm.com\/lt\/wp-json\/wp\/v2\/product"}],"about":[{"href":"https:\/\/homebyvm.com\/lt\/wp-json\/wp\/v2\/types\/product"}],"replies":[{"embeddable":true,"href":"https:\/\/homebyvm.com\/lt\/wp-json\/wp\/v2\/comments?post=4541"}],"wp:featuredmedia":[{"embeddable":true,"href":"https:\/\/homebyvm.com\/lt\/wp-json\/wp\/v2\/media\/1793"}],"wp:attachment":[{"href":"https:\/\/homebyvm.com\/lt\/wp-json\/wp\/v2\/media?parent=4541"}],"wp:term":[{"taxonomy":"product_brand","embeddable":true,"href":"https:\/\/homebyvm.com\/lt\/wp-json\/wp\/v2\/product_brand?post=4541"},{"taxonomy":"product_cat","embeddable":true,"href":"https:\/\/homebyvm.com\/lt\/wp-json\/wp\/v2\/product_cat?post=4541"},{"taxonomy":"product_tag","embeddable":true,"href":"https:\/\/homebyvm.com\/lt\/wp-json\/wp\/v2\/product_tag?post=4541"}],"curies":[{"name":"wp","href":"https:\/\/api.w.org\/{rel}","templated":true}]}}