{"id":4543,"date":"2023-07-21T23:11:03","date_gmt":"2023-07-21T23:11:03","guid":{"rendered":"https:\/\/homebyvm.com\/produktas\/pufa-podnozek-classic-tiny-poliester\/"},"modified":"2024-12-23T13:31:21","modified_gmt":"2024-12-23T13:31:21","slug":"pufa-podnozek-classic-tiny-poliester","status":"publish","type":"product","link":"https:\/\/homebyvm.com\/lt\/produktas\/pufa-podnozek-classic-tiny-poliester\/","title":{"rendered":"Klasikinis \"Tiny\" poliesterio p\u0117dkelni\u0173 kilim\u0117lis"},"content":{"rendered":"<p>Klasikinis \"Tiny\" poliesterio p\u0117dkelni\u0173 kilim\u0117lis<br \/>\n\"Classic Tiny Polyester\" pufas yra puiki alternatyva k\u0117d\u0117ms ar klasikiniams pufams su mediniu r\u0117mu. Tai itin funkcionalus ir kompakti\u0161kas sprendimas, leid\u017eiantis j\u012f naudoti ne tik kaip s\u0117dyn\u0119, bet ir kaip koj\u0173 atram\u0105 - element\u0105, naudojam\u0105 \u017eaid\u017eiant su vaikais ar kaip pagalbin\u0119 priemon\u0119 mank\u0161tinantis namuose. Si\u016blomas gaminys i\u0161laik\u0117 mading\u0105 dizain\u0105, derant\u012f tiek prie modernaus, tiek prie \u0161iek tiek klasikinio interjero. \u012esigydami puf\u0105 \"Classic Tiny Polyester\" galite rinktis i\u0161 keliolikos galim\u0173 spalv\u0173 ir pritaikyti j\u012f prie konkretaus kambario i\u0161planavimo.<br \/>\n15\u00d747 cm dyd\u017eio pufas \"Classic Tiny Polyester\", pripildytas 50 litr\u0173 granuli\u0173, padengtas matiniu universaliu poliesteriu. Gaminio viduje yra polistireno u\u017epildas, kuris i\u0161laiko savo form\u0105 iki 6 m\u0117nesi\u0173 po \u012fsigijimo. Pra\u0117jus \u0161iam laikui, j\u012f reikia papildyti \u0161vie\u017eiomis granul\u0117mis, kad pufas b\u016bt\u0173 lengvas ir elastingas. Si\u016blomam modeliui yra Nacionalinio visuomen\u0117s sveikatos instituto i\u0161duotas higienos sertifikatas, jam suteikiama u\u017epildo ir u\u017evalkalo garantija.<br \/>\nMed\u017eiagos savyb\u0117s<\/p>","protected":false},"excerpt":{"rendered":"<p>Pufa podn\u00f3\u017cek Classic Tiny Poliester Pufa podn\u00f3\u017cek Classic Tiny Poliester to doskona\u0142a alternatywa dla krzese\u0142 czy klasycznych puf z drewnianym stela\u017cem. Stanowi ona bowiem niezwykle funkcjonalne i kompaktowe rozwi\u0105zanie pozwalaj\u0105ce na wykorzystywanie nie tylko do siedzenia, lecz tak\u017ce jako podn\u00f3\u017cek, element stosowany podczas zabawy z dzie\u0107mi lub pomoc przy \u0107wiczeniach w domu. Oferowany produkt zosta\u0142 [&hellip;]<\/p>\n","protected":false},"featured_media":1799,"comment_status":"closed","ping_status":"open","template":"","meta":{"_kad_blocks_custom_css":"","_kad_blocks_head_custom_js":"","_kad_blocks_body_custom_js":"","_kad_blocks_footer_custom_js":""},"product_brand":[],"product_cat":[28,42],"product_tag":[],"class_list":{"0":"post-4543","1":"product","2":"type-product","3":"status-publish","4":"has-post-thumbnail","6":"product_cat-pufy","7":"product_cat-pufy-dla-dzieci","8":"wcpa_has_options","10":"first","11":"instock","12":"purchasable","13":"product-type-simple"},"taxonomy_info":{"product_cat":[{"value":28,"label":"Pufy"},{"value":42,"label":"Pufy Dla Dzieci"}]},"featured_image_src_large":["https:\/\/homebyvm.com\/wp-content\/uploads\/2023\/05\/export-913-1024x1024.jpg",1024,1024,true],"author_info":[],"comment_info":0,"_links":{"self":[{"href":"https:\/\/homebyvm.com\/lt\/wp-json\/wp\/v2\/product\/4543","targetHints":{"allow":["GET"]}}],"collection":[{"href":"https:\/\/homebyvm.com\/lt\/wp-json\/wp\/v2\/product"}],"about":[{"href":"https:\/\/homebyvm.com\/lt\/wp-json\/wp\/v2\/types\/product"}],"replies":[{"embeddable":true,"href":"https:\/\/homebyvm.com\/lt\/wp-json\/wp\/v2\/comments?post=4543"}],"wp:featuredmedia":[{"embeddable":true,"href":"https:\/\/homebyvm.com\/lt\/wp-json\/wp\/v2\/media\/1799"}],"wp:attachment":[{"href":"https:\/\/homebyvm.com\/lt\/wp-json\/wp\/v2\/media?parent=4543"}],"wp:term":[{"taxonomy":"product_brand","embeddable":true,"href":"https:\/\/homebyvm.com\/lt\/wp-json\/wp\/v2\/product_brand?post=4543"},{"taxonomy":"product_cat","embeddable":true,"href":"https:\/\/homebyvm.com\/lt\/wp-json\/wp\/v2\/product_cat?post=4543"},{"taxonomy":"product_tag","embeddable":true,"href":"https:\/\/homebyvm.com\/lt\/wp-json\/wp\/v2\/product_tag?post=4543"}],"curies":[{"name":"wp","href":"https:\/\/api.w.org\/{rel}","templated":true}]}}