{"id":4548,"date":"2023-07-21T23:11:06","date_gmt":"2023-07-21T23:11:06","guid":{"rendered":"https:\/\/homebyvm.com\/produktas\/worek-sako-ekoskora-kids\/"},"modified":"2024-02-26T12:27:04","modified_gmt":"2024-02-26T12:27:04","slug":"worek-sako-ekoskora-kids","status":"publish","type":"product","link":"https:\/\/homebyvm.com\/lt\/produktas\/worek-sako-ekoskora-kids\/","title":{"rendered":"Sako krep\u0161ys Eko oda Vaikams"},"content":{"rendered":"<p>Sako krep\u0161ys Eko oda Vaikams<br \/>\nPasirinkite did\u017eiausi\u0105 poilsio komfort\u0105. Mink\u0161tas ir patogus \"Sako\" krep\u0161ys puikiai tinka snausti po vakarien\u0117s, skaityti knyg\u0105, \u017ei\u016br\u0117ti televizori\u0173 ir \u017eaisti. \u012esirenkite j\u012f moderniai ar klasikiniu stiliumi dekoruotoje svetain\u0117je arba spalvingame vaiko miegamajame. Patirkite, kaip puikiai jis prisitaiko prie j\u016bs\u0173 k\u016bno form\u0173. \u0160\u012f auk\u0161tos kokyb\u0117s, nealergizuojan\u010dios ekologi\u0161kos odos model\u012f galima rinktis i\u0161 keli\u0173 gra\u017ei\u0173 pastelini\u0173 spalv\u0173.<br \/>\nKod\u0117l \"Sako\" krep\u0161ys toks patogus? Jo paslaptis - i\u0161 polistireno granuli\u0173 pagamintas u\u017epildas, d\u0117l kurio krep\u0161ys yra elastingas, lankstus, gerai izoliuoja nuo \u0161altos \u017eem\u0117s ir puikiai prisitaiko prie j\u012f naudojan\u010dio \u017emogaus pad\u0117ties. D\u0117l to, kad n\u0117ra standaus r\u0117mo ir a\u0161tri\u0173 briaun\u0173, jis yra saugus ma\u017eiausiems naudotojams. Be to, jis itin lengvas, tod\u0117l j\u012f lengva ne\u0161iotis. Tai gali b\u016bti puiki alternatyva tradiciniam foteliui ar sofai svetain\u0117je.<\/p>","protected":false},"excerpt":{"rendered":"<p>Worek Sako Ekosk\u00f3ra Kids Postaw na najwy\u017cszy komfort wypoczynku. Mi\u0119kki i wygodny worek Sako doskonale nadaje si\u0119 do poobiedniej drzemki, czytania ksi\u0105\u017cki, ogl\u0105dania telewizji oraz zabawy. Ustaw go w nowoczesnym lub klasycznie urz\u0105dzonym salonie albo kolorowej sypialni dziecka. Przekonaj si\u0119, jak dobrze dopasowuje si\u0119 do kszta\u0142tu cia\u0142a. Ten model z wysokiej jako\u015bci, niealergicznej ekosk\u00f3ry dost\u0119pny [&hellip;]<\/p>\n","protected":false},"featured_media":1814,"comment_status":"closed","ping_status":"open","template":"","meta":{"_kad_blocks_custom_css":"","_kad_blocks_head_custom_js":"","_kad_blocks_body_custom_js":"","_kad_blocks_footer_custom_js":""},"product_brand":[],"product_cat":[28,42],"product_tag":[],"class_list":{"0":"post-4548","1":"product","2":"type-product","3":"status-publish","4":"has-post-thumbnail","6":"product_cat-pufy","7":"product_cat-pufy-dla-dzieci","8":"wcpa_has_options","10":"first","11":"outofstock","12":"purchasable","13":"product-type-simple"},"taxonomy_info":{"product_cat":[{"value":28,"label":"Pufy"},{"value":42,"label":"Pufy Dla Dzieci"}]},"featured_image_src_large":["https:\/\/homebyvm.com\/wp-content\/uploads\/2023\/05\/export-928-1024x1024.jpg",1024,1024,true],"author_info":[],"comment_info":0,"_links":{"self":[{"href":"https:\/\/homebyvm.com\/lt\/wp-json\/wp\/v2\/product\/4548","targetHints":{"allow":["GET"]}}],"collection":[{"href":"https:\/\/homebyvm.com\/lt\/wp-json\/wp\/v2\/product"}],"about":[{"href":"https:\/\/homebyvm.com\/lt\/wp-json\/wp\/v2\/types\/product"}],"replies":[{"embeddable":true,"href":"https:\/\/homebyvm.com\/lt\/wp-json\/wp\/v2\/comments?post=4548"}],"wp:featuredmedia":[{"embeddable":true,"href":"https:\/\/homebyvm.com\/lt\/wp-json\/wp\/v2\/media\/1814"}],"wp:attachment":[{"href":"https:\/\/homebyvm.com\/lt\/wp-json\/wp\/v2\/media?parent=4548"}],"wp:term":[{"taxonomy":"product_brand","embeddable":true,"href":"https:\/\/homebyvm.com\/lt\/wp-json\/wp\/v2\/product_brand?post=4548"},{"taxonomy":"product_cat","embeddable":true,"href":"https:\/\/homebyvm.com\/lt\/wp-json\/wp\/v2\/product_cat?post=4548"},{"taxonomy":"product_tag","embeddable":true,"href":"https:\/\/homebyvm.com\/lt\/wp-json\/wp\/v2\/product_tag?post=4548"}],"curies":[{"name":"wp","href":"https:\/\/api.w.org\/{rel}","templated":true}]}}