{"id":4550,"date":"2023-07-21T23:11:06","date_gmt":"2023-07-21T23:11:06","guid":{"rendered":"https:\/\/homebyvm.com\/produktas\/zestaw-puf-pilka-nozna-m-s\/"},"modified":"2024-12-23T13:33:21","modified_gmt":"2024-12-23T13:33:21","slug":"zestaw-puf-pilka-nozna-m-s","status":"publish","type":"product","link":"https:\/\/homebyvm.com\/lt\/produktas\/zestaw-puf-pilka-nozna-m-s\/","title":{"rendered":"Futbolo puf\u0173 rinkinys M + S"},"content":{"rendered":"<p>Pastaba: vyraujanti spalva yra balta.\u00a0\u00a0 \u00a0\u00a0<br \/>\nPuf\u0173 rinkinys: M ir S dyd\u017eio futbolo kamuolys<br \/>\nFutbolo kamuolys yra fantasti\u0161ka dovanos vaikui id\u0117ja. Kamuolio formos baldas puikiai tiks prie vaiko kambario interjero. Platus spalv\u0173 pasirinkimas leid\u017eia puikiai priderinti gamin\u012f prie interjero. S dyd\u017eio pufas skirtas vaikams iki 120 cm \u016bgio. Gamintojas panaudojo polistireno granuli\u0173 u\u017epild\u0105, kad b\u016bt\u0173 u\u017etikrintas auk\u0161tas s\u0117d\u0117jimo komfortas. D\u0117l jo baldas prisitaiko prie k\u016bno formos ir leid\u017eia u\u017eimti patogi\u0105 pad\u0117t\u012f. Kad b\u016bt\u0173 dar patogiau, panaudotas auk\u0161tos kokyb\u0117s ekoodos u\u017evalkalas. Ji maloni liesti, atspari trin\u010diai ir lengvai valoma. Nuval\u0119 j\u012f dr\u0117gnu skudur\u0117liu pa\u0161alinsite visus naudojimo metu atsiradusius ne\u0161varumus. Pufas \"Football S\" puikiai der\u0117s prie vaik\u0173 kambari\u0173 interjero ir bus labai noriai naudojamas pa\u010di\u0173 ma\u017eiausi\u0173j\u0173.<br \/>\nSpecialiai sporto aistruoliams buvo sukurta pufas \"Football M\", kuris stilingai papildys ne tik vaik\u0173 kambar\u012f. Jis taip pat pravers svetain\u0117je, kur tarnaus kaip poilsio vieta ir kartu pabr\u0117\u0161, kad namuose gyvena i\u0161tikimas futbolo sirgalius. Baldo korpusas pagamintas i\u0161 gerai atrodan\u010dios eko odos. Jo vidus u\u017epildytas polistireno granul\u0117mis, kurios nealergizuoja ir nesukelia alergini\u0173 reakcij\u0173, ta\u010diau labai prisideda prie s\u0117d\u0117jimo patogumo. Pufas prisitaiko prie k\u016bno formos ir leid\u017eia kiekvienam \u017emogui u\u017eimti patogi\u0105 pad\u0117t\u012f. M dydis skirtas naudoti vidutinio \u016bgio \u017emon\u0117ms. Taip pat su\u017einokite apie kitus puf\u0173 modelius, esan\u010dius m\u016bs\u0173 parduotuv\u0117s pasi\u016bloje. Krep\u0161inio gerb\u0117jai taip pat ras k\u0105 nors sau.<br \/>\nMed\u017eiagos savyb\u0117s<\/p>","protected":false},"excerpt":{"rendered":"<p>Uwaga: kolorem dominuj\u0105cym jest kolor bia\u0142y.\u00a0\u00a0 \u00a0\u00a0 Zestaw Puf: Pi\u0142ka No\u017cna w rozmiarze M oraz S Pufa Pi\u0142ka No\u017cna to fantastyczny pomys\u0142 na prezent dla dziecka. Mebel w kszta\u0142cie pi\u0142ki idealnie wpasuje si\u0119 w wystr\u00f3j pokoju dzieci\u0119cego. Idealne dopasowanie produktu do wn\u0119trza umo\u017cliwia szeroka gama kolorystyczna. Pufa rozmiaru S jest skierowana do dzieci do 120 [&hellip;]<\/p>\n","protected":false},"featured_media":1820,"comment_status":"closed","ping_status":"open","template":"","meta":{"_kad_blocks_custom_css":"","_kad_blocks_head_custom_js":"","_kad_blocks_body_custom_js":"","_kad_blocks_footer_custom_js":""},"product_brand":[],"product_cat":[28,43],"product_tag":[],"class_list":{"0":"post-4550","1":"product","2":"type-product","3":"status-publish","4":"has-post-thumbnail","6":"product_cat-pufy","7":"product_cat-zestawy-puf","8":"pa_color-bezowy","9":"pa_color-blekitny","10":"pa_color-cappucino","11":"pa_color-ciemny-braz","12":"pa_color-czarny","13":"pa_color-czerwony","14":"pa_color-fioletowy","15":"pa_color-granatowy","16":"pa_color-jasny-braz","17":"pa_color-limonkowy","18":"pa_color-niebieski","19":"pa_color-oliwkowy","20":"pa_color-pomaranczowy","21":"pa_color-popielaty","22":"pa_color-rozowy","23":"pa_color-sloneczny","24":"pa_color-turkusowy","25":"pa_color-zielony","26":"pa_color-zolty","27":"wcpa_has_options","29":"first","30":"outofstock","31":"purchasable","32":"product-type-variable"},"taxonomy_info":{"product_cat":[{"value":28,"label":"Pufy"},{"value":43,"label":"Zestawy puf"}],"pa_color":[{"value":71,"label":"bezowy"},{"value":82,"label":"b\u0142\u0119kitny"},{"value":90,"label":"cappucino"},{"value":86,"label":"ciemny br\u0105z"},{"value":87,"label":"czarny"},{"value":77,"label":"czerwony"},{"value":78,"label":"fioletowy"},{"value":84,"label":"granatowy"},{"value":85,"label":"jasny br\u0105z"},{"value":89,"label":"limonkowy"},{"value":81,"label":"niebieski"},{"value":79,"label":"oliwkowy"},{"value":75,"label":"pomara\u0144czowy"},{"value":88,"label":"popielaty"},{"value":76,"label":"r\u00f3\u017cowy"},{"value":91,"label":"sloneczny"},{"value":83,"label":"turkusowy"},{"value":80,"label":"zielony"},{"value":74,"label":"\u017c\u00f3\u0142ty"}]},"featured_image_src_large":["https:\/\/homebyvm.com\/wp-content\/uploads\/2023\/05\/export-934.jpg",800,800,false],"author_info":[],"comment_info":0,"_links":{"self":[{"href":"https:\/\/homebyvm.com\/lt\/wp-json\/wp\/v2\/product\/4550","targetHints":{"allow":["GET"]}}],"collection":[{"href":"https:\/\/homebyvm.com\/lt\/wp-json\/wp\/v2\/product"}],"about":[{"href":"https:\/\/homebyvm.com\/lt\/wp-json\/wp\/v2\/types\/product"}],"replies":[{"embeddable":true,"href":"https:\/\/homebyvm.com\/lt\/wp-json\/wp\/v2\/comments?post=4550"}],"wp:featuredmedia":[{"embeddable":true,"href":"https:\/\/homebyvm.com\/lt\/wp-json\/wp\/v2\/media\/1820"}],"wp:attachment":[{"href":"https:\/\/homebyvm.com\/lt\/wp-json\/wp\/v2\/media?parent=4550"}],"wp:term":[{"taxonomy":"product_brand","embeddable":true,"href":"https:\/\/homebyvm.com\/lt\/wp-json\/wp\/v2\/product_brand?post=4550"},{"taxonomy":"product_cat","embeddable":true,"href":"https:\/\/homebyvm.com\/lt\/wp-json\/wp\/v2\/product_cat?post=4550"},{"taxonomy":"product_tag","embeddable":true,"href":"https:\/\/homebyvm.com\/lt\/wp-json\/wp\/v2\/product_tag?post=4550"}],"curies":[{"name":"wp","href":"https:\/\/api.w.org\/{rel}","templated":true}]}}