{"id":4591,"date":"2023-07-21T23:11:06","date_gmt":"2023-07-21T23:11:06","guid":{"rendered":"https:\/\/homebyvm.com\/produktas\/zestaw-classic-tiny-ekoskora\/"},"modified":"2024-12-23T13:32:55","modified_gmt":"2024-12-23T13:32:55","slug":"zestaw-classic-tiny-ekoskora","status":"publish","type":"product","link":"https:\/\/homebyvm.com\/lt\/produktas\/zestaw-classic-tiny-ekoskora\/","title":{"rendered":"\"Classic Tiny Eco\" odos rinkinys"},"content":{"rendered":"<p>Keturi\u0173 \"Classic Tiny Eco\" odini\u0173 puf\u0173 rinkinysKeturi\u0173 \"Classic Tiny Eco\" odini\u0173 puf\u0173 rinkinys<br \/>\nNet 4 spalvingos pagalv\u0117l\u0117s, tarnaujan\u010dios kaip pakojis ar patogi s\u0117dyn\u0117, tikrai patiks originali\u0173 pried\u0173 m\u0117g\u0117jams. I\u0161 auk\u0161tos kokyb\u0117s med\u017eiagos pagaminti nedideli pufai, sudarantys komplekt\u0105 \"Classic Tiny Eco leather\", puikiai tiks svetainei, miegamajam, vaik\u0173 ar jaunimo kambariui. Gaminys turi Nacionalinio visuomen\u0117s sveikatos instituto i\u0161duot\u0105 higienos sertifikat\u0105, tod\u0117l j\u012f saugiai gali naudoti ir patys ma\u017eiausieji. Papildomas privalumas yra tai, kad kiekviena pagalv\u0117l\u0117 u\u017epildyta polistireno granul\u0117mis. Toks u\u017epildas u\u017etikrina patog\u0173 prisitaikym\u0105 prie bet kokios k\u016bno pad\u0117ties.<br \/>\nPagalv\u0117l\u0117s pasi\u016btos i\u0161 auk\u0161\u010diausios kokyb\u0117s ekologi\u0161kos odos. Tod\u0117l gaminys labai ilgai i\u0161laiko savo pirmin\u0119 i\u0161vaizd\u0105. Be to, nekyla n\u0117 menkiausi\u0173 problem\u0173 valant bet kokius ne\u0161varumus nuo s\u0117dyn\u0117s. U\u017esisakydami \u0161\u012f nuostab\u0173 komplekt\u0105 gausite net 24 m\u0117nesi\u0173 garantij\u0105 u\u017evalkalui, taip pat 6 m\u0117nesi\u0173 garantij\u0105 u\u017epildui. Nepaprastas privalumas yra tai, kad modelis gali atlaikyti labai dideles apkrovas - iki 130 kilogram\u0173.<br \/>\nApra\u0161ymas susij\u0119s su vienu \"Classic Tiny\" pufu:<br \/>\nMed\u017eiagos savyb\u0117s<\/p>","protected":false},"excerpt":{"rendered":"<p>Zestaw czterech puf Classic Tiny Ekosk\u00f3raZestaw 4 sztuk pufy Classic Tiny Ekosk\u00f3ra A\u017c 4 kolorowe poduszki pe\u0142ni\u0105ce funkcj\u0119 podn\u00f3\u017cka lub wygodnego siedziska z pewno\u015bci\u0105 spodobaj\u0105 si\u0119 mi\u0142o\u015bnikom oryginalnych dodatk\u00f3w. Niedu\u017ce pufy wykonane z wysokiej jako\u015bci materia\u0142u, kt\u00f3re tworz\u0105 Zestaw Classic Tiny Ekosk\u00f3ra, idealnie sprawdz\u0105 si\u0119 zar\u00f3wno w salonie, sypialni, jak i pokoju dzieci\u0119cym lub m\u0142odzie\u017cowym. [&hellip;]<\/p>\n","protected":false},"featured_media":1829,"comment_status":"closed","ping_status":"open","template":"","meta":{"_kad_blocks_custom_css":"","_kad_blocks_head_custom_js":"","_kad_blocks_body_custom_js":"","_kad_blocks_footer_custom_js":""},"product_brand":[],"product_cat":[28,43],"product_tag":[],"class_list":{"0":"post-4591","1":"product","2":"type-product","3":"status-publish","4":"has-post-thumbnail","6":"product_cat-pufy","7":"product_cat-zestawy-puf","8":"wcpa_has_options","10":"first","11":"instock","12":"purchasable","13":"product-type-simple"},"taxonomy_info":{"product_cat":[{"value":28,"label":"Pufy"},{"value":43,"label":"Zestawy puf"}]},"featured_image_src_large":["https:\/\/homebyvm.com\/wp-content\/uploads\/2023\/05\/export-943-1024x1024.jpg",1024,1024,true],"author_info":[],"comment_info":0,"_links":{"self":[{"href":"https:\/\/homebyvm.com\/lt\/wp-json\/wp\/v2\/product\/4591","targetHints":{"allow":["GET"]}}],"collection":[{"href":"https:\/\/homebyvm.com\/lt\/wp-json\/wp\/v2\/product"}],"about":[{"href":"https:\/\/homebyvm.com\/lt\/wp-json\/wp\/v2\/types\/product"}],"replies":[{"embeddable":true,"href":"https:\/\/homebyvm.com\/lt\/wp-json\/wp\/v2\/comments?post=4591"}],"wp:featuredmedia":[{"embeddable":true,"href":"https:\/\/homebyvm.com\/lt\/wp-json\/wp\/v2\/media\/1829"}],"wp:attachment":[{"href":"https:\/\/homebyvm.com\/lt\/wp-json\/wp\/v2\/media?parent=4591"}],"wp:term":[{"taxonomy":"product_brand","embeddable":true,"href":"https:\/\/homebyvm.com\/lt\/wp-json\/wp\/v2\/product_brand?post=4591"},{"taxonomy":"product_cat","embeddable":true,"href":"https:\/\/homebyvm.com\/lt\/wp-json\/wp\/v2\/product_cat?post=4591"},{"taxonomy":"product_tag","embeddable":true,"href":"https:\/\/homebyvm.com\/lt\/wp-json\/wp\/v2\/product_tag?post=4591"}],"curies":[{"name":"wp","href":"https:\/\/api.w.org\/{rel}","templated":true}]}}