{"id":4592,"date":"2023-07-21T23:11:06","date_gmt":"2023-07-21T23:11:06","guid":{"rendered":"https:\/\/homebyvm.com\/produktas\/poducha-dla-psa-s-sztruks\/"},"modified":"2024-12-23T13:32:55","modified_gmt":"2024-12-23T13:32:55","slug":"poducha-dla-psa-s-sztruks","status":"publish","type":"product","link":"https:\/\/homebyvm.com\/lt\/produktas\/poducha-dla-psa-s-sztruks\/","title":{"rendered":"\u0160uns pagalv\u0117l\u0117 S Corduroy"},"content":{"rendered":"<p>\u0160uns pagalv\u0117l\u0117 S Corduroy<br \/>\nPadovanokite savo \u0161uniui patog\u0173 gult\u0105, kuris u\u017etikrins, kad j\u016bs\u0173 augintiniui b\u016bt\u0173 patogu ils\u0117tis ir dien\u0105, ir nakt\u012f. \u0160uns pagalv\u0117l\u0117 yra 80 x 60 x 15 cm dyd\u017eio gaminys, skirtas visiems ma\u017eesniems gyv\u016bnams. Puikios kokyb\u0117s modelis yra \u012fvairi\u0173 spalv\u0173, o jo sta\u010diakampio forma suteikia j\u016bs\u0173 \u0161uniui didel\u012f miego plot\u0105. Daugiafunkcinis kempine u\u017epildytas gultas puikiai izoliuoja nuo \u0161altos \u017eem\u0117s, tod\u0117l puikiai tinka naudoti tiek namuose, tiek sode.<\/p>\n<p>\u0160un\u0173 pagalv\u0117l\u0117 \"S Corduroy\" i\u0161siskiria itin mink\u0161ta liesti, auk\u0161tos kokyb\u0117s med\u017eiaga, kuri yra antialergin\u0117 ir labai atspari u\u017eter\u0161imui. Be to, kempin\u0117s u\u017epildas prisitaiko prie anatomin\u0117s \u0161uns strukt\u016bros, tod\u0117l garantuoja stabil\u0173 ir patog\u0173 poils\u012f. Tvirtas ir kruop\u0161\u010diai apdirbtas Lenkijos gamintojo gultas turi vidin\u012f u\u017evalkal\u0105, kad bet kada gal\u0117tum\u0117te j\u012f atnaujinti, ir jam suteikiama 2 met\u0173 gamintojo garantija.<br \/>\nMed\u017eiagos savyb\u0117s<\/p>","protected":false},"excerpt":{"rendered":"<p>Poducha Dla Psa S Sztruks Podaruj swojemu psu wygodne legowisko, kt\u00f3re zapewni pupilowi komfortowy wypoczynek zar\u00f3wno w ci\u0105gu dnia jak i w nocy. Poducha dla psa\u00a0 to produkt o wymiarach 80 x 60 x 15 centymetr\u00f3w, dedykowany wszystkim mniejszym zwierz\u0119tom. Doskona\u0142ej jako\u015bci model dost\u0119pny jest w szerokiej gamie kolorystycznej, a jego prostok\u0105tny kszta\u0142t zapewnia psu [&hellip;]<\/p>\n","protected":false},"featured_media":1832,"comment_status":"closed","ping_status":"open","template":"","meta":{"_kad_blocks_custom_css":"","_kad_blocks_head_custom_js":"","_kad_blocks_body_custom_js":"","_kad_blocks_footer_custom_js":""},"product_brand":[],"product_cat":[44],"product_tag":[],"class_list":{"0":"post-4592","1":"product","2":"type-product","3":"status-publish","4":"has-post-thumbnail","6":"product_cat-dla-psa-i-kota","7":"wcpa_has_options","9":"first","10":"instock","11":"purchasable","12":"product-type-simple"},"taxonomy_info":{"product_cat":[{"value":44,"label":"Dla psa i kota"}]},"featured_image_src_large":["https:\/\/homebyvm.com\/wp-content\/uploads\/2023\/05\/export-946-1024x1024.jpg",1024,1024,true],"author_info":[],"comment_info":0,"_links":{"self":[{"href":"https:\/\/homebyvm.com\/lt\/wp-json\/wp\/v2\/product\/4592","targetHints":{"allow":["GET"]}}],"collection":[{"href":"https:\/\/homebyvm.com\/lt\/wp-json\/wp\/v2\/product"}],"about":[{"href":"https:\/\/homebyvm.com\/lt\/wp-json\/wp\/v2\/types\/product"}],"replies":[{"embeddable":true,"href":"https:\/\/homebyvm.com\/lt\/wp-json\/wp\/v2\/comments?post=4592"}],"wp:featuredmedia":[{"embeddable":true,"href":"https:\/\/homebyvm.com\/lt\/wp-json\/wp\/v2\/media\/1832"}],"wp:attachment":[{"href":"https:\/\/homebyvm.com\/lt\/wp-json\/wp\/v2\/media?parent=4592"}],"wp:term":[{"taxonomy":"product_brand","embeddable":true,"href":"https:\/\/homebyvm.com\/lt\/wp-json\/wp\/v2\/product_brand?post=4592"},{"taxonomy":"product_cat","embeddable":true,"href":"https:\/\/homebyvm.com\/lt\/wp-json\/wp\/v2\/product_cat?post=4592"},{"taxonomy":"product_tag","embeddable":true,"href":"https:\/\/homebyvm.com\/lt\/wp-json\/wp\/v2\/product_tag?post=4592"}],"curies":[{"name":"wp","href":"https:\/\/api.w.org\/{rel}","templated":true}]}}