{"id":4593,"date":"2023-07-21T23:11:06","date_gmt":"2023-07-21T23:11:06","guid":{"rendered":"https:\/\/homebyvm.com\/produktas\/pufa-dla-psa-snoopy-xl\/"},"modified":"2024-12-23T13:32:55","modified_gmt":"2024-12-23T13:32:55","slug":"pufa-dla-psa-snoopy-xl","status":"publish","type":"product","link":"https:\/\/homebyvm.com\/lt\/produktas\/pufa-dla-psa-snoopy-xl\/","title":{"rendered":"Snoopy Dog Puff XL"},"content":{"rendered":"<p>Snoopy Dog Puff XL<br \/>\nJei savo augintiniui ie\u0161kote patogaus ir jaukaus gulto, \"Snoopy XL\" pufas tikrai pateisins j\u016bs\u0173 l\u016bkes\u010dius. Sta\u010diakampio formos lovos, kurios matmenys 75 x 50 cm, mink\u0161tas vidurys, ant kurio j\u016bs\u0173 \u0161uo gali patogiai atsigulti, o stabili apykakl\u0117, supanti puf\u0105, suteikia \u0161ilumos ir papildom\u0105 atram\u0105. Esteti\u0161kas gultas yra visi\u0161kai u\u017epildytas putplas\u010diu, kuris u\u017etikrina auk\u0161t\u0105 komforto lyg\u012f j\u016bs\u0173 augintiniui ilsintis po intensyvaus \u017eaidimo dienos.<\/p>\n<p>\u0160uns pufas Snoopy yra 5 mading\u0173 spalv\u0173, kad j\u016bs\u0173 \u0161uns poilsio akimirkos b\u016bt\u0173 malonesn\u0117s. Visi\u0161kai lenki\u0161kas gaminys pagamintas i\u0161 auk\u0161tos kokyb\u0117s med\u017eiagos, kuri yra atspari \u012fbr\u0117\u017eimams ir lengvai pri\u017ei\u016brima. Naudojant putplastis nesideformuoja, o prisitaiko prie k\u016bno formos, greitai \u012f\u0161yla ir atiduoda \u0161ilum\u0105, tod\u0117l \"Snoopy XL\" \u0161un\u0173 pufas yra puikus gultas \u0161altomis \u017eiemos dienomis, u\u017e kur\u012f j\u016bs\u0173 \u0161uo jums pad\u0117kos. Papildomas \u0161io \u0161uns gulto privalumas - nuimamas u\u017evalkalas, tod\u0117l j\u012f lengva atnaujinti.<br \/>\nMed\u017eiagos savyb\u0117s<\/p>","protected":false},"excerpt":{"rendered":"<p>Pufa Dla Psa Snoopy XL Je\u015bli szukasz wygodnego i przytulnego legowiska dla swojego pupila, pufa dla psa Snoopy XL z pewno\u015bci\u0105 spe\u0142ni Twoje oczekiwania. \u0141o\u017ce w kszta\u0142cie prostok\u0105ta o wymiarach 75 x 50 centymetr\u00f3w ma mi\u0119kki \u015brodek na kt\u00f3rym pies mo\u017ce si\u0119 wygodnie u\u0142o\u017cy\u0107, a otaczaj\u0105cy poduch\u0119 stabilny ko\u0142nierz zapewnia ciep\u0142o oraz dodatkowe podparcie. Estetyczne [&hellip;]<\/p>\n","protected":false},"featured_media":1835,"comment_status":"closed","ping_status":"open","template":"","meta":{"_kad_blocks_custom_css":"","_kad_blocks_head_custom_js":"","_kad_blocks_body_custom_js":"","_kad_blocks_footer_custom_js":""},"product_brand":[],"product_cat":[44],"product_tag":[],"class_list":{"0":"post-4593","1":"product","2":"type-product","3":"status-publish","4":"has-post-thumbnail","6":"product_cat-dla-psa-i-kota","7":"wcpa_has_options","9":"first","10":"instock","11":"purchasable","12":"product-type-simple"},"taxonomy_info":{"product_cat":[{"value":44,"label":"Dla psa i kota"}]},"featured_image_src_large":["https:\/\/homebyvm.com\/wp-content\/uploads\/2023\/05\/export-949-1024x1024.jpg",1024,1024,true],"author_info":[],"comment_info":0,"_links":{"self":[{"href":"https:\/\/homebyvm.com\/lt\/wp-json\/wp\/v2\/product\/4593","targetHints":{"allow":["GET"]}}],"collection":[{"href":"https:\/\/homebyvm.com\/lt\/wp-json\/wp\/v2\/product"}],"about":[{"href":"https:\/\/homebyvm.com\/lt\/wp-json\/wp\/v2\/types\/product"}],"replies":[{"embeddable":true,"href":"https:\/\/homebyvm.com\/lt\/wp-json\/wp\/v2\/comments?post=4593"}],"wp:featuredmedia":[{"embeddable":true,"href":"https:\/\/homebyvm.com\/lt\/wp-json\/wp\/v2\/media\/1835"}],"wp:attachment":[{"href":"https:\/\/homebyvm.com\/lt\/wp-json\/wp\/v2\/media?parent=4593"}],"wp:term":[{"taxonomy":"product_brand","embeddable":true,"href":"https:\/\/homebyvm.com\/lt\/wp-json\/wp\/v2\/product_brand?post=4593"},{"taxonomy":"product_cat","embeddable":true,"href":"https:\/\/homebyvm.com\/lt\/wp-json\/wp\/v2\/product_cat?post=4593"},{"taxonomy":"product_tag","embeddable":true,"href":"https:\/\/homebyvm.com\/lt\/wp-json\/wp\/v2\/product_tag?post=4593"}],"curies":[{"name":"wp","href":"https:\/\/api.w.org\/{rel}","templated":true}]}}