{"id":4596,"date":"2023-07-21T23:11:06","date_gmt":"2023-07-21T23:11:06","guid":{"rendered":"https:\/\/homebyvm.com\/produktas\/poducha-dla-psa-l\/"},"modified":"2024-12-23T13:32:55","modified_gmt":"2024-12-23T13:32:55","slug":"poducha-dla-psa-l","status":"publish","type":"product","link":"https:\/\/homebyvm.com\/lt\/produktas\/poducha-dla-psa-l\/","title":{"rendered":"\u0160uns pagalv\u0117l\u0117 L"},"content":{"rendered":"<p>\u0160uns pagalv\u0117l\u0117 didel\u0117<br \/>\nDidel\u0117 ir mink\u0161ta pagalv\u0117, kurios matmenys 120 x 80 x 15 cm, u\u017etikrina patog\u0173 mieg\u0105 dien\u0105 ir komforti\u0161k\u0105 poils\u012f nakt\u012f. Sta\u010diakamp\u0117 lovos forma leid\u017eia patogiai atsigulti dideliam \u0161uniui, o gra\u017ei sultinga spalva suteikia kambariui jaukumo. Pagalv\u0117l\u0117 pagaminta i\u0161 auk\u0161tos kokyb\u0117s antialergin\u0117s med\u017eiagos ir u\u017epildyta t\u016bkstan\u010diais ma\u017ey\u010di\u0173 polistireno rutuliuk\u0173, kurie puikiai izoliuoja nuo \u0161alt\u0173 grind\u0173, tod\u0117l gultas puikiai tinka ne tik namuose, bet ir sode.<br \/>\nDidel\u0117 lova \u0161unims yra Lenkijos gamintojo, turin\u010dio kokyb\u0117s sertifikat\u0105, gaminys. Tvirtai pagamintas ir kruop\u0161\u010diai apdirbtas, i\u0161 purvui atsparios med\u017eiagos pagamintas \u0161uns gultas suteikia didel\u012f miegam\u0105j\u012f plot\u0105 j\u016bs\u0173 dideliam \u0161uniui, o polistireno u\u017epildas puikiai prisitaiko prie j\u016bs\u0173 augintinio k\u016bno formos, u\u017etikrindamas patogi\u0105 k\u016bno pad\u0117t\u012f ir neleisdamas pagalvei \"susispausti\". Didel\u012f \u0161un\u0173 gult\u0105 lengva valyti, o j\u016bs\u0173 augintiniui patiks jame ils\u0117tis.<br \/>\nMed\u017eiagos savyb\u0117s<\/p>","protected":false},"excerpt":{"rendered":"<p>Poducha Dla Psa Large Du\u017ca i mi\u0119kka poducha o wymiarach 120 x 80 x 15 centymetr\u00f3w to gwarancja komfortowej drzemki w ci\u0105gu dnia i wygodnego odpoczynku podczas nocy. Prostok\u0105tny kszta\u0142t legowiska pozwala du\u017cemu psu wygodnie si\u0119 u\u0142o\u017cy\u0107, a pi\u0119kny soczysty kolor nadaje pomieszczeniu przytulny charakter. Poducha wykonana z wysokiej jako\u015bci, antyalergicznego materia\u0142u wype\u0142niona jest tysi\u0105cami [&hellip;]<\/p>\n","protected":false},"featured_media":1844,"comment_status":"closed","ping_status":"open","template":"","meta":{"_kad_blocks_custom_css":"","_kad_blocks_head_custom_js":"","_kad_blocks_body_custom_js":"","_kad_blocks_footer_custom_js":""},"product_brand":[],"product_cat":[44],"product_tag":[],"class_list":{"0":"post-4596","1":"product","2":"type-product","3":"status-publish","4":"has-post-thumbnail","6":"product_cat-dla-psa-i-kota","7":"wcpa_has_options","9":"first","10":"instock","11":"purchasable","12":"product-type-simple"},"taxonomy_info":{"product_cat":[{"value":44,"label":"Dla psa i kota"}]},"featured_image_src_large":["https:\/\/homebyvm.com\/wp-content\/uploads\/2023\/05\/export-958-963x1024.jpg",963,1024,true],"author_info":[],"comment_info":0,"_links":{"self":[{"href":"https:\/\/homebyvm.com\/lt\/wp-json\/wp\/v2\/product\/4596","targetHints":{"allow":["GET"]}}],"collection":[{"href":"https:\/\/homebyvm.com\/lt\/wp-json\/wp\/v2\/product"}],"about":[{"href":"https:\/\/homebyvm.com\/lt\/wp-json\/wp\/v2\/types\/product"}],"replies":[{"embeddable":true,"href":"https:\/\/homebyvm.com\/lt\/wp-json\/wp\/v2\/comments?post=4596"}],"wp:featuredmedia":[{"embeddable":true,"href":"https:\/\/homebyvm.com\/lt\/wp-json\/wp\/v2\/media\/1844"}],"wp:attachment":[{"href":"https:\/\/homebyvm.com\/lt\/wp-json\/wp\/v2\/media?parent=4596"}],"wp:term":[{"taxonomy":"product_brand","embeddable":true,"href":"https:\/\/homebyvm.com\/lt\/wp-json\/wp\/v2\/product_brand?post=4596"},{"taxonomy":"product_cat","embeddable":true,"href":"https:\/\/homebyvm.com\/lt\/wp-json\/wp\/v2\/product_cat?post=4596"},{"taxonomy":"product_tag","embeddable":true,"href":"https:\/\/homebyvm.com\/lt\/wp-json\/wp\/v2\/product_tag?post=4596"}],"curies":[{"name":"wp","href":"https:\/\/api.w.org\/{rel}","templated":true}]}}