{"id":4598,"date":"2023-07-21T23:11:06","date_gmt":"2023-07-21T23:11:06","guid":{"rendered":"https:\/\/homebyvm.com\/produktas\/legowisko-dla-psa-i-kota-okragle\/"},"modified":"2024-12-23T13:32:55","modified_gmt":"2024-12-23T13:32:55","slug":"legowisko-dla-psa-i-kota-okragle","status":"publish","type":"product","link":"https:\/\/homebyvm.com\/lt\/produktas\/legowisko-dla-psa-i-kota-okragle\/","title":{"rendered":"Apvalus gultas \u0161unims ir kat\u0117ms"},"content":{"rendered":"<p>Apvalus \u0161uns gultas<br \/>\nVizualiai labai patrauklus 70 cm ilgio ir 15 cm auk\u0161\u010dio apvalus gultas idealiai tinka visiems ma\u017e\u0173 veisli\u0173 \u0161unims. Patogi ir mink\u0161ta pagalv\u0117l\u0117 su puikiai suformuotu viduriu u\u017etikrins patog\u0173 j\u016bs\u0173 augintinio poils\u012f tiek dien\u0105, tiek nakt\u012f. Esteti\u0161ka pagalv\u0117l\u0117 u\u017epildyta tankiomis polistireno granul\u0117mis, kurios puikiai izoliuoja nuo \u0161alt\u0173 grind\u0173, tod\u0117l apvali\u0105 \u0161un\u0173 lov\u0105 galima naudoti tiek namuose, kur ji harmoningai \u012fsilieja \u012f erdv\u0119, tiek sode.<br \/>\nLenk\u0173 gamintojo pufas buvo pasi\u016btas su did\u017eiausiu d\u0117mesiu detal\u0117ms. Vir\u0161utin\u0117 patogaus pufo dalis pasi\u016bta i\u0161 mink\u0161to ir malonaus liesti \u0161viesios spalvos audinio su netaisyklingais rudos spalvos ra\u0161tais, o \u0161okolado spalvos \u0161onus puo\u0161ia kontrastingos baltos spalvos \u0161uns letenos imitacija. Stabilus apvalus \u0161uns gultas gerai u\u017epildytas t\u016bkstan\u010diais polistireno kamuoliuk\u0173, kurie puikiai prisitaiko prie augintinio k\u016bno formos ir leid\u017eia jam gul\u0117ti nat\u016bralioje, nepriverstin\u0117je pad\u0117tyje.<\/p>","protected":false},"excerpt":{"rendered":"<p>Legowisko Dla Psa Okr\u0105g\u0142e Bardzo atrakcyjne wizualnie, okr\u0105g\u0142e legowisko o d\u0142ugo\u015bci 70 cm i wysoko\u015bci 15 cm jest idealne dla wszystkich ps\u00f3w ma\u0142ych ras. Wygodna i mi\u0119kka poducha z doskonale wyprofilowanym \u015brodkiem zapewni komfortowy odpoczynek Twojemu pupilowi zar\u00f3wno w dzie\u0144, jak i w nocy. Estetyczna poducha wype\u0142niona jest g\u0119stym, styropianowym granulatem, kt\u00f3ry doskonale izoluje od [&hellip;]<\/p>\n","protected":false},"featured_media":1851,"comment_status":"closed","ping_status":"open","template":"","meta":{"_kad_blocks_custom_css":"","_kad_blocks_head_custom_js":"","_kad_blocks_body_custom_js":"","_kad_blocks_footer_custom_js":""},"product_brand":[],"product_cat":[44],"product_tag":[],"class_list":{"0":"post-4598","1":"product","2":"type-product","3":"status-publish","4":"has-post-thumbnail","6":"product_cat-dla-psa-i-kota","7":"wcpa_has_options","9":"first","10":"instock","11":"purchasable","12":"product-type-simple"},"taxonomy_info":{"product_cat":[{"value":44,"label":"Dla psa i kota"}]},"featured_image_src_large":["https:\/\/homebyvm.com\/wp-content\/uploads\/2023\/05\/export-965-1024x1024.jpg",1024,1024,true],"author_info":[],"comment_info":0,"_links":{"self":[{"href":"https:\/\/homebyvm.com\/lt\/wp-json\/wp\/v2\/product\/4598","targetHints":{"allow":["GET"]}}],"collection":[{"href":"https:\/\/homebyvm.com\/lt\/wp-json\/wp\/v2\/product"}],"about":[{"href":"https:\/\/homebyvm.com\/lt\/wp-json\/wp\/v2\/types\/product"}],"replies":[{"embeddable":true,"href":"https:\/\/homebyvm.com\/lt\/wp-json\/wp\/v2\/comments?post=4598"}],"wp:featuredmedia":[{"embeddable":true,"href":"https:\/\/homebyvm.com\/lt\/wp-json\/wp\/v2\/media\/1851"}],"wp:attachment":[{"href":"https:\/\/homebyvm.com\/lt\/wp-json\/wp\/v2\/media?parent=4598"}],"wp:term":[{"taxonomy":"product_brand","embeddable":true,"href":"https:\/\/homebyvm.com\/lt\/wp-json\/wp\/v2\/product_brand?post=4598"},{"taxonomy":"product_cat","embeddable":true,"href":"https:\/\/homebyvm.com\/lt\/wp-json\/wp\/v2\/product_cat?post=4598"},{"taxonomy":"product_tag","embeddable":true,"href":"https:\/\/homebyvm.com\/lt\/wp-json\/wp\/v2\/product_tag?post=4598"}],"curies":[{"name":"wp","href":"https:\/\/api.w.org\/{rel}","templated":true}]}}