{"id":4599,"date":"2023-07-21T23:11:06","date_gmt":"2023-07-21T23:11:06","guid":{"rendered":"https:\/\/homebyvm.com\/produktas\/legowisko-dla-psa-i-kota-prostokatne\/"},"modified":"2026-01-01T15:35:52","modified_gmt":"2026-01-01T15:35:52","slug":"legowisko-dla-psa-i-kota-prostokatne","status":"publish","type":"product","link":"https:\/\/homebyvm.com\/lt\/produktas\/legowisko-dla-psa-i-kota-prostokatne\/","title":{"rendered":"\u0160un\u0173 ir ka\u010di\u0173 lova sta\u010diakampio formos"},"content":{"rendered":"<p>Sta\u010diakampio formos \u0161un\u0173 ir ka\u010di\u0173 sl\u0117ptuv\u0117<br \/>\nJei turite \u0161un\u012f ar kat\u0119 ir norite sukurti tobul\u0105 erdv\u0119 savo augintiniui, esteti\u0161ka sta\u010diakampio formos lova \u0161unims ir kat\u0117ms yra puikus sprendimas, kuris puikiai tiks bet kuriame j\u016bs\u0173 nam\u0173 kambaryje. Patogi pagalv\u0117l\u0117, pagaminta i\u0161 mink\u0161tos ir malonios liesti med\u017eiagos, u\u017etikrins poils\u012f dien\u0105 ir nakt\u012f, o 80 x 60 x 15 cm matmenys leis j\u016bs\u0173 \u0161uniui ar katei gul\u0117ti nat\u016bralioje pad\u0117tyje. Be to, paprastas ir esteti\u0161kas kraikas, u\u017epildytas polistireno granul\u0117mis, puikiai izoliuoja nuo \u0161altos \u017eem\u0117s.<br \/>\nSta\u010diakampio formos lova \u0161unims ir kat\u0117ms yra lenki\u0161kas gaminys, pagamintas tik i\u0161 auk\u0161tos kokyb\u0117s antialergin\u0117s med\u017eiagos. Paprasta, bet eleganti\u0161ka pagalv\u0117 turi dekoratyv\u0173 \u012fspaustos \u0161uns letenos ra\u0161t\u0105 ir yra \u012fvairi\u0173 spalv\u0173. Mink\u0161tas gultas nesideformuoja ilgai j\u012f naudojant. Ji pripildyta t\u016bkstan\u010diais polistireno kamuoliuk\u0173, kurie puikiai prisitaiko prie j\u016bs\u0173 augintinio k\u016bno formos ir suteikia jam kasdien reikaling\u0105 patog\u0173 poils\u012f. J\u016bs\u0173 augintiniui tikrai patiks!<\/p>","protected":false},"excerpt":{"rendered":"<p>Legowisko Dla Psa i Kota Prostok\u0105tne Je\u015bli masz psa lub kota, i chcesz stworzy\u0107 dla swojego pupila idealny skrawek przestrzeni, doskona\u0142ym rozwi\u0105zaniem b\u0119dzie estetyczne, prostok\u0105tne legowisko dla psa i kota, kt\u00f3re \u015bwietnie b\u0119dzie pasowa\u0107 do ka\u017cdego pomieszczenia w Twoim domu. Wygodna poducha wykonana z mi\u0119kkiego i przyjemnego w dotyku materia\u0142u zapewni relaks za dnia oraz [&hellip;]<\/p>\n","protected":false},"featured_media":1854,"comment_status":"closed","ping_status":"closed","template":"","meta":{"_kad_blocks_custom_css":"","_kad_blocks_head_custom_js":"","_kad_blocks_body_custom_js":"","_kad_blocks_footer_custom_js":""},"product_brand":[],"product_cat":[44],"product_tag":[],"class_list":{"0":"post-4599","1":"product","2":"type-product","3":"status-publish","4":"has-post-thumbnail","6":"product_cat-dla-psa-i-kota","7":"wcpa_has_options","9":"first","10":"instock","11":"featured","12":"purchasable","13":"product-type-simple"},"taxonomy_info":{"product_cat":[{"value":44,"label":"Dla psa i kota"}]},"featured_image_src_large":["https:\/\/homebyvm.com\/wp-content\/uploads\/2023\/05\/export-968-1024x1024.jpg",1024,1024,true],"author_info":[],"comment_info":0,"_links":{"self":[{"href":"https:\/\/homebyvm.com\/lt\/wp-json\/wp\/v2\/product\/4599","targetHints":{"allow":["GET"]}}],"collection":[{"href":"https:\/\/homebyvm.com\/lt\/wp-json\/wp\/v2\/product"}],"about":[{"href":"https:\/\/homebyvm.com\/lt\/wp-json\/wp\/v2\/types\/product"}],"replies":[{"embeddable":true,"href":"https:\/\/homebyvm.com\/lt\/wp-json\/wp\/v2\/comments?post=4599"}],"wp:featuredmedia":[{"embeddable":true,"href":"https:\/\/homebyvm.com\/lt\/wp-json\/wp\/v2\/media\/1854"}],"wp:attachment":[{"href":"https:\/\/homebyvm.com\/lt\/wp-json\/wp\/v2\/media?parent=4599"}],"wp:term":[{"taxonomy":"product_brand","embeddable":true,"href":"https:\/\/homebyvm.com\/lt\/wp-json\/wp\/v2\/product_brand?post=4599"},{"taxonomy":"product_cat","embeddable":true,"href":"https:\/\/homebyvm.com\/lt\/wp-json\/wp\/v2\/product_cat?post=4599"},{"taxonomy":"product_tag","embeddable":true,"href":"https:\/\/homebyvm.com\/lt\/wp-json\/wp\/v2\/product_tag?post=4599"}],"curies":[{"name":"wp","href":"https:\/\/api.w.org\/{rel}","templated":true}]}}