{"id":4603,"date":"2023-07-21T23:11:24","date_gmt":"2023-07-21T23:11:24","guid":{"rendered":"https:\/\/homebyvm.com\/produktas\/materac-piankowy\/"},"modified":"2024-12-23T13:32:59","modified_gmt":"2024-12-23T13:32:59","slug":"materac-piankowy","status":"publish","type":"product","link":"https:\/\/homebyvm.com\/lt\/produktas\/materac-piankowy\/","title":{"rendered":"Put\u0173 \u010diu\u017einys"},"content":{"rendered":"<p>Put\u0173 \u010diu\u017einys - tai m\u016bs\u0173 naujas produktas, skirtas poilsio lauke m\u0117g\u0117jams. Pagalv\u0117l\u0117 idealiai tinka sodo baldams, s\u016bpyn\u0117ms, terasos suoliukams ar rotango suoliukams. Naudodami m\u016bs\u0173 pagalv\u0117l\u0119 metalinius ar medinius suoliukus lengvai paversite stilingais gultais.<\/p>\n<p>Put\u0173 \u010diu\u017einys pagamintas itin kruop\u0161\u010diai. U\u017evalkalas pasi\u016btas i\u0161 auk\u0161tos kokyb\u0117s vandeniui atspari\u0173 audini\u0173. U\u017evalkal\u0105 galite lengvai nuimti ir i\u0161skalbti u\u017etrauktuku, tod\u0117l j\u016bs\u0173 s\u0117dimoji pagalv\u0117l\u0117 kiekvien\u0105 kart\u0105 bus tobula<\/p>","protected":false},"excerpt":{"rendered":"<p>Materac piankowy jest naszym nowym produktem wymy\u015blonym dla fan\u00f3w wypoczynku na \u015bwie\u017cym powietrzu. Poduszka idealnie nadaje sie na meble ogrodowe, hu\u015btawki, \u0142awki tarasowe b\u0105d\u017a rattanowe. Dzi\u0119ki u\u017cyciu naszej poduszki z \u0142atwo\u015bci\u0105 zamienisz metalowe lub drewniane \u0142awki w stylowe le\u017caki. Materac piankowy zosta\u0142 wykonany\u00a0 z najwi\u0119ksz\u0105 staranno\u015bci\u0105. Pokrowiec uszyty jest z wysokiej jako\u015bci wodoodpornych tkanin. Mo\u017cesz [&hellip;]<\/p>\n","protected":false},"featured_media":1866,"comment_status":"closed","ping_status":"closed","template":"","meta":{"_kad_blocks_custom_css":"","_kad_blocks_head_custom_js":"","_kad_blocks_body_custom_js":"","_kad_blocks_footer_custom_js":""},"product_brand":[],"product_cat":[46],"product_tag":[],"class_list":{"0":"post-4603","1":"product","2":"type-product","3":"status-publish","4":"has-post-thumbnail","6":"product_cat-dodatki","7":"wcpa_has_options","9":"first","10":"instock","11":"purchasable","12":"product-type-simple"},"taxonomy_info":{"product_cat":[{"value":46,"label":"Dodatki"}]},"featured_image_src_large":["https:\/\/homebyvm.com\/wp-content\/uploads\/2023\/05\/export-980-1024x1024.jpg",1024,1024,true],"author_info":[],"comment_info":0,"_links":{"self":[{"href":"https:\/\/homebyvm.com\/lt\/wp-json\/wp\/v2\/product\/4603","targetHints":{"allow":["GET"]}}],"collection":[{"href":"https:\/\/homebyvm.com\/lt\/wp-json\/wp\/v2\/product"}],"about":[{"href":"https:\/\/homebyvm.com\/lt\/wp-json\/wp\/v2\/types\/product"}],"replies":[{"embeddable":true,"href":"https:\/\/homebyvm.com\/lt\/wp-json\/wp\/v2\/comments?post=4603"}],"wp:featuredmedia":[{"embeddable":true,"href":"https:\/\/homebyvm.com\/lt\/wp-json\/wp\/v2\/media\/1866"}],"wp:attachment":[{"href":"https:\/\/homebyvm.com\/lt\/wp-json\/wp\/v2\/media?parent=4603"}],"wp:term":[{"taxonomy":"product_brand","embeddable":true,"href":"https:\/\/homebyvm.com\/lt\/wp-json\/wp\/v2\/product_brand?post=4603"},{"taxonomy":"product_cat","embeddable":true,"href":"https:\/\/homebyvm.com\/lt\/wp-json\/wp\/v2\/product_cat?post=4603"},{"taxonomy":"product_tag","embeddable":true,"href":"https:\/\/homebyvm.com\/lt\/wp-json\/wp\/v2\/product_tag?post=4603"}],"curies":[{"name":"wp","href":"https:\/\/api.w.org\/{rel}","templated":true}]}}