{"id":4604,"date":"2023-07-21T23:11:24","date_gmt":"2023-07-21T23:11:24","guid":{"rendered":"https:\/\/homebyvm.com\/produktas\/materac-piknikowy-52cm-x-190-cm\/"},"modified":"2024-12-23T13:33:03","modified_gmt":"2024-12-23T13:33:03","slug":"materac-piknikowy-52cm-x-190-cm","status":"publish","type":"product","link":"https:\/\/homebyvm.com\/lt\/produktas\/materac-piknikowy-52cm-x-190-cm\/","title":{"rendered":"Pikniko \u010diu\u017einys 52 cm x 190 cm"},"content":{"rendered":"<p>Pikniko \u010diu\u017einys buvo i\u0161rastas laisvalaikio lauke m\u0117g\u0117jams. Idealus pasirinkimas atostog\u0173 kelion\u0117ms. D\u0117l galimyb\u0117s sulankstyti \u012f mai\u0161elio format\u0105 jis yra kompakti\u0161kesnis ir lengviau ne\u0161iojamas. \u010ciu\u017einys pagamintas i\u0161 auk\u0161\u010diausios kokyb\u0117s med\u017eiagos. Jis atsparus vandeniui, nedegus ir antibakterinis.<br \/>\nBe to, j\u012f labai lengva valyti, jis turi \"Oeko Tex Standard 100\" sertifikat\u0105, o viduje yra putplastis, tod\u0117l ils\u0117damiesi jausite didel\u012f komfort\u0105.<br \/>\nMed\u017eiagos savyb\u0117s:<\/p>","protected":false},"excerpt":{"rendered":"<p>Materac piknikowy zosta\u0142 wymy\u015blony dla fan\u00f3w wypoczynku na \u015bwie\u017cym powietrzu. Idealny wyb\u00f3r na wakacyjne podr\u00f3\u017ce. Dzi\u0119ki mo\u017cliwo\u015bci z\u0142o\u017cenia do formatu torby jest bardziej kompaktowa i \u0142atwa w przenoszeniu. Materac zosta\u0142 wyprodukowany z materia\u0142u najwy\u017cszej jako\u015bci. Jest on wodoodporny, trudnopalny i antybakteryjny. Opr\u00f3cz tego jest bardzo \u0142atwy w utrzymaniu czysto\u015bci i posiada certyfikat Oeko Tex Standard [&hellip;]<\/p>\n","protected":false},"featured_media":1869,"comment_status":"closed","ping_status":"closed","template":"","meta":{"_kad_blocks_custom_css":"","_kad_blocks_head_custom_js":"","_kad_blocks_body_custom_js":"","_kad_blocks_footer_custom_js":""},"product_brand":[],"product_cat":[46],"product_tag":[],"class_list":{"0":"post-4604","1":"product","2":"type-product","3":"status-publish","4":"has-post-thumbnail","6":"product_cat-dodatki","7":"wcpa_has_options","9":"first","10":"outofstock","11":"purchasable","12":"product-type-simple"},"taxonomy_info":{"product_cat":[{"value":46,"label":"Dodatki"}]},"featured_image_src_large":["https:\/\/homebyvm.com\/wp-content\/uploads\/2023\/05\/export-983-1024x1024.jpg",1024,1024,true],"author_info":[],"comment_info":0,"_links":{"self":[{"href":"https:\/\/homebyvm.com\/lt\/wp-json\/wp\/v2\/product\/4604","targetHints":{"allow":["GET"]}}],"collection":[{"href":"https:\/\/homebyvm.com\/lt\/wp-json\/wp\/v2\/product"}],"about":[{"href":"https:\/\/homebyvm.com\/lt\/wp-json\/wp\/v2\/types\/product"}],"replies":[{"embeddable":true,"href":"https:\/\/homebyvm.com\/lt\/wp-json\/wp\/v2\/comments?post=4604"}],"wp:featuredmedia":[{"embeddable":true,"href":"https:\/\/homebyvm.com\/lt\/wp-json\/wp\/v2\/media\/1869"}],"wp:attachment":[{"href":"https:\/\/homebyvm.com\/lt\/wp-json\/wp\/v2\/media?parent=4604"}],"wp:term":[{"taxonomy":"product_brand","embeddable":true,"href":"https:\/\/homebyvm.com\/lt\/wp-json\/wp\/v2\/product_brand?post=4604"},{"taxonomy":"product_cat","embeddable":true,"href":"https:\/\/homebyvm.com\/lt\/wp-json\/wp\/v2\/product_cat?post=4604"},{"taxonomy":"product_tag","embeddable":true,"href":"https:\/\/homebyvm.com\/lt\/wp-json\/wp\/v2\/product_tag?post=4604"}],"curies":[{"name":"wp","href":"https:\/\/api.w.org\/{rel}","templated":true}]}}