{"id":4605,"date":"2023-07-21T23:11:24","date_gmt":"2023-07-21T23:11:24","guid":{"rendered":"https:\/\/homebyvm.com\/produktas\/materac-na-lezak-68-cm-x-190-cm\/"},"modified":"2024-12-23T13:33:03","modified_gmt":"2024-12-23T13:33:03","slug":"materac-na-lezak-68-cm-x-190-cm","status":"publish","type":"product","link":"https:\/\/homebyvm.com\/lt\/produktas\/materac-na-lezak-68-cm-x-190-cm\/","title":{"rendered":"\u0160ezlong\u0173 \u010diu\u017einys 68 cm x 190 cm"},"content":{"rendered":"<p>Ar svajojate apie tikrai atpalaiduojan\u010dias atostogas savo sode? \u0160is \u010diu\u017einys leis tai padaryti! Patogus ir prakti\u0161kas, jis puikiai tinka ant daugumos gult\u0173. Sodo audinys turi b\u016bti atsparus \u012fvairioms oro s\u0105lygoms. Nuo kaitrios saul\u0117s, v\u0117jo iki lietaus ir \u0161al\u010dio.<br \/>\n\"Kanaria\" audinys turi visus b\u016btinus patvirtinimus, \u012frodan\u010dius jo kokyb\u0119. Padarykite savo sodo gult\u0105 patogesn\u012f ir suteikite jam spalvingumo, naudodami \u0161i\u0105 pagalv\u0117l\u0119!<\/p>\n<p>Med\u017eiagos savyb\u0117s:<\/p>","protected":false},"excerpt":{"rendered":"<p>Marzysz o i\u015bcie wakacyjnym relaksie we w\u0142asnym ogrodzie? Dzi\u0119ki zakupie tego materaca to stanie sie mo\u017cliwe! Wygodny i praktyczny, idealnie pasuje do wi\u0119kszo\u015bci le\u017cak\u00f3w. Tkanina ogrodowa musi by\u0107 odporna na r\u00f3\u017cne warunki atmosferyczne. Od upalnego s\u0142o\u0144ca, przez wiatr, a\u017c po deszcz i mr\u00f3z. Tkanina Kanaria posiada wszystkie niezb\u0119dne atesty potwierdzaj\u0105ce jej jako\u015b\u0107. Spraw, aby Tw\u00f3j [&hellip;]<\/p>\n","protected":false},"featured_media":1872,"comment_status":"closed","ping_status":"closed","template":"","meta":{"_kad_blocks_custom_css":"","_kad_blocks_head_custom_js":"","_kad_blocks_body_custom_js":"","_kad_blocks_footer_custom_js":""},"product_brand":[],"product_cat":[46],"product_tag":[],"class_list":{"0":"post-4605","1":"product","2":"type-product","3":"status-publish","4":"has-post-thumbnail","6":"product_cat-dodatki","7":"wcpa_has_options","9":"first","10":"instock","11":"purchasable","12":"product-type-simple"},"taxonomy_info":{"product_cat":[{"value":46,"label":"Dodatki"}]},"featured_image_src_large":["https:\/\/homebyvm.com\/wp-content\/uploads\/2023\/05\/export-986-1024x1024.jpg",1024,1024,true],"author_info":[],"comment_info":0,"_links":{"self":[{"href":"https:\/\/homebyvm.com\/lt\/wp-json\/wp\/v2\/product\/4605","targetHints":{"allow":["GET"]}}],"collection":[{"href":"https:\/\/homebyvm.com\/lt\/wp-json\/wp\/v2\/product"}],"about":[{"href":"https:\/\/homebyvm.com\/lt\/wp-json\/wp\/v2\/types\/product"}],"replies":[{"embeddable":true,"href":"https:\/\/homebyvm.com\/lt\/wp-json\/wp\/v2\/comments?post=4605"}],"wp:featuredmedia":[{"embeddable":true,"href":"https:\/\/homebyvm.com\/lt\/wp-json\/wp\/v2\/media\/1872"}],"wp:attachment":[{"href":"https:\/\/homebyvm.com\/lt\/wp-json\/wp\/v2\/media?parent=4605"}],"wp:term":[{"taxonomy":"product_brand","embeddable":true,"href":"https:\/\/homebyvm.com\/lt\/wp-json\/wp\/v2\/product_brand?post=4605"},{"taxonomy":"product_cat","embeddable":true,"href":"https:\/\/homebyvm.com\/lt\/wp-json\/wp\/v2\/product_cat?post=4605"},{"taxonomy":"product_tag","embeddable":true,"href":"https:\/\/homebyvm.com\/lt\/wp-json\/wp\/v2\/product_tag?post=4605"}],"curies":[{"name":"wp","href":"https:\/\/api.w.org\/{rel}","templated":true}]}}